{"id":2809,"date":"2023-09-27T15:54:15","date_gmt":"2023-09-27T15:54:15","guid":{"rendered":"https:\/\/casaa-acsa.org\/historical-perspective\/"},"modified":"2023-09-27T15:55:21","modified_gmt":"2023-09-27T15:55:21","slug":"perspective-historique","status":"publish","type":"page","link":"https:\/\/casaa-acsa.org\/fr\/perspective-historique\/","title":{"rendered":"Perspective historique"},"content":{"rendered":"<section  id=\"section-69e5e2ec7bb61\" class=\"fw-main-row   auto \"  style=\"background-color:#69696e;  \"  >\r\n    <div >\r\n        <div class=\"fw-container sections\">\r\n\t\t\t<div class=\"fw-row\">\n\t\r\n\r\n\r\n<div id=\"column-69e5e2ec7bed7\" class=\"text-center  fw-col-sm-6      wow \" data-wow-offset=\"120\" data-wow-duration=\"1.5s\" style=\" background-image:url(http:\/\/casaaprod.wpengine.com\/wp-content\/uploads\/2020\/06\/video_parade_bg.jpg); background-repeat: no-repeat; background-position: left top; background-size: auto; \">\r\n        <div class=\"fw-main-row\"  style=\"height:555px;\">\r\n        <div class=\"fw-col-inner\"style=\"padding: 200px 0px 0px 0px; margin: 0px 0px 0px 0px;\">\r\n            \r\n\r\n    <div class=\"col-md-8 col-md-offset-2 self\">\r\n        <div class=\"bg-popup m-b-md\">\r\n                            <a class=\"mp-iframe\" href=\"https:\/\/player.vimeo.com\/video\/356225979\"><i class=\"fa fa-play-circle\"><\/i><\/a>\r\n                    <\/div>\r\n\r\n            <\/div>\r\n\r\n            <\/div>\r\n    <\/div>\r\n<\/div>\r\n\r\n\r\n<div id=\"column-69e5e2ec7c3f4\" class=\"text-left  fw-col-sm-6      wow \" data-wow-offset=\"120\" data-wow-duration=\"1.5s\" style=\"  color:#ffffff\">\r\n        <div class=\"fw-main-row\"  style=\"height:555px;background-color:#69696e;\">\r\n        <div class=\"fw-col-inner\"style=\"padding: 100px 30px 100px 30px; margin: 0px 0px 0px 0px;\">\r\n            \r\n<div class=\"fw-heading heading fw-heading-h5   \" style=\" color:\">\r\n        <div class=\"fw-special-title-half\"><h5 class='fw-special-title'>D\u00e9fil\u00e9 du Pr\u00e9sident \u00e0 l'\u00e9difice de l'Ouest<\/h5><\/div>\r\n\r\n        <div class=\"fw-special-subtitle-half\"><h2 class='fw-special-subtitle'>Perspective historique<\/h2><\/div>\r\n<\/div>\r\n\r\n\r\n\r\n<p><span class=\"ng-star-inserted\">Aucun autre poste n\u2019est plus \u00e9troitement li\u00e9 \u00e0 l\u2019histoire de la Chambre des communes que celui du Pr\u00e9sident.&nbsp;<\/span><span class=\"ng-star-inserted\">Le bureau remonte \u00e0 au moins 600 ans, presque jusqu\u2019aux tout d\u00e9buts du Parlement lui-m\u00eame.<\/span><\/p><p>https:\/\/www.ourcommons.ca\/About\/ProcedureAndPractice3rdEdition\/ch_07_1-e.html#7-1-5<\/p>        <\/div>\r\n    <\/div>\r\n<\/div><\/div>\n\n        <\/div>\r\n    <\/div>\r\n<\/section>\r\n\n","protected":false},"excerpt":{"rendered":"<p>D\u00e9fil\u00e9 du Pr\u00e9sident \u00e0 l&rsquo;\u00e9difice de l&rsquo;Ouest Perspective historique Aucun autre poste n\u2019est plus \u00e9troitement li\u00e9 \u00e0 l\u2019histoire de la Chambre des communes que celui du Pr\u00e9sident.&nbsp;Le bureau remonte \u00e0 au moins 600 ans, presque jusqu\u2019aux tout d\u00e9buts du Parlement lui-m\u00eame.https:\/\/www.ourcommons.ca\/About\/ProcedureAndPractice3rdEdition\/ch_07_1-e.html#7-1-5<\/p>\n","protected":false},"author":2,"featured_media":0,"parent":0,"menu_order":0,"comment_status":"closed","ping_status":"closed","template":"template\/template-full-width.php","meta":{"_acf_changed":false,"ngg_post_thumbnail":0,"footnotes":""},"class_list":["post-2809","page","type-page","status-publish","hentry"],"acf":[],"yoast_head":"<!-- This site is optimized with the Yoast SEO plugin v26.4 - https:\/\/yoast.com\/wordpress\/plugins\/seo\/ -->\n<title>Perspective historique - Canadian Association of Sergeants-at-Arms - Association canadienne des Sergents d&#039;armes<\/title>\n<meta name=\"robots\" content=\"index, follow, max-snippet:-1, max-image-preview:large, max-video-preview:-1\" \/>\n<link rel=\"canonical\" href=\"https:\/\/casaa-acsa.org\/fr\/perspective-historique\/\" \/>\n<meta property=\"og:locale\" content=\"fr_FR\" \/>\n<meta property=\"og:type\" content=\"article\" \/>\n<meta property=\"og:title\" content=\"Perspective historique - Canadian Association of Sergeants-at-Arms - Association canadienne des Sergents d&#039;armes\" \/>\n<meta property=\"og:description\" content=\"D\u00e9fil\u00e9 du Pr\u00e9sident \u00e0 l&#039;\u00e9difice de l&#039;Ouest Perspective historique Aucun autre poste n\u2019est plus \u00e9troitement li\u00e9 \u00e0 l\u2019histoire de la Chambre des communes que celui du Pr\u00e9sident.&nbsp;Le bureau remonte \u00e0 au moins 600 ans, presque jusqu\u2019aux tout d\u00e9buts du Parlement lui-m\u00eame.https:\/\/www.ourcommons.ca\/About\/ProcedureAndPractice3rdEdition\/ch_07_1-e.html#7-1-5\" \/>\n<meta property=\"og:url\" content=\"https:\/\/casaa-acsa.org\/fr\/perspective-historique\/\" \/>\n<meta property=\"og:site_name\" content=\"Canadian Association of Sergeants-at-Arms - Association canadienne des Sergents d&#039;armes\" \/>\n<meta property=\"article:modified_time\" content=\"2023-09-27T15:55:21+00:00\" \/>\n<meta name=\"twitter:card\" content=\"summary_large_image\" \/>\n<meta name=\"twitter:label1\" content=\"Dur\u00e9e de lecture estim\u00e9e\" \/>\n\t<meta name=\"twitter:data1\" content=\"1 minute\" \/>\n<script type=\"application\/ld+json\" class=\"yoast-schema-graph\">{\"@context\":\"https:\/\/schema.org\",\"@graph\":[{\"@type\":\"WebPage\",\"@id\":\"https:\/\/casaa-acsa.org\/fr\/perspective-historique\/\",\"url\":\"https:\/\/casaa-acsa.org\/fr\/perspective-historique\/\",\"name\":\"Perspective historique - Canadian Association of Sergeants-at-Arms - Association canadienne des Sergents d&#039;armes\",\"isPartOf\":{\"@id\":\"https:\/\/casaa-acsa.org\/#website\"},\"datePublished\":\"2023-09-27T15:54:15+00:00\",\"dateModified\":\"2023-09-27T15:55:21+00:00\",\"breadcrumb\":{\"@id\":\"https:\/\/casaa-acsa.org\/fr\/perspective-historique\/#breadcrumb\"},\"inLanguage\":\"fr-FR\",\"potentialAction\":[{\"@type\":\"ReadAction\",\"target\":[\"https:\/\/casaa-acsa.org\/fr\/perspective-historique\/\"]}]},{\"@type\":\"BreadcrumbList\",\"@id\":\"https:\/\/casaa-acsa.org\/fr\/perspective-historique\/#breadcrumb\",\"itemListElement\":[{\"@type\":\"ListItem\",\"position\":1,\"name\":\"Home\",\"item\":\"https:\/\/casaa-acsa.org\/fr\/\"},{\"@type\":\"ListItem\",\"position\":2,\"name\":\"Perspective historique\"}]},{\"@type\":\"WebSite\",\"@id\":\"https:\/\/casaa-acsa.org\/#website\",\"url\":\"https:\/\/casaa-acsa.org\/\",\"name\":\"Canadian Association of Sergeants-at-Arms - Association canadienne des Sergents d&#039;armes\",\"description\":\"\",\"potentialAction\":[{\"@type\":\"SearchAction\",\"target\":{\"@type\":\"EntryPoint\",\"urlTemplate\":\"https:\/\/casaa-acsa.org\/?s={search_term_string}\"},\"query-input\":{\"@type\":\"PropertyValueSpecification\",\"valueRequired\":true,\"valueName\":\"search_term_string\"}}],\"inLanguage\":\"fr-FR\"}]}<\/script>\n<!-- \/ Yoast SEO plugin. -->","yoast_head_json":{"title":"Perspective historique - Canadian Association of Sergeants-at-Arms - Association canadienne des Sergents d&#039;armes","robots":{"index":"index","follow":"follow","max-snippet":"max-snippet:-1","max-image-preview":"max-image-preview:large","max-video-preview":"max-video-preview:-1"},"canonical":"https:\/\/casaa-acsa.org\/fr\/perspective-historique\/","og_locale":"fr_FR","og_type":"article","og_title":"Perspective historique - Canadian Association of Sergeants-at-Arms - Association canadienne des Sergents d&#039;armes","og_description":"D\u00e9fil\u00e9 du Pr\u00e9sident \u00e0 l'\u00e9difice de l'Ouest Perspective historique Aucun autre poste n\u2019est plus \u00e9troitement li\u00e9 \u00e0 l\u2019histoire de la Chambre des communes que celui du Pr\u00e9sident.&nbsp;Le bureau remonte \u00e0 au moins 600 ans, presque jusqu\u2019aux tout d\u00e9buts du Parlement lui-m\u00eame.https:\/\/www.ourcommons.ca\/About\/ProcedureAndPractice3rdEdition\/ch_07_1-e.html#7-1-5","og_url":"https:\/\/casaa-acsa.org\/fr\/perspective-historique\/","og_site_name":"Canadian Association of Sergeants-at-Arms - Association canadienne des Sergents d&#039;armes","article_modified_time":"2023-09-27T15:55:21+00:00","twitter_card":"summary_large_image","twitter_misc":{"Dur\u00e9e de lecture estim\u00e9e":"1 minute"},"schema":{"@context":"https:\/\/schema.org","@graph":[{"@type":"WebPage","@id":"https:\/\/casaa-acsa.org\/fr\/perspective-historique\/","url":"https:\/\/casaa-acsa.org\/fr\/perspective-historique\/","name":"Perspective historique - Canadian Association of Sergeants-at-Arms - Association canadienne des Sergents d&#039;armes","isPartOf":{"@id":"https:\/\/casaa-acsa.org\/#website"},"datePublished":"2023-09-27T15:54:15+00:00","dateModified":"2023-09-27T15:55:21+00:00","breadcrumb":{"@id":"https:\/\/casaa-acsa.org\/fr\/perspective-historique\/#breadcrumb"},"inLanguage":"fr-FR","potentialAction":[{"@type":"ReadAction","target":["https:\/\/casaa-acsa.org\/fr\/perspective-historique\/"]}]},{"@type":"BreadcrumbList","@id":"https:\/\/casaa-acsa.org\/fr\/perspective-historique\/#breadcrumb","itemListElement":[{"@type":"ListItem","position":1,"name":"Home","item":"https:\/\/casaa-acsa.org\/fr\/"},{"@type":"ListItem","position":2,"name":"Perspective historique"}]},{"@type":"WebSite","@id":"https:\/\/casaa-acsa.org\/#website","url":"https:\/\/casaa-acsa.org\/","name":"Canadian Association of Sergeants-at-Arms - Association canadienne des Sergents d&#039;armes","description":"","potentialAction":[{"@type":"SearchAction","target":{"@type":"EntryPoint","urlTemplate":"https:\/\/casaa-acsa.org\/?s={search_term_string}"},"query-input":{"@type":"PropertyValueSpecification","valueRequired":true,"valueName":"search_term_string"}}],"inLanguage":"fr-FR"}]}},"_links":{"self":[{"href":"https:\/\/casaa-acsa.org\/fr\/wp-json\/wp\/v2\/pages\/2809","targetHints":{"allow":["GET"]}}],"collection":[{"href":"https:\/\/casaa-acsa.org\/fr\/wp-json\/wp\/v2\/pages"}],"about":[{"href":"https:\/\/casaa-acsa.org\/fr\/wp-json\/wp\/v2\/types\/page"}],"author":[{"embeddable":true,"href":"https:\/\/casaa-acsa.org\/fr\/wp-json\/wp\/v2\/users\/2"}],"replies":[{"embeddable":true,"href":"https:\/\/casaa-acsa.org\/fr\/wp-json\/wp\/v2\/comments?post=2809"}],"version-history":[{"count":0,"href":"https:\/\/casaa-acsa.org\/fr\/wp-json\/wp\/v2\/pages\/2809\/revisions"}],"wp:attachment":[{"href":"https:\/\/casaa-acsa.org\/fr\/wp-json\/wp\/v2\/media?parent=2809"}],"curies":[{"name":"wp","href":"https:\/\/api.w.org\/{rel}","templated":true}]}}