{"id":2805,"date":"2023-09-27T15:47:48","date_gmt":"2023-09-27T15:47:48","guid":{"rendered":"https:\/\/casaa-acsa.org\/election-of-the-speaker\/"},"modified":"2023-09-27T15:51:21","modified_gmt":"2023-09-27T15:51:21","slug":"election-du-president","status":"publish","type":"page","link":"https:\/\/casaa-acsa.org\/fr\/election-du-president\/","title":{"rendered":"\u00c9lection du Pr\u00e9sident"},"content":{"rendered":"<section  id=\"section-6a066f18d4a30\" class=\"fw-main-row   auto \"  style=\"  \"  >\r\n    <div >\r\n        <div class=\"fw-container sections\">\r\n\t\t\t<div class=\"fw-row\">\n\t\r\n\r\n\r\n<div id=\"column-6a066f18d4ca7\" class=\"text-left  fw-col-sm-6      wow \" data-wow-offset=\"120\" data-wow-duration=\"1.5s\" style=\"  color:#ffffff\">\r\n        <div class=\"fw-main-row\"  style=\"background-color:#69696e;\">\r\n        <div class=\"fw-col-inner\"style=\"padding: 100px 30px 100px 30px; margin: 0px 0px 0px 0px;\">\r\n            <p>Le sergent d\u2019armes est un haut fonctionnaire de la Chambre et joue divers r\u00f4les.&nbsp;Au sein de la Chambre, certaines de ces responsabilit\u00e9s sont de nature traditionnelle ou c\u00e9r\u00e9monielle.<\/p><p>Le sergent d\u2019armes (ou son adjoint) est assis \u00e0 un bureau devant le barreau du c\u00f4t\u00e9 de l\u2019opposition \u00e0 la Chambre.&nbsp;Le sergent d\u2019armes est le gardien de la masse (le personnel richement orn\u00e9 symbolisant l\u2019autorit\u00e9 du Pr\u00e9sident), qui repose sur le Bureau pendant les s\u00e9ances de la Chambre.<\/p><p>Le r\u00f4le c\u00e9r\u00e9monial du sergent d\u2019armes consiste \u00e0 accompagner le Pr\u00e9sident, \u00e0 titre de porteur de la masse, dans toutes les fonctions parlementaires. (par exemple, dans le d\u00e9fil\u00e9 escortant le Pr\u00e9sident \u00e0 la Chambre ou \u00e0 la Chambre du S\u00e9nat pour la lecture du discours du Tr\u00f4ne ou pour les c\u00e9r\u00e9monies de sanction royale).<\/p><p>Lorsqu\u2019il participe \u00e0 des c\u00e9r\u00e9monies et qu\u2019il assiste \u00e0 des s\u00e9ances de la Chambre, le sergent d\u2019armes est officiellement v\u00eatu d\u2019un gilet de sauvetage noir et d\u2019un chapeau arm\u00e9, d\u2019une \u00e9p\u00e9e signifiant l\u2019autorit\u00e9 de son poste.<\/p><p>R\u00e9f\u00e9rence : <a href=\"https:\/\/www.noscommunes.ca\/About\/ProcedureAndPractice3rdEdition\/ch_06_3-f.html\">La salle de s\u00e9ance de la Chambre des communes - Le cadre physique et administratif - La proc\u00e9dure et les usages de la Chambre des communes, Troisi\u00e8me \u00e9dition, 2017<\/a><\/p>        <\/div>\r\n    <\/div>\r\n<\/div>\r\n\r\n\r\n<div id=\"column-6a066f18d4e42\" class=\"text-left  fw-col-sm-6      wow \" data-wow-offset=\"120\" data-wow-duration=\"1.5s\" style=\"  \">\r\n        <div class=\"fw-main-row\"  style=\"\">\r\n        <div class=\"fw-col-inner\">\r\n            <div class=\"fw-single-image \" >\r\n\t\t    <img decoding=\"async\" src=\"\/\/casaaprod.wpengine.com\/wp-content\/uploads\/2020\/06\/video_parade_bg.jpg\" class=\"img-responsive self\" alt=\"\"  \/>\r\n\t<\/div><h4 class=\"m-t\">\u00c9lection du Pr\u00e9sident<\/h4><p>Le sergent d\u2019armes accueille l\u2019huissier du b\u00e2ton noir \u00e0 la porte nord.<\/p>        <\/div>\r\n    <\/div>\r\n<\/div><\/div>\n\n        <\/div>\r\n    <\/div>\r\n<\/section>\r\n\n","protected":false},"excerpt":{"rendered":"<p>Le sergent d\u2019armes est un haut fonctionnaire de la Chambre et joue divers r\u00f4les.&nbsp;Au sein de la Chambre, certaines de ces responsabilit\u00e9s sont de nature traditionnelle ou c\u00e9r\u00e9monielle.Le sergent d\u2019armes (ou son adjoint) est assis \u00e0 un bureau devant le barreau du c\u00f4t\u00e9 de l\u2019opposition \u00e0 la Chambre.&nbsp;Le sergent d\u2019armes est le gardien de la [&hellip;]<\/p>\n","protected":false},"author":2,"featured_media":0,"parent":0,"menu_order":0,"comment_status":"closed","ping_status":"closed","template":"template\/template-full-width.php","meta":{"_acf_changed":false,"ngg_post_thumbnail":0,"footnotes":""},"class_list":["post-2805","page","type-page","status-publish","hentry"],"acf":[],"yoast_head":"<!-- This site is optimized with the Yoast SEO plugin v26.4 - https:\/\/yoast.com\/wordpress\/plugins\/seo\/ -->\n<title>\u00c9lection du Pr\u00e9sident - Canadian Association of Sergeants-at-Arms - Association canadienne des Sergents d&#039;armes<\/title>\n<meta name=\"robots\" content=\"index, follow, max-snippet:-1, max-image-preview:large, max-video-preview:-1\" \/>\n<link rel=\"canonical\" href=\"https:\/\/casaa-acsa.org\/fr\/election-du-president\/\" \/>\n<meta property=\"og:locale\" content=\"fr_FR\" \/>\n<meta property=\"og:type\" content=\"article\" \/>\n<meta property=\"og:title\" content=\"\u00c9lection du Pr\u00e9sident - Canadian Association of Sergeants-at-Arms - Association canadienne des Sergents d&#039;armes\" \/>\n<meta property=\"og:description\" content=\"Le sergent d\u2019armes est un haut fonctionnaire de la Chambre et joue divers r\u00f4les.&nbsp;Au sein de la Chambre, certaines de ces responsabilit\u00e9s sont de nature traditionnelle ou c\u00e9r\u00e9monielle.Le sergent d\u2019armes (ou son adjoint) est assis \u00e0 un bureau devant le barreau du c\u00f4t\u00e9 de l\u2019opposition \u00e0 la Chambre.&nbsp;Le sergent d\u2019armes est le gardien de la [&hellip;]\" \/>\n<meta property=\"og:url\" content=\"https:\/\/casaa-acsa.org\/fr\/election-du-president\/\" \/>\n<meta property=\"og:site_name\" content=\"Canadian Association of Sergeants-at-Arms - Association canadienne des Sergents d&#039;armes\" \/>\n<meta property=\"article:modified_time\" content=\"2023-09-27T15:51:21+00:00\" \/>\n<meta name=\"twitter:card\" content=\"summary_large_image\" \/>\n<meta name=\"twitter:label1\" content=\"Dur\u00e9e de lecture estim\u00e9e\" \/>\n\t<meta name=\"twitter:data1\" content=\"2 minutes\" \/>\n<script type=\"application\/ld+json\" class=\"yoast-schema-graph\">{\"@context\":\"https:\/\/schema.org\",\"@graph\":[{\"@type\":\"WebPage\",\"@id\":\"https:\/\/casaa-acsa.org\/fr\/election-du-president\/\",\"url\":\"https:\/\/casaa-acsa.org\/fr\/election-du-president\/\",\"name\":\"\u00c9lection du Pr\u00e9sident - Canadian Association of Sergeants-at-Arms - Association canadienne des Sergents d&#039;armes\",\"isPartOf\":{\"@id\":\"https:\/\/casaa-acsa.org\/#website\"},\"datePublished\":\"2023-09-27T15:47:48+00:00\",\"dateModified\":\"2023-09-27T15:51:21+00:00\",\"breadcrumb\":{\"@id\":\"https:\/\/casaa-acsa.org\/fr\/election-du-president\/#breadcrumb\"},\"inLanguage\":\"fr-FR\",\"potentialAction\":[{\"@type\":\"ReadAction\",\"target\":[\"https:\/\/casaa-acsa.org\/fr\/election-du-president\/\"]}]},{\"@type\":\"BreadcrumbList\",\"@id\":\"https:\/\/casaa-acsa.org\/fr\/election-du-president\/#breadcrumb\",\"itemListElement\":[{\"@type\":\"ListItem\",\"position\":1,\"name\":\"Home\",\"item\":\"https:\/\/casaa-acsa.org\/fr\/\"},{\"@type\":\"ListItem\",\"position\":2,\"name\":\"\u00c9lection du Pr\u00e9sident\"}]},{\"@type\":\"WebSite\",\"@id\":\"https:\/\/casaa-acsa.org\/#website\",\"url\":\"https:\/\/casaa-acsa.org\/\",\"name\":\"Canadian Association of Sergeants-at-Arms - Association canadienne des Sergents d&#039;armes\",\"description\":\"\",\"potentialAction\":[{\"@type\":\"SearchAction\",\"target\":{\"@type\":\"EntryPoint\",\"urlTemplate\":\"https:\/\/casaa-acsa.org\/?s={search_term_string}\"},\"query-input\":{\"@type\":\"PropertyValueSpecification\",\"valueRequired\":true,\"valueName\":\"search_term_string\"}}],\"inLanguage\":\"fr-FR\"}]}<\/script>\n<!-- \/ Yoast SEO plugin. -->","yoast_head_json":{"title":"\u00c9lection du Pr\u00e9sident - Canadian Association of Sergeants-at-Arms - Association canadienne des Sergents d&#039;armes","robots":{"index":"index","follow":"follow","max-snippet":"max-snippet:-1","max-image-preview":"max-image-preview:large","max-video-preview":"max-video-preview:-1"},"canonical":"https:\/\/casaa-acsa.org\/fr\/election-du-president\/","og_locale":"fr_FR","og_type":"article","og_title":"\u00c9lection du Pr\u00e9sident - Canadian Association of Sergeants-at-Arms - Association canadienne des Sergents d&#039;armes","og_description":"Le sergent d\u2019armes est un haut fonctionnaire de la Chambre et joue divers r\u00f4les.&nbsp;Au sein de la Chambre, certaines de ces responsabilit\u00e9s sont de nature traditionnelle ou c\u00e9r\u00e9monielle.Le sergent d\u2019armes (ou son adjoint) est assis \u00e0 un bureau devant le barreau du c\u00f4t\u00e9 de l\u2019opposition \u00e0 la Chambre.&nbsp;Le sergent d\u2019armes est le gardien de la [&hellip;]","og_url":"https:\/\/casaa-acsa.org\/fr\/election-du-president\/","og_site_name":"Canadian Association of Sergeants-at-Arms - Association canadienne des Sergents d&#039;armes","article_modified_time":"2023-09-27T15:51:21+00:00","twitter_card":"summary_large_image","twitter_misc":{"Dur\u00e9e de lecture estim\u00e9e":"2 minutes"},"schema":{"@context":"https:\/\/schema.org","@graph":[{"@type":"WebPage","@id":"https:\/\/casaa-acsa.org\/fr\/election-du-president\/","url":"https:\/\/casaa-acsa.org\/fr\/election-du-president\/","name":"\u00c9lection du Pr\u00e9sident - Canadian Association of Sergeants-at-Arms - Association canadienne des Sergents d&#039;armes","isPartOf":{"@id":"https:\/\/casaa-acsa.org\/#website"},"datePublished":"2023-09-27T15:47:48+00:00","dateModified":"2023-09-27T15:51:21+00:00","breadcrumb":{"@id":"https:\/\/casaa-acsa.org\/fr\/election-du-president\/#breadcrumb"},"inLanguage":"fr-FR","potentialAction":[{"@type":"ReadAction","target":["https:\/\/casaa-acsa.org\/fr\/election-du-president\/"]}]},{"@type":"BreadcrumbList","@id":"https:\/\/casaa-acsa.org\/fr\/election-du-president\/#breadcrumb","itemListElement":[{"@type":"ListItem","position":1,"name":"Home","item":"https:\/\/casaa-acsa.org\/fr\/"},{"@type":"ListItem","position":2,"name":"\u00c9lection du Pr\u00e9sident"}]},{"@type":"WebSite","@id":"https:\/\/casaa-acsa.org\/#website","url":"https:\/\/casaa-acsa.org\/","name":"Canadian Association of Sergeants-at-Arms - Association canadienne des Sergents d&#039;armes","description":"","potentialAction":[{"@type":"SearchAction","target":{"@type":"EntryPoint","urlTemplate":"https:\/\/casaa-acsa.org\/?s={search_term_string}"},"query-input":{"@type":"PropertyValueSpecification","valueRequired":true,"valueName":"search_term_string"}}],"inLanguage":"fr-FR"}]}},"_links":{"self":[{"href":"https:\/\/casaa-acsa.org\/fr\/wp-json\/wp\/v2\/pages\/2805","targetHints":{"allow":["GET"]}}],"collection":[{"href":"https:\/\/casaa-acsa.org\/fr\/wp-json\/wp\/v2\/pages"}],"about":[{"href":"https:\/\/casaa-acsa.org\/fr\/wp-json\/wp\/v2\/types\/page"}],"author":[{"embeddable":true,"href":"https:\/\/casaa-acsa.org\/fr\/wp-json\/wp\/v2\/users\/2"}],"replies":[{"embeddable":true,"href":"https:\/\/casaa-acsa.org\/fr\/wp-json\/wp\/v2\/comments?post=2805"}],"version-history":[{"count":0,"href":"https:\/\/casaa-acsa.org\/fr\/wp-json\/wp\/v2\/pages\/2805\/revisions"}],"wp:attachment":[{"href":"https:\/\/casaa-acsa.org\/fr\/wp-json\/wp\/v2\/media?parent=2805"}],"curies":[{"name":"wp","href":"https:\/\/api.w.org\/{rel}","templated":true}]}}