{"id":2801,"date":"2023-09-27T15:23:54","date_gmt":"2023-09-27T15:23:54","guid":{"rendered":"https:\/\/casaa-acsa.org\/the-memorial-chamber-parliament-hill-ottawa\/"},"modified":"2023-09-27T15:29:56","modified_gmt":"2023-09-27T15:29:56","slug":"la-chapelle-du-souvenir-colline-du-parlement-ottawa","status":"publish","type":"page","link":"https:\/\/casaa-acsa.org\/fr\/la-chapelle-du-souvenir-colline-du-parlement-ottawa\/","title":{"rendered":"La Chapelle du Souvenir, Colline du Parlement, Ottawa"},"content":{"rendered":"<section  id=\"section-69ec955e2e287\" class=\"fw-main-row   auto \"  style=\"  \"  >\r\n    <div >\r\n        <div class=\"fw-container sections\">\r\n\t\t\t<div class=\"fw-row\">\n\t\r\n\r\n\r\n<div id=\"column-69ec955e2e4f5\" class=\"text-left  fw-col-sm-6      wow \" data-wow-offset=\"120\" data-wow-duration=\"1.5s\" style=\"  \">\r\n        <div class=\"fw-main-row\"  style=\"\">\r\n        <div class=\"fw-col-inner\">\r\n            <div class=\"fw-single-image \" >\r\n\t\t    <img decoding=\"async\" src=\"\/\/casaaprod.wpengine.com\/wp-content\/uploads\/2020\/05\/HOC-2018-CB-MC-BT-059-MC-1-scaled-e1589314264507.jpg\" class=\"img-responsive self\" alt=\"\"  \/>\r\n\t<\/div>        <\/div>\r\n    <\/div>\r\n<\/div>\r\n\r\n\r\n<div id=\"column-69ec955e2e6a8\" class=\"text-left  fw-col-sm-6      wow \" data-wow-offset=\"120\" data-wow-duration=\"1.5s\" style=\"  color:#ffffff\">\r\n        <div class=\"fw-main-row\"  style=\"height:555px;background-color:#69696e;\">\r\n        <div class=\"fw-col-inner\"style=\"padding: 100px 30px 100px 30px; margin: 0px 0px 0px 0px;\">\r\n            \r\n<div class=\"fw-heading heading fw-heading-h4   \" style=\" color:\">\r\n        <div class=\"fw-special-title-half\"><h4 class='fw-special-title'>La Chapelle du Souvenir, Colline du Parlement, Ottawa<\/h4><\/div>\r\n\r\n        <div class=\"fw-special-subtitle-half\"><h5 class='fw-special-subtitle'><\/h5><\/div>\r\n<\/div>\r\n\r\n\r\n\r\n<p>Parmi les nombreuses responsabilit\u00e9s du sergent d\u2019armes, il y a une grande fiert\u00e9 d\u2019\u00eatre le gardien des <a href=\"https:\/\/www.veterans.gc.ca\/fra\/remembrance\/memorials\/books\">Livres du Souvenir<\/a>, situ\u00e9s dans la Chapelle du Souvenir. sur la Colline du Parlement, ce programme vise \u00e0 rendre hommage aux militaires qui ont fait le sacrifice ultime au service de notre pays.<\/p><p>*En raison de la r\u00e9habilitation en cours de la Colline du Parlement, les <a href=\"https:\/\/www.veterans.gc.ca\/fra\/remembrance\/memorials\/books\">Livres du Souvenir<\/a> ont \u00e9t\u00e9 temporairement d\u00e9plac\u00e9s dans la Salle du Souvenir du Centre d\u2019accueil des visiteurs.<\/p>\r\n\r\n\r\n\r\n\r\n    <div class=\"text-left\"> \r\n    \r\n        <a target=\"_self\" href=\"\/fr\/a-propos-de-nous\/\" class=\"btn btn-sm btn-self btn-ghost text-uppercase\">  En savoir plus<\/a>\r\n        <\/div>\r\n        <\/div>\r\n    <\/div>\r\n<\/div><\/div>\n\n        <\/div>\r\n    <\/div>\r\n<\/section>\r\n\n","protected":false},"excerpt":{"rendered":"<p>La Chapelle du Souvenir, Colline du Parlement, Ottawa Parmi les nombreuses responsabilit\u00e9s du sergent d\u2019armes, il y a une grande fiert\u00e9 d\u2019\u00eatre le gardien des Livres du Souvenir, situ\u00e9s dans la Chapelle du Souvenir. sur la Colline du Parlement, ce programme vise \u00e0 rendre hommage aux militaires qui ont fait le sacrifice ultime au service [&hellip;]<\/p>\n","protected":false},"author":2,"featured_media":0,"parent":0,"menu_order":0,"comment_status":"closed","ping_status":"closed","template":"template\/template-full-width.php","meta":{"_acf_changed":false,"ngg_post_thumbnail":0,"footnotes":""},"class_list":["post-2801","page","type-page","status-publish","hentry"],"acf":[],"yoast_head":"<!-- This site is optimized with the Yoast SEO plugin v26.4 - https:\/\/yoast.com\/wordpress\/plugins\/seo\/ -->\n<title>La Chapelle du Souvenir, Colline du Parlement, Ottawa - Canadian Association of Sergeants-at-Arms - Association canadienne des Sergents d&#039;armes<\/title>\n<meta name=\"robots\" content=\"index, follow, max-snippet:-1, max-image-preview:large, max-video-preview:-1\" \/>\n<link rel=\"canonical\" href=\"https:\/\/casaa-acsa.org\/fr\/la-chapelle-du-souvenir-colline-du-parlement-ottawa\/\" \/>\n<meta property=\"og:locale\" content=\"fr_FR\" \/>\n<meta property=\"og:type\" content=\"article\" \/>\n<meta property=\"og:title\" content=\"La Chapelle du Souvenir, Colline du Parlement, Ottawa - Canadian Association of Sergeants-at-Arms - Association canadienne des Sergents d&#039;armes\" \/>\n<meta property=\"og:description\" content=\"La Chapelle du Souvenir, Colline du Parlement, Ottawa Parmi les nombreuses responsabilit\u00e9s du sergent d\u2019armes, il y a une grande fiert\u00e9 d\u2019\u00eatre le gardien des Livres du Souvenir, situ\u00e9s dans la Chapelle du Souvenir. sur la Colline du Parlement, ce programme vise \u00e0 rendre hommage aux militaires qui ont fait le sacrifice ultime au service [&hellip;]\" \/>\n<meta property=\"og:url\" content=\"https:\/\/casaa-acsa.org\/fr\/la-chapelle-du-souvenir-colline-du-parlement-ottawa\/\" \/>\n<meta property=\"og:site_name\" content=\"Canadian Association of Sergeants-at-Arms - Association canadienne des Sergents d&#039;armes\" \/>\n<meta property=\"article:modified_time\" content=\"2023-09-27T15:29:56+00:00\" \/>\n<meta name=\"twitter:card\" content=\"summary_large_image\" \/>\n<meta name=\"twitter:label1\" content=\"Dur\u00e9e de lecture estim\u00e9e\" \/>\n\t<meta name=\"twitter:data1\" content=\"1 minute\" \/>\n<script type=\"application\/ld+json\" class=\"yoast-schema-graph\">{\"@context\":\"https:\/\/schema.org\",\"@graph\":[{\"@type\":\"WebPage\",\"@id\":\"https:\/\/casaa-acsa.org\/fr\/la-chapelle-du-souvenir-colline-du-parlement-ottawa\/\",\"url\":\"https:\/\/casaa-acsa.org\/fr\/la-chapelle-du-souvenir-colline-du-parlement-ottawa\/\",\"name\":\"La Chapelle du Souvenir, Colline du Parlement, Ottawa - Canadian Association of Sergeants-at-Arms - Association canadienne des Sergents d&#039;armes\",\"isPartOf\":{\"@id\":\"https:\/\/casaa-acsa.org\/#website\"},\"datePublished\":\"2023-09-27T15:23:54+00:00\",\"dateModified\":\"2023-09-27T15:29:56+00:00\",\"breadcrumb\":{\"@id\":\"https:\/\/casaa-acsa.org\/fr\/la-chapelle-du-souvenir-colline-du-parlement-ottawa\/#breadcrumb\"},\"inLanguage\":\"fr-FR\",\"potentialAction\":[{\"@type\":\"ReadAction\",\"target\":[\"https:\/\/casaa-acsa.org\/fr\/la-chapelle-du-souvenir-colline-du-parlement-ottawa\/\"]}]},{\"@type\":\"BreadcrumbList\",\"@id\":\"https:\/\/casaa-acsa.org\/fr\/la-chapelle-du-souvenir-colline-du-parlement-ottawa\/#breadcrumb\",\"itemListElement\":[{\"@type\":\"ListItem\",\"position\":1,\"name\":\"Home\",\"item\":\"https:\/\/casaa-acsa.org\/fr\/\"},{\"@type\":\"ListItem\",\"position\":2,\"name\":\"La Chapelle du Souvenir, Colline du Parlement, Ottawa\"}]},{\"@type\":\"WebSite\",\"@id\":\"https:\/\/casaa-acsa.org\/#website\",\"url\":\"https:\/\/casaa-acsa.org\/\",\"name\":\"Canadian Association of Sergeants-at-Arms - Association canadienne des Sergents d&#039;armes\",\"description\":\"\",\"potentialAction\":[{\"@type\":\"SearchAction\",\"target\":{\"@type\":\"EntryPoint\",\"urlTemplate\":\"https:\/\/casaa-acsa.org\/?s={search_term_string}\"},\"query-input\":{\"@type\":\"PropertyValueSpecification\",\"valueRequired\":true,\"valueName\":\"search_term_string\"}}],\"inLanguage\":\"fr-FR\"}]}<\/script>\n<!-- \/ Yoast SEO plugin. -->","yoast_head_json":{"title":"La Chapelle du Souvenir, Colline du Parlement, Ottawa - Canadian Association of Sergeants-at-Arms - Association canadienne des Sergents d&#039;armes","robots":{"index":"index","follow":"follow","max-snippet":"max-snippet:-1","max-image-preview":"max-image-preview:large","max-video-preview":"max-video-preview:-1"},"canonical":"https:\/\/casaa-acsa.org\/fr\/la-chapelle-du-souvenir-colline-du-parlement-ottawa\/","og_locale":"fr_FR","og_type":"article","og_title":"La Chapelle du Souvenir, Colline du Parlement, Ottawa - Canadian Association of Sergeants-at-Arms - Association canadienne des Sergents d&#039;armes","og_description":"La Chapelle du Souvenir, Colline du Parlement, Ottawa Parmi les nombreuses responsabilit\u00e9s du sergent d\u2019armes, il y a une grande fiert\u00e9 d\u2019\u00eatre le gardien des Livres du Souvenir, situ\u00e9s dans la Chapelle du Souvenir. sur la Colline du Parlement, ce programme vise \u00e0 rendre hommage aux militaires qui ont fait le sacrifice ultime au service [&hellip;]","og_url":"https:\/\/casaa-acsa.org\/fr\/la-chapelle-du-souvenir-colline-du-parlement-ottawa\/","og_site_name":"Canadian Association of Sergeants-at-Arms - Association canadienne des Sergents d&#039;armes","article_modified_time":"2023-09-27T15:29:56+00:00","twitter_card":"summary_large_image","twitter_misc":{"Dur\u00e9e de lecture estim\u00e9e":"1 minute"},"schema":{"@context":"https:\/\/schema.org","@graph":[{"@type":"WebPage","@id":"https:\/\/casaa-acsa.org\/fr\/la-chapelle-du-souvenir-colline-du-parlement-ottawa\/","url":"https:\/\/casaa-acsa.org\/fr\/la-chapelle-du-souvenir-colline-du-parlement-ottawa\/","name":"La Chapelle du Souvenir, Colline du Parlement, Ottawa - Canadian Association of Sergeants-at-Arms - Association canadienne des Sergents d&#039;armes","isPartOf":{"@id":"https:\/\/casaa-acsa.org\/#website"},"datePublished":"2023-09-27T15:23:54+00:00","dateModified":"2023-09-27T15:29:56+00:00","breadcrumb":{"@id":"https:\/\/casaa-acsa.org\/fr\/la-chapelle-du-souvenir-colline-du-parlement-ottawa\/#breadcrumb"},"inLanguage":"fr-FR","potentialAction":[{"@type":"ReadAction","target":["https:\/\/casaa-acsa.org\/fr\/la-chapelle-du-souvenir-colline-du-parlement-ottawa\/"]}]},{"@type":"BreadcrumbList","@id":"https:\/\/casaa-acsa.org\/fr\/la-chapelle-du-souvenir-colline-du-parlement-ottawa\/#breadcrumb","itemListElement":[{"@type":"ListItem","position":1,"name":"Home","item":"https:\/\/casaa-acsa.org\/fr\/"},{"@type":"ListItem","position":2,"name":"La Chapelle du Souvenir, Colline du Parlement, Ottawa"}]},{"@type":"WebSite","@id":"https:\/\/casaa-acsa.org\/#website","url":"https:\/\/casaa-acsa.org\/","name":"Canadian Association of Sergeants-at-Arms - Association canadienne des Sergents d&#039;armes","description":"","potentialAction":[{"@type":"SearchAction","target":{"@type":"EntryPoint","urlTemplate":"https:\/\/casaa-acsa.org\/?s={search_term_string}"},"query-input":{"@type":"PropertyValueSpecification","valueRequired":true,"valueName":"search_term_string"}}],"inLanguage":"fr-FR"}]}},"_links":{"self":[{"href":"https:\/\/casaa-acsa.org\/fr\/wp-json\/wp\/v2\/pages\/2801","targetHints":{"allow":["GET"]}}],"collection":[{"href":"https:\/\/casaa-acsa.org\/fr\/wp-json\/wp\/v2\/pages"}],"about":[{"href":"https:\/\/casaa-acsa.org\/fr\/wp-json\/wp\/v2\/types\/page"}],"author":[{"embeddable":true,"href":"https:\/\/casaa-acsa.org\/fr\/wp-json\/wp\/v2\/users\/2"}],"replies":[{"embeddable":true,"href":"https:\/\/casaa-acsa.org\/fr\/wp-json\/wp\/v2\/comments?post=2801"}],"version-history":[{"count":0,"href":"https:\/\/casaa-acsa.org\/fr\/wp-json\/wp\/v2\/pages\/2801\/revisions"}],"wp:attachment":[{"href":"https:\/\/casaa-acsa.org\/fr\/wp-json\/wp\/v2\/media?parent=2801"}],"curies":[{"name":"wp","href":"https:\/\/api.w.org\/{rel}","templated":true}]}}