{"id":2662,"date":"2021-11-09T19:44:17","date_gmt":"2021-11-09T19:44:17","guid":{"rendered":"https:\/\/casaaprod.wpengine.com\/objets-de-ceremonie-sa\/prince-edward-island\/"},"modified":"2021-11-16T15:17:06","modified_gmt":"2021-11-16T15:17:06","slug":"ile-du-prince-edouard","status":"publish","type":"page","link":"https:\/\/casaa-acsa.org\/fr\/sa-histoire\/ile-du-prince-edouard\/","title":{"rendered":"\u00cele-du-Prince-\u00c9douard"},"content":{"rendered":"<p><section  id=\"section-69e2f70ae5ee7\" class=\"fw-main-row   auto \"  style=\"background-color:#69696e;  \"  >\r\n    <div >\r\n        <div class=\"fw-container min-spacing\">\r\n\t\t\t<div class=\"fw-row\">\n\t\r\n\r\n\r\n<div id=\"column-69e2f70ae624d\" class=\"none  fw-col-sm-12      wow \" data-wow-offset=\"120\" data-wow-duration=\"1.5s\" style=\"  \">\r\n        <div class=\"fw-main-row\"  style=\"\">\r\n        <div class=\"fw-col-inner\">\r\n            \r\n<div class=\"fw-heading heading fw-heading-h2   \" style=\" color:#ffffff\">\r\n        <div class=\"fw-special-title-half\"><h2 class='fw-special-title'>Masse<\/h2><\/div>\r\n\r\n        <div class=\"fw-special-subtitle-half\"><h3 class='fw-special-subtitle'><\/h3><\/div>\r\n<\/div>\r\n\r\n\r\n\r\n        <\/div>\r\n    <\/div>\r\n<\/div><\/div>\n\n<div class=\"fw-row\">\n\t\r\n\r\n\r\n<div id=\"column-69e2f70ae65a7\" class=\"text-left  fw-col-sm-6      wow \" data-wow-offset=\"120\" data-wow-duration=\"1.5s\" style=\"  \">\r\n        <div class=\"fw-main-row\"  style=\"\">\r\n        <div class=\"fw-col-inner\">\r\n            <div class=\"fw-single-image \" >\r\n\t\t    <img decoding=\"async\" src=\"\/\/casaaprod.wpengine.com\/wp-content\/uploads\/2021\/11\/Mace-left-to-right-grey-background.jpg\" class=\"img-responsive self\" alt=\"\"  \/>\r\n\t<\/div>        <\/div>\r\n    <\/div>\r\n<\/div>\r\n\r\n\r\n<div id=\"column-69e2f70ae67ec\" class=\"text-left  fw-col-sm-3      wow \" data-wow-offset=\"120\" data-wow-duration=\"1.5s\" style=\"  color:#ffffff\">\r\n        <div class=\"fw-main-row\"  style=\"\">\r\n        <div class=\"fw-col-inner\">\r\n            <h3 style=\"font-size: 24px;\">Nom de l'objet<\/h3><p>Masse<\/p><h3 style=\"font-size: 24px;\">Artiste\/Artisan<\/h3><p>Henry Birks and Sons Ltd.<\/p>        <\/div>\r\n    <\/div>\r\n<\/div>\r\n\r\n\r\n<div id=\"column-69e2f70ae69c4\" class=\"text-left  fw-col-sm-3      wow \" data-wow-offset=\"120\" data-wow-duration=\"1.5s\" style=\"  color:#ffffff\">\r\n        <div class=\"fw-main-row\"  style=\"\">\r\n        <div class=\"fw-col-inner\">\r\n            <h3 style=\"font-size: 24px;\">Date<\/h3><p>1966<\/p><h3 style=\"font-size: 24px;\">Mat\u00e9riaux<\/h3><p>Argent plaqu\u00e9 d'or<\/p><h3 style=\"font-size: 24px;\">Dimensions<\/h3><p>137,16cm (10livres)<\/p>        <\/div>\r\n    <\/div>\r\n<\/div><\/div>\n\n<div class=\"fw-row\">\n\t\r\n\r\n\r\n<div id=\"column-69e2f70ae6c46\" class=\"none  fw-col-sm-12      wow \" data-wow-offset=\"120\" data-wow-duration=\"1.5s\" style=\"  \">\r\n        <div class=\"fw-main-row\"  style=\"\">\r\n        <div class=\"fw-col-inner\">\r\n            <p style=\"text-align: center;color: #ffffff;\">Reference: <a href=\"http:\/\/www.revparlcan.ca\/en\/vol40-no4-know-your-mace-prince-edward-island\/\">http:\/\/www.revparlcan.ca\/en\/vol40-no4-know-your-mace-prince-edward-island\/<\/a> & <a href=\"https:\/\/www.assembly.pe.ca\/symbols-of-the-legislative-assembly\">https:\/\/www.assembly.pe.ca\/symbols-of-the-legislative-assembly<\/a><\/p>        <\/div>\r\n    <\/div>\r\n<\/div><\/div>\n\n        <\/div>\r\n    <\/div>\r\n<\/section>\r\n<section  id=\"section-69e2f70ae6e1c\" class=\"fw-main-row   auto \"  style=\"background-color:#2e8b57;  \"  >\r\n    <div >\r\n        <div class=\"fw-container sections\">\r\n\t\t\t<div class=\"fw-row\">\n\t\r\n\r\n\r\n<div id=\"column-69e2f70ae6fce\" class=\"none  fw-col-sm-12      wow \" data-wow-offset=\"120\" data-wow-duration=\"1.5s\" style=\"  \">\r\n        <div class=\"fw-main-row\"  style=\"\">\r\n        <div class=\"fw-col-inner\">\r\n            \r\n<div class=\"fw-heading heading fw-heading-h2   \" style=\" color:#ffffff\">\r\n        <div class=\"fw-special-title-half\"><h2 class='fw-special-title'>B\u00e2ton noir<\/h2><\/div>\r\n\r\n        <div class=\"fw-special-subtitle-half\"><h3 class='fw-special-subtitle'><\/h3><\/div>\r\n<\/div>\r\n\r\n\r\n\r\n        <\/div>\r\n    <\/div>\r\n<\/div><\/div>\n\n<div class=\"fw-row\">\n\t\r\n\r\n\r\n<div id=\"column-69e2f70ae722e\" class=\"text-left  fw-col-sm-3      wow \" data-wow-offset=\"120\" data-wow-duration=\"1.5s\" style=\"  color:#ffffff\">\r\n        <div class=\"fw-main-row\"  style=\"\">\r\n        <div class=\"fw-col-inner\">\r\n            <h3 style=\"font-size: 24px;\">Nom de l'objet<\/h3><p>B\u00e2ton noir<\/p><h3 style=\"font-size: 24px;\">Artiste\/Artisan<\/h3><p>Lloyd Kerry\u2019s Woodworking<\/p>        <\/div>\r\n    <\/div>\r\n<\/div>\r\n\r\n\r\n<div id=\"column-69e2f70ae73a7\" class=\"text-left  fw-col-sm-3      wow \" data-wow-offset=\"120\" data-wow-duration=\"1.5s\" style=\"  color:#ffffff\">\r\n        <div class=\"fw-main-row\"  style=\"\">\r\n        <div class=\"fw-col-inner\">\r\n            <h3 style=\"font-size: 24px;\">Date<\/h3><p>2000<\/p><h3 style=\"font-size: 24px;\">Mat\u00e9riaux<\/h3><p>Ch\u00eane rouge, or et argent<\/p><h3 style=\"font-size: 24px;\">Dimensions<\/h3><p>S\/O<\/p>        <\/div>\r\n    <\/div>\r\n<\/div>\r\n\r\n\r\n<div id=\"column-69e2f70ae750d\" class=\"text-left  fw-col-sm-6      wow \" data-wow-offset=\"120\" data-wow-duration=\"1.5s\" style=\"  \">\r\n        <div class=\"fw-main-row\"  style=\"\">\r\n        <div class=\"fw-col-inner\">\r\n            <div class=\"fw-single-image \" >\r\n\t\t    <img decoding=\"async\" src=\"\/\/casaaprod.wpengine.com\/wp-content\/uploads\/2021\/11\/Black-Rod-left-to-right-grey-background.jpeg\" class=\"img-responsive self\" alt=\"\"  \/>\r\n\t<\/div>        <\/div>\r\n    <\/div>\r\n<\/div><\/div>\n\n<div class=\"fw-row\">\n\t\r\n\r\n\r\n<div id=\"column-69e2f70ae7749\" class=\"none  fw-col-sm-12      wow \" data-wow-offset=\"120\" data-wow-duration=\"1.5s\" style=\"  \">\r\n        <div class=\"fw-main-row\"  style=\"\">\r\n        <div class=\"fw-col-inner\">\r\n            <p style=\"text-align: center;\"><span style=\"color: #ffffff;\">Reference:<\/span> <a href=\"https:\/\/www.assembly.pe.ca\/symbols-of-the-legislative-assembly\">https:\/\/www.assembly.pe.ca\/symbols-of-the-legislative-assembly<\/a><\/p>        <\/div>\r\n    <\/div>\r\n<\/div><\/div>\n\n        <\/div>\r\n    <\/div>\r\n<\/section>\r\n<section  id=\"section-69e2f70ae78d6\" class=\"fw-main-row   auto \"  style=\"  \"  >\r\n    <div >\r\n        <div class=\"fw-container min-spacing\">\r\n\t\t\t<div class=\"fw-row\">\n\t\r\n\r\n\r\n<div id=\"column-69e2f70ae7c4d\" class=\"none  fw-col-sm-6      wow \" data-wow-offset=\"120\" data-wow-duration=\"1.5s\" style=\"  \">\r\n        <div class=\"fw-main-row\"  style=\"\">\r\n        <div class=\"fw-col-inner\">\r\n            <div class=\"fw-divider-space space-md\"  ><\/div>\r\n<div class=\"fw-heading heading fw-heading-h2   \" style=\" color:\">\r\n        <div class=\"fw-special-title-half\"><h2 class='fw-special-title'>Vous voulez plus d\u2019information?<\/h2><\/div>\r\n\r\n        <div class=\"fw-special-subtitle-half\"><h6 class='fw-special-subtitle'>Pour en savoir plus sur les \u00e9l\u00e9ments patrimoniaux de chacune de nos l\u00e9gislatures, nous vous invitons \u00e0 visiter nos sites Web provinciaux.<\/h6><\/div>\r\n<\/div>\r\n\r\n\r\n\r\n\r\n\r\n\r\n\r\n\r\n     \r\n    \r\n        <a target=\"_self\" href=\"\/contact-us\/\" class=\"btn btn-lg btn-self btn-green text-uppercase\">  Nous joindre<\/a>\r\n        \r\n        <\/div>\r\n    <\/div>\r\n<\/div>\r\n\r\n\r\n<div id=\"column-69e2f70ae80b3\" class=\"none  fw-col-sm-6      wow \" data-wow-offset=\"120\" data-wow-duration=\"1.5s\" style=\"  \">\r\n        <div class=\"fw-main-row\"  style=\"\">\r\n        <div class=\"fw-col-inner\">\r\n            <div class=\"fw-single-image \" >\r\n\t\t    <img decoding=\"async\" src=\"\/\/casaaprod.wpengine.com\/wp-content\/uploads\/2020\/12\/armoiries_i_p_e-p_e_i_arms.png\" class=\"img-responsive self\" alt=\"\"  \/>\r\n\t<\/div>        <\/div>\r\n    <\/div>\r\n<\/div><\/div>\n\n        <\/div>\r\n    <\/div>\r\n<\/section>\r\n<\/p>\n","protected":false},"excerpt":{"rendered":"<p>Masse Nom de l&rsquo;objetMasseArtiste\/ArtisanHenry Birks and Sons Ltd. Date1966Mat\u00e9riauxArgent plaqu\u00e9 d&rsquo;orDimensions137,16cm (10livres) Reference: http:\/\/www.revparlcan.ca\/en\/vol40-no4-know-your-mace-prince-edward-island\/ &#038; https:\/\/www.assembly.pe.ca\/symbols-of-the-legislative-assembly B\u00e2ton noir Nom de l&rsquo;objetB\u00e2ton noirArtiste\/ArtisanLloyd Kerry\u2019s Woodworking Date2000Mat\u00e9riauxCh\u00eane rouge, or et argentDimensionsS\/O Reference: https:\/\/www.assembly.pe.ca\/symbols-of-the-legislative-assembly Vous voulez plus d\u2019information? Pour en savoir plus sur les \u00e9l\u00e9ments patrimoniaux de chacune de nos l\u00e9gislatures, nous vous invitons \u00e0 visiter nos sites [&hellip;]<\/p>\n","protected":false},"author":2,"featured_media":0,"parent":2495,"menu_order":8,"comment_status":"closed","ping_status":"closed","template":"template\/template-full-width.php","meta":{"_acf_changed":false,"ngg_post_thumbnail":0,"footnotes":""},"class_list":["post-2662","page","type-page","status-publish","hentry"],"acf":[],"yoast_head":"<!-- This site is optimized with the Yoast SEO plugin v26.4 - https:\/\/yoast.com\/wordpress\/plugins\/seo\/ -->\n<title>\u00cele-du-Prince-\u00c9douard - Canadian Association of Sergeants-at-Arms - Association canadienne des Sergents d&#039;armes<\/title>\n<meta name=\"robots\" content=\"index, follow, max-snippet:-1, max-image-preview:large, max-video-preview:-1\" \/>\n<link rel=\"canonical\" href=\"https:\/\/casaa-acsa.org\/fr\/sa-histoire\/ile-du-prince-edouard\/\" \/>\n<meta property=\"og:locale\" content=\"fr_FR\" \/>\n<meta property=\"og:type\" content=\"article\" \/>\n<meta property=\"og:title\" content=\"\u00cele-du-Prince-\u00c9douard - Canadian Association of Sergeants-at-Arms - Association canadienne des Sergents d&#039;armes\" \/>\n<meta property=\"og:description\" content=\"Masse Nom de l&#039;objetMasseArtiste\/ArtisanHenry Birks and Sons Ltd. Date1966Mat\u00e9riauxArgent plaqu\u00e9 d&#039;orDimensions137,16cm (10livres) Reference: http:\/\/www.revparlcan.ca\/en\/vol40-no4-know-your-mace-prince-edward-island\/ &amp; https:\/\/www.assembly.pe.ca\/symbols-of-the-legislative-assembly B\u00e2ton noir Nom de l&#039;objetB\u00e2ton noirArtiste\/ArtisanLloyd Kerry\u2019s Woodworking Date2000Mat\u00e9riauxCh\u00eane rouge, or et argentDimensionsS\/O Reference: https:\/\/www.assembly.pe.ca\/symbols-of-the-legislative-assembly Vous voulez plus d\u2019information? Pour en savoir plus sur les \u00e9l\u00e9ments patrimoniaux de chacune de nos l\u00e9gislatures, nous vous invitons \u00e0 visiter nos sites [&hellip;]\" \/>\n<meta property=\"og:url\" content=\"https:\/\/casaa-acsa.org\/fr\/sa-histoire\/ile-du-prince-edouard\/\" \/>\n<meta property=\"og:site_name\" content=\"Canadian Association of Sergeants-at-Arms - Association canadienne des Sergents d&#039;armes\" \/>\n<meta property=\"article:modified_time\" content=\"2021-11-16T15:17:06+00:00\" \/>\n<meta property=\"og:image\" content=\"\/\/casaaprod.wpengine.com\/wp-content\/uploads\/2021\/11\/Mace-left-to-right-grey-background.jpg\" \/>\n<meta name=\"twitter:card\" content=\"summary_large_image\" \/>\n<script type=\"application\/ld+json\" class=\"yoast-schema-graph\">{\"@context\":\"https:\/\/schema.org\",\"@graph\":[{\"@type\":\"WebPage\",\"@id\":\"https:\/\/casaa-acsa.org\/fr\/sa-histoire\/ile-du-prince-edouard\/\",\"url\":\"https:\/\/casaa-acsa.org\/fr\/sa-histoire\/ile-du-prince-edouard\/\",\"name\":\"\u00cele-du-Prince-\u00c9douard - Canadian Association of Sergeants-at-Arms - Association canadienne des Sergents d&#039;armes\",\"isPartOf\":{\"@id\":\"https:\/\/casaa-acsa.org\/#website\"},\"datePublished\":\"2021-11-09T19:44:17+00:00\",\"dateModified\":\"2021-11-16T15:17:06+00:00\",\"breadcrumb\":{\"@id\":\"https:\/\/casaa-acsa.org\/fr\/sa-histoire\/ile-du-prince-edouard\/#breadcrumb\"},\"inLanguage\":\"fr-FR\",\"potentialAction\":[{\"@type\":\"ReadAction\",\"target\":[\"https:\/\/casaa-acsa.org\/fr\/sa-histoire\/ile-du-prince-edouard\/\"]}]},{\"@type\":\"BreadcrumbList\",\"@id\":\"https:\/\/casaa-acsa.org\/fr\/sa-histoire\/ile-du-prince-edouard\/#breadcrumb\",\"itemListElement\":[{\"@type\":\"ListItem\",\"position\":1,\"name\":\"Home\",\"item\":\"https:\/\/casaa-acsa.org\/fr\/\"},{\"@type\":\"ListItem\",\"position\":2,\"name\":\"SA Histoire\",\"item\":\"https:\/\/casaa-acsa.org\/fr\/sa-histoire\/\"},{\"@type\":\"ListItem\",\"position\":3,\"name\":\"\u00cele-du-Prince-\u00c9douard\"}]},{\"@type\":\"WebSite\",\"@id\":\"https:\/\/casaa-acsa.org\/#website\",\"url\":\"https:\/\/casaa-acsa.org\/\",\"name\":\"Canadian Association of Sergeants-at-Arms - Association canadienne des Sergents d&#039;armes\",\"description\":\"\",\"potentialAction\":[{\"@type\":\"SearchAction\",\"target\":{\"@type\":\"EntryPoint\",\"urlTemplate\":\"https:\/\/casaa-acsa.org\/?s={search_term_string}\"},\"query-input\":{\"@type\":\"PropertyValueSpecification\",\"valueRequired\":true,\"valueName\":\"search_term_string\"}}],\"inLanguage\":\"fr-FR\"}]}<\/script>\n<!-- \/ Yoast SEO plugin. -->","yoast_head_json":{"title":"\u00cele-du-Prince-\u00c9douard - Canadian Association of Sergeants-at-Arms - Association canadienne des Sergents d&#039;armes","robots":{"index":"index","follow":"follow","max-snippet":"max-snippet:-1","max-image-preview":"max-image-preview:large","max-video-preview":"max-video-preview:-1"},"canonical":"https:\/\/casaa-acsa.org\/fr\/sa-histoire\/ile-du-prince-edouard\/","og_locale":"fr_FR","og_type":"article","og_title":"\u00cele-du-Prince-\u00c9douard - Canadian Association of Sergeants-at-Arms - Association canadienne des Sergents d&#039;armes","og_description":"Masse Nom de l'objetMasseArtiste\/ArtisanHenry Birks and Sons Ltd. Date1966Mat\u00e9riauxArgent plaqu\u00e9 d'orDimensions137,16cm (10livres) Reference: http:\/\/www.revparlcan.ca\/en\/vol40-no4-know-your-mace-prince-edward-island\/ & https:\/\/www.assembly.pe.ca\/symbols-of-the-legislative-assembly B\u00e2ton noir Nom de l'objetB\u00e2ton noirArtiste\/ArtisanLloyd Kerry\u2019s Woodworking Date2000Mat\u00e9riauxCh\u00eane rouge, or et argentDimensionsS\/O Reference: https:\/\/www.assembly.pe.ca\/symbols-of-the-legislative-assembly Vous voulez plus d\u2019information? Pour en savoir plus sur les \u00e9l\u00e9ments patrimoniaux de chacune de nos l\u00e9gislatures, nous vous invitons \u00e0 visiter nos sites [&hellip;]","og_url":"https:\/\/casaa-acsa.org\/fr\/sa-histoire\/ile-du-prince-edouard\/","og_site_name":"Canadian Association of Sergeants-at-Arms - Association canadienne des Sergents d&#039;armes","article_modified_time":"2021-11-16T15:17:06+00:00","og_image":[{"url":"\/\/casaaprod.wpengine.com\/wp-content\/uploads\/2021\/11\/Mace-left-to-right-grey-background.jpg","type":"","width":"","height":""}],"twitter_card":"summary_large_image","schema":{"@context":"https:\/\/schema.org","@graph":[{"@type":"WebPage","@id":"https:\/\/casaa-acsa.org\/fr\/sa-histoire\/ile-du-prince-edouard\/","url":"https:\/\/casaa-acsa.org\/fr\/sa-histoire\/ile-du-prince-edouard\/","name":"\u00cele-du-Prince-\u00c9douard - Canadian Association of Sergeants-at-Arms - Association canadienne des Sergents d&#039;armes","isPartOf":{"@id":"https:\/\/casaa-acsa.org\/#website"},"datePublished":"2021-11-09T19:44:17+00:00","dateModified":"2021-11-16T15:17:06+00:00","breadcrumb":{"@id":"https:\/\/casaa-acsa.org\/fr\/sa-histoire\/ile-du-prince-edouard\/#breadcrumb"},"inLanguage":"fr-FR","potentialAction":[{"@type":"ReadAction","target":["https:\/\/casaa-acsa.org\/fr\/sa-histoire\/ile-du-prince-edouard\/"]}]},{"@type":"BreadcrumbList","@id":"https:\/\/casaa-acsa.org\/fr\/sa-histoire\/ile-du-prince-edouard\/#breadcrumb","itemListElement":[{"@type":"ListItem","position":1,"name":"Home","item":"https:\/\/casaa-acsa.org\/fr\/"},{"@type":"ListItem","position":2,"name":"SA Histoire","item":"https:\/\/casaa-acsa.org\/fr\/sa-histoire\/"},{"@type":"ListItem","position":3,"name":"\u00cele-du-Prince-\u00c9douard"}]},{"@type":"WebSite","@id":"https:\/\/casaa-acsa.org\/#website","url":"https:\/\/casaa-acsa.org\/","name":"Canadian Association of Sergeants-at-Arms - Association canadienne des Sergents d&#039;armes","description":"","potentialAction":[{"@type":"SearchAction","target":{"@type":"EntryPoint","urlTemplate":"https:\/\/casaa-acsa.org\/?s={search_term_string}"},"query-input":{"@type":"PropertyValueSpecification","valueRequired":true,"valueName":"search_term_string"}}],"inLanguage":"fr-FR"}]}},"_links":{"self":[{"href":"https:\/\/casaa-acsa.org\/fr\/wp-json\/wp\/v2\/pages\/2662","targetHints":{"allow":["GET"]}}],"collection":[{"href":"https:\/\/casaa-acsa.org\/fr\/wp-json\/wp\/v2\/pages"}],"about":[{"href":"https:\/\/casaa-acsa.org\/fr\/wp-json\/wp\/v2\/types\/page"}],"author":[{"embeddable":true,"href":"https:\/\/casaa-acsa.org\/fr\/wp-json\/wp\/v2\/users\/2"}],"replies":[{"embeddable":true,"href":"https:\/\/casaa-acsa.org\/fr\/wp-json\/wp\/v2\/comments?post=2662"}],"version-history":[{"count":0,"href":"https:\/\/casaa-acsa.org\/fr\/wp-json\/wp\/v2\/pages\/2662\/revisions"}],"up":[{"embeddable":true,"href":"https:\/\/casaa-acsa.org\/fr\/wp-json\/wp\/v2\/pages\/2495"}],"wp:attachment":[{"href":"https:\/\/casaa-acsa.org\/fr\/wp-json\/wp\/v2\/media?parent=2662"}],"curies":[{"name":"wp","href":"https:\/\/api.w.org\/{rel}","templated":true}]}}