{"id":2656,"date":"2021-11-09T18:11:39","date_gmt":"2021-11-09T18:11:39","guid":{"rendered":"https:\/\/casaaprod.wpengine.com\/objets-de-ceremonie-sa\/saskatchewan\/"},"modified":"2021-11-16T15:12:38","modified_gmt":"2021-11-16T15:12:38","slug":"saskatchewan","status":"publish","type":"page","link":"https:\/\/casaa-acsa.org\/fr\/sa-histoire\/saskatchewan\/","title":{"rendered":"Saskatchewan"},"content":{"rendered":"<p><section  id=\"section-69eef00f75f78\" class=\"fw-main-row   auto \"  style=\"background-color:#69696e;  \"  >\r\n    <div >\r\n        <div class=\"fw-container min-spacing\">\r\n\t\t\t<div class=\"fw-row\">\n\t\r\n\r\n\r\n<div id=\"column-69eef00f7621b\" class=\"none  fw-col-sm-12      wow \" data-wow-offset=\"120\" data-wow-duration=\"1.5s\" style=\"  \">\r\n        <div class=\"fw-main-row\"  style=\"\">\r\n        <div class=\"fw-col-inner\">\r\n            \r\n<div class=\"fw-heading heading fw-heading-h2   \" style=\" color:#ffffff\">\r\n        <div class=\"fw-special-title-half\"><h2 class='fw-special-title'>Masse<\/h2><\/div>\r\n\r\n        <div class=\"fw-special-subtitle-half\"><h3 class='fw-special-subtitle'><\/h3><\/div>\r\n<\/div>\r\n\r\n\r\n\r\n        <\/div>\r\n    <\/div>\r\n<\/div><\/div>\n\n<div class=\"fw-row\">\n\t\r\n\r\n\r\n<div id=\"column-69eef00f764c1\" class=\"text-left  fw-col-sm-6      wow \" data-wow-offset=\"120\" data-wow-duration=\"1.5s\" style=\"  \">\r\n        <div class=\"fw-main-row\"  style=\"\">\r\n        <div class=\"fw-col-inner\">\r\n            <div class=\"fw-single-image \" >\r\n\t\t    <img decoding=\"async\" src=\"\/\/casaaprod.wpengine.com\/wp-content\/uploads\/2021\/11\/Saskatchewan-Legislative-Building-Interior-Royal-Sceptor-Regina-Saskatchewan-2013-07-31_640x480.jpg\" class=\"img-responsive self\" alt=\"\"  \/>\r\n\t<\/div>        <\/div>\r\n    <\/div>\r\n<\/div>\r\n\r\n\r\n<div id=\"column-69eef00f767d1\" class=\"text-left  fw-col-sm-3      wow \" data-wow-offset=\"120\" data-wow-duration=\"1.5s\" style=\"  color:#ffffff\">\r\n        <div class=\"fw-main-row\"  style=\"\">\r\n        <div class=\"fw-col-inner\">\r\n            <h3 style=\"font-size: 24px;\">Nom de l'objet<\/h3><p>Masse<\/p><h3 style=\"font-size: 24px;\">Artiste\/Artisan<\/h3><p>Ryrie Bros. Lt\u00e9e (Toronto)<\/p>        <\/div>\r\n    <\/div>\r\n<\/div>\r\n\r\n\r\n<div id=\"column-69eef00f76966\" class=\"text-left  fw-col-sm-3      wow \" data-wow-offset=\"120\" data-wow-duration=\"1.5s\" style=\"  color:#ffffff\">\r\n        <div class=\"fw-main-row\"  style=\"\">\r\n        <div class=\"fw-col-inner\">\r\n            <h3 style=\"font-size: 24px;\">Date<\/h3><p>1906<\/p><h3 style=\"font-size: 24px;\">Mat\u00e9riaux<\/h3><p>Laiton plaqu\u00e9 d'or<\/p><h3 style=\"font-size: 24px;\">Dimensions<\/h3><p>121,92cm<\/p>        <\/div>\r\n    <\/div>\r\n<\/div><\/div>\n\n<div class=\"fw-row\">\n\t\r\n\r\n\r\n<div id=\"column-69eef00f76b3e\" class=\"none  fw-col-sm-12      wow \" data-wow-offset=\"120\" data-wow-duration=\"1.5s\" style=\"  \">\r\n        <div class=\"fw-main-row\"  style=\"\">\r\n        <div class=\"fw-col-inner\">\r\n            <p style=\"text-align: center;\"><span style=\"color: #ffffff;\">Reference:<\/span> <a href=\"http:\/\/www.revparlcan.ca\/en\/vol39-no2-know-your-mace-saskatchewan\/\">http:\/\/www.revparlcan.ca\/en\/vol39-no2-know-your-mace-saskatchewan\/<\/a><\/p>        <\/div>\r\n    <\/div>\r\n<\/div><\/div>\n\n        <\/div>\r\n    <\/div>\r\n<\/section>\r\n<section  id=\"section-69eef00f76c75\" class=\"fw-main-row   auto \"  style=\"background-color:#2e8b57;  \"  >\r\n    <div >\r\n        <div class=\"fw-container sections\">\r\n\t\t\t<div class=\"fw-row\">\n\t\r\n\r\n\r\n<div id=\"column-69eef00f76dcb\" class=\"none  fw-col-sm-12      wow \" data-wow-offset=\"120\" data-wow-duration=\"1.5s\" style=\"  \">\r\n        <div class=\"fw-main-row\"  style=\"\">\r\n        <div class=\"fw-col-inner\">\r\n            \r\n<div class=\"fw-heading heading fw-heading-h2   \" style=\" color:#ffffff\">\r\n        <div class=\"fw-special-title-half\"><h2 class='fw-special-title'>B\u00e2ton noir<\/h2><\/div>\r\n\r\n        <div class=\"fw-special-subtitle-half\"><h3 class='fw-special-subtitle'><\/h3><\/div>\r\n<\/div>\r\n\r\n\r\n\r\n        <\/div>\r\n    <\/div>\r\n<\/div><\/div>\n\n<div class=\"fw-row\">\n\t\r\n\r\n\r\n<div id=\"column-69eef00f76f7a\" class=\"text-left  fw-col-sm-3      wow \" data-wow-offset=\"120\" data-wow-duration=\"1.5s\" style=\"  color:#ffffff\">\r\n        <div class=\"fw-main-row\"  style=\"\">\r\n        <div class=\"fw-col-inner\">\r\n            <h3 style=\"font-size: 24px;\">Nom de l'objet<\/h3><p>B\u00e2ton noir<\/p><h3 style=\"font-size: 24px;\">Artiste\/Artisan<\/h3><p>Scott Olson orf\u00e8vres (Regina)<\/p>        <\/div>\r\n    <\/div>\r\n<\/div>\r\n\r\n\r\n<div id=\"column-69eef00f7706d\" class=\"text-left  fw-col-sm-3      wow \" data-wow-offset=\"120\" data-wow-duration=\"1.5s\" style=\"  color:#ffffff\">\r\n        <div class=\"fw-main-row\"  style=\"\">\r\n        <div class=\"fw-col-inner\">\r\n            <h3 style=\"font-size: 24px;\">Date<\/h3><p>2013<\/p><h3 style=\"font-size: 24px;\">Mat\u00e9riaux<\/h3><p>Ch\u00eane<\/p><h3 style=\"font-size: 24px;\">Dimensions<\/h3><p>S\/O<\/p>        <\/div>\r\n    <\/div>\r\n<\/div>\r\n\r\n\r\n<div id=\"column-69eef00f77179\" class=\"text-left  fw-col-sm-6      wow \" data-wow-offset=\"120\" data-wow-duration=\"1.5s\" style=\"  \">\r\n        <div class=\"fw-main-row\"  style=\"\">\r\n        <div class=\"fw-col-inner\">\r\n            <div class=\"fw-single-image \" >\r\n\t\t    <img decoding=\"async\" src=\"\/\/casaaprod.wpengine.com\/wp-content\/uploads\/2021\/11\/black-rod-03.jpg\" class=\"img-responsive self\" alt=\"\"  \/>\r\n\t<\/div>        <\/div>\r\n    <\/div>\r\n<\/div><\/div>\n\n<div class=\"fw-row\">\n\t\r\n\r\n\r\n<div id=\"column-69eef00f77306\" class=\"none  fw-col-sm-12      wow \" data-wow-offset=\"120\" data-wow-duration=\"1.5s\" style=\"  \">\r\n        <div class=\"fw-main-row\"  style=\"\">\r\n        <div class=\"fw-col-inner\">\r\n            <p style=\"text-align: center;color: #ffffff;\">Reference: <a href=\"https:\/\/www.legassembly.sk.ca\/about\/glossary\/\">https:\/\/www.legassembly.sk.ca\/about\/glossary\/<\/a> &amp; <a href=\"https:\/\/olsongoldsmiths.com\/black-rod\/\">https:\/\/olsongoldsmiths.com\/black-rod\/<\/a><\/p>        <\/div>\r\n    <\/div>\r\n<\/div><\/div>\n\n        <\/div>\r\n    <\/div>\r\n<\/section>\r\n<section  id=\"section-69eef00f77418\" class=\"fw-main-row   auto \"  style=\"  \"  >\r\n    <div >\r\n        <div class=\"fw-container min-spacing\">\r\n\t\t\t<div class=\"fw-row\">\n\t\r\n\r\n\r\n<div id=\"column-69eef00f775f4\" class=\"none  fw-col-sm-6      wow \" data-wow-offset=\"120\" data-wow-duration=\"1.5s\" style=\"  \">\r\n        <div class=\"fw-main-row\"  style=\"\">\r\n        <div class=\"fw-col-inner\">\r\n            <div class=\"fw-divider-space space-md\"  ><\/div>\r\n<div class=\"fw-heading heading fw-heading-h2   \" style=\" color:\">\r\n        <div class=\"fw-special-title-half\"><h2 class='fw-special-title'>Vous voulez plus d\u2019information?<\/h2><\/div>\r\n\r\n        <div class=\"fw-special-subtitle-half\"><h6 class='fw-special-subtitle'>Pour en savoir plus sur les \u00e9l\u00e9ments patrimoniaux de chacune de nos l\u00e9gislatures, nous vous invitons \u00e0 visiter nos sites Web provinciaux.<\/h6><\/div>\r\n<\/div>\r\n\r\n\r\n\r\n\r\n\r\n\r\n\r\n\r\n     \r\n    \r\n        <a target=\"_self\" href=\"\/contact-us\/\" class=\"btn btn-lg btn-self btn-green text-uppercase\">  Nous joindre<\/a>\r\n        \r\n        <\/div>\r\n    <\/div>\r\n<\/div>\r\n\r\n\r\n<div id=\"column-69eef00f77c8b\" class=\"none  fw-col-sm-6      wow \" data-wow-offset=\"120\" data-wow-duration=\"1.5s\" style=\"  \">\r\n        <div class=\"fw-main-row\"  style=\"\">\r\n        <div class=\"fw-col-inner\">\r\n            <div class=\"fw-single-image \" >\r\n\t\t    <img decoding=\"async\" src=\"\/\/casaaprod.wpengine.com\/wp-content\/uploads\/2021\/11\/Terry-Quinn.jpg\" class=\"img-responsive self\" alt=\"\"  \/>\r\n\t<\/div>        <\/div>\r\n    <\/div>\r\n<\/div><\/div>\n\n        <\/div>\r\n    <\/div>\r\n<\/section>\r\n<\/p>\n","protected":false},"excerpt":{"rendered":"<p>Masse Nom de l&rsquo;objetMasseArtiste\/ArtisanRyrie Bros. Lt\u00e9e (Toronto) Date1906Mat\u00e9riauxLaiton plaqu\u00e9 d&rsquo;orDimensions121,92cm Reference: http:\/\/www.revparlcan.ca\/en\/vol39-no2-know-your-mace-saskatchewan\/ B\u00e2ton noir Nom de l&rsquo;objetB\u00e2ton noirArtiste\/ArtisanScott Olson orf\u00e8vres (Regina) Date2013Mat\u00e9riauxCh\u00eaneDimensionsS\/O Reference: https:\/\/www.legassembly.sk.ca\/about\/glossary\/ &amp; https:\/\/olsongoldsmiths.com\/black-rod\/ Vous voulez plus d\u2019information? Pour en savoir plus sur les \u00e9l\u00e9ments patrimoniaux de chacune de nos l\u00e9gislatures, nous vous invitons \u00e0 visiter nos sites Web provinciaux. Nous joindre<\/p>\n","protected":false},"author":2,"featured_media":0,"parent":2495,"menu_order":2,"comment_status":"closed","ping_status":"closed","template":"template\/template-full-width.php","meta":{"_acf_changed":false,"ngg_post_thumbnail":0,"footnotes":""},"class_list":["post-2656","page","type-page","status-publish","hentry"],"acf":[],"yoast_head":"<!-- This site is optimized with the Yoast SEO plugin v26.4 - https:\/\/yoast.com\/wordpress\/plugins\/seo\/ -->\n<title>Saskatchewan - Canadian Association of Sergeants-at-Arms - Association canadienne des Sergents d&#039;armes<\/title>\n<meta name=\"robots\" content=\"index, follow, max-snippet:-1, max-image-preview:large, max-video-preview:-1\" \/>\n<link rel=\"canonical\" href=\"https:\/\/casaa-acsa.org\/fr\/sa-histoire\/saskatchewan\/\" \/>\n<meta property=\"og:locale\" content=\"fr_FR\" \/>\n<meta property=\"og:type\" content=\"article\" \/>\n<meta property=\"og:title\" content=\"Saskatchewan - Canadian Association of Sergeants-at-Arms - Association canadienne des Sergents d&#039;armes\" \/>\n<meta property=\"og:description\" content=\"Masse Nom de l&#039;objetMasseArtiste\/ArtisanRyrie Bros. Lt\u00e9e (Toronto) Date1906Mat\u00e9riauxLaiton plaqu\u00e9 d&#039;orDimensions121,92cm Reference: http:\/\/www.revparlcan.ca\/en\/vol39-no2-know-your-mace-saskatchewan\/ B\u00e2ton noir Nom de l&#039;objetB\u00e2ton noirArtiste\/ArtisanScott Olson orf\u00e8vres (Regina) Date2013Mat\u00e9riauxCh\u00eaneDimensionsS\/O Reference: https:\/\/www.legassembly.sk.ca\/about\/glossary\/ &amp; https:\/\/olsongoldsmiths.com\/black-rod\/ Vous voulez plus d\u2019information? Pour en savoir plus sur les \u00e9l\u00e9ments patrimoniaux de chacune de nos l\u00e9gislatures, nous vous invitons \u00e0 visiter nos sites Web provinciaux. Nous joindre\" \/>\n<meta property=\"og:url\" content=\"https:\/\/casaa-acsa.org\/fr\/sa-histoire\/saskatchewan\/\" \/>\n<meta property=\"og:site_name\" content=\"Canadian Association of Sergeants-at-Arms - Association canadienne des Sergents d&#039;armes\" \/>\n<meta property=\"article:modified_time\" content=\"2021-11-16T15:12:38+00:00\" \/>\n<meta property=\"og:image\" content=\"\/\/casaaprod.wpengine.com\/wp-content\/uploads\/2021\/11\/Saskatchewan-Legislative-Building-Interior-Royal-Sceptor-Regina-Saskatchewan-2013-07-31_640x480.jpg\" \/>\n<meta name=\"twitter:card\" content=\"summary_large_image\" \/>\n<script type=\"application\/ld+json\" class=\"yoast-schema-graph\">{\"@context\":\"https:\/\/schema.org\",\"@graph\":[{\"@type\":\"WebPage\",\"@id\":\"https:\/\/casaa-acsa.org\/fr\/sa-histoire\/saskatchewan\/\",\"url\":\"https:\/\/casaa-acsa.org\/fr\/sa-histoire\/saskatchewan\/\",\"name\":\"Saskatchewan - Canadian Association of Sergeants-at-Arms - Association canadienne des Sergents d&#039;armes\",\"isPartOf\":{\"@id\":\"https:\/\/casaa-acsa.org\/#website\"},\"datePublished\":\"2021-11-09T18:11:39+00:00\",\"dateModified\":\"2021-11-16T15:12:38+00:00\",\"breadcrumb\":{\"@id\":\"https:\/\/casaa-acsa.org\/fr\/sa-histoire\/saskatchewan\/#breadcrumb\"},\"inLanguage\":\"fr-FR\",\"potentialAction\":[{\"@type\":\"ReadAction\",\"target\":[\"https:\/\/casaa-acsa.org\/fr\/sa-histoire\/saskatchewan\/\"]}]},{\"@type\":\"BreadcrumbList\",\"@id\":\"https:\/\/casaa-acsa.org\/fr\/sa-histoire\/saskatchewan\/#breadcrumb\",\"itemListElement\":[{\"@type\":\"ListItem\",\"position\":1,\"name\":\"Home\",\"item\":\"https:\/\/casaa-acsa.org\/fr\/\"},{\"@type\":\"ListItem\",\"position\":2,\"name\":\"SA Histoire\",\"item\":\"https:\/\/casaa-acsa.org\/fr\/sa-histoire\/\"},{\"@type\":\"ListItem\",\"position\":3,\"name\":\"Saskatchewan\"}]},{\"@type\":\"WebSite\",\"@id\":\"https:\/\/casaa-acsa.org\/#website\",\"url\":\"https:\/\/casaa-acsa.org\/\",\"name\":\"Canadian Association of Sergeants-at-Arms - Association canadienne des Sergents d&#039;armes\",\"description\":\"\",\"potentialAction\":[{\"@type\":\"SearchAction\",\"target\":{\"@type\":\"EntryPoint\",\"urlTemplate\":\"https:\/\/casaa-acsa.org\/?s={search_term_string}\"},\"query-input\":{\"@type\":\"PropertyValueSpecification\",\"valueRequired\":true,\"valueName\":\"search_term_string\"}}],\"inLanguage\":\"fr-FR\"}]}<\/script>\n<!-- \/ Yoast SEO plugin. -->","yoast_head_json":{"title":"Saskatchewan - Canadian Association of Sergeants-at-Arms - Association canadienne des Sergents d&#039;armes","robots":{"index":"index","follow":"follow","max-snippet":"max-snippet:-1","max-image-preview":"max-image-preview:large","max-video-preview":"max-video-preview:-1"},"canonical":"https:\/\/casaa-acsa.org\/fr\/sa-histoire\/saskatchewan\/","og_locale":"fr_FR","og_type":"article","og_title":"Saskatchewan - Canadian Association of Sergeants-at-Arms - Association canadienne des Sergents d&#039;armes","og_description":"Masse Nom de l'objetMasseArtiste\/ArtisanRyrie Bros. Lt\u00e9e (Toronto) Date1906Mat\u00e9riauxLaiton plaqu\u00e9 d'orDimensions121,92cm Reference: http:\/\/www.revparlcan.ca\/en\/vol39-no2-know-your-mace-saskatchewan\/ B\u00e2ton noir Nom de l'objetB\u00e2ton noirArtiste\/ArtisanScott Olson orf\u00e8vres (Regina) Date2013Mat\u00e9riauxCh\u00eaneDimensionsS\/O Reference: https:\/\/www.legassembly.sk.ca\/about\/glossary\/ &amp; https:\/\/olsongoldsmiths.com\/black-rod\/ Vous voulez plus d\u2019information? Pour en savoir plus sur les \u00e9l\u00e9ments patrimoniaux de chacune de nos l\u00e9gislatures, nous vous invitons \u00e0 visiter nos sites Web provinciaux. Nous joindre","og_url":"https:\/\/casaa-acsa.org\/fr\/sa-histoire\/saskatchewan\/","og_site_name":"Canadian Association of Sergeants-at-Arms - Association canadienne des Sergents d&#039;armes","article_modified_time":"2021-11-16T15:12:38+00:00","og_image":[{"url":"\/\/casaaprod.wpengine.com\/wp-content\/uploads\/2021\/11\/Saskatchewan-Legislative-Building-Interior-Royal-Sceptor-Regina-Saskatchewan-2013-07-31_640x480.jpg","type":"","width":"","height":""}],"twitter_card":"summary_large_image","schema":{"@context":"https:\/\/schema.org","@graph":[{"@type":"WebPage","@id":"https:\/\/casaa-acsa.org\/fr\/sa-histoire\/saskatchewan\/","url":"https:\/\/casaa-acsa.org\/fr\/sa-histoire\/saskatchewan\/","name":"Saskatchewan - Canadian Association of Sergeants-at-Arms - Association canadienne des Sergents d&#039;armes","isPartOf":{"@id":"https:\/\/casaa-acsa.org\/#website"},"datePublished":"2021-11-09T18:11:39+00:00","dateModified":"2021-11-16T15:12:38+00:00","breadcrumb":{"@id":"https:\/\/casaa-acsa.org\/fr\/sa-histoire\/saskatchewan\/#breadcrumb"},"inLanguage":"fr-FR","potentialAction":[{"@type":"ReadAction","target":["https:\/\/casaa-acsa.org\/fr\/sa-histoire\/saskatchewan\/"]}]},{"@type":"BreadcrumbList","@id":"https:\/\/casaa-acsa.org\/fr\/sa-histoire\/saskatchewan\/#breadcrumb","itemListElement":[{"@type":"ListItem","position":1,"name":"Home","item":"https:\/\/casaa-acsa.org\/fr\/"},{"@type":"ListItem","position":2,"name":"SA Histoire","item":"https:\/\/casaa-acsa.org\/fr\/sa-histoire\/"},{"@type":"ListItem","position":3,"name":"Saskatchewan"}]},{"@type":"WebSite","@id":"https:\/\/casaa-acsa.org\/#website","url":"https:\/\/casaa-acsa.org\/","name":"Canadian Association of Sergeants-at-Arms - Association canadienne des Sergents d&#039;armes","description":"","potentialAction":[{"@type":"SearchAction","target":{"@type":"EntryPoint","urlTemplate":"https:\/\/casaa-acsa.org\/?s={search_term_string}"},"query-input":{"@type":"PropertyValueSpecification","valueRequired":true,"valueName":"search_term_string"}}],"inLanguage":"fr-FR"}]}},"_links":{"self":[{"href":"https:\/\/casaa-acsa.org\/fr\/wp-json\/wp\/v2\/pages\/2656","targetHints":{"allow":["GET"]}}],"collection":[{"href":"https:\/\/casaa-acsa.org\/fr\/wp-json\/wp\/v2\/pages"}],"about":[{"href":"https:\/\/casaa-acsa.org\/fr\/wp-json\/wp\/v2\/types\/page"}],"author":[{"embeddable":true,"href":"https:\/\/casaa-acsa.org\/fr\/wp-json\/wp\/v2\/users\/2"}],"replies":[{"embeddable":true,"href":"https:\/\/casaa-acsa.org\/fr\/wp-json\/wp\/v2\/comments?post=2656"}],"version-history":[{"count":0,"href":"https:\/\/casaa-acsa.org\/fr\/wp-json\/wp\/v2\/pages\/2656\/revisions"}],"up":[{"embeddable":true,"href":"https:\/\/casaa-acsa.org\/fr\/wp-json\/wp\/v2\/pages\/2495"}],"wp:attachment":[{"href":"https:\/\/casaa-acsa.org\/fr\/wp-json\/wp\/v2\/media?parent=2656"}],"curies":[{"name":"wp","href":"https:\/\/api.w.org\/{rel}","templated":true}]}}