{"id":2655,"date":"2021-11-09T14:56:02","date_gmt":"2021-11-09T14:56:02","guid":{"rendered":"https:\/\/casaaprod.wpengine.com\/objets-de-ceremonie-sa\/british-columbia\/"},"modified":"2021-11-16T15:11:36","modified_gmt":"2021-11-16T15:11:36","slug":"colombie-britannique","status":"publish","type":"page","link":"https:\/\/casaa-acsa.org\/fr\/sa-histoire\/colombie-britannique\/","title":{"rendered":"Colombie-Britannique"},"content":{"rendered":"<p><section  id=\"section-69d12310a70f6\" class=\"fw-main-row   auto \"  style=\"background-color:#69696e;  \"  >\r\n    <div >\r\n        <div class=\"fw-container min-spacing\">\r\n\t\t\t<div class=\"fw-row\">\n\t\r\n\r\n\r\n<div id=\"column-69d12310a7352\" class=\"none  fw-col-sm-12      wow \" data-wow-offset=\"120\" data-wow-duration=\"1.5s\" style=\"  \">\r\n        <div class=\"fw-main-row\"  style=\"\">\r\n        <div class=\"fw-col-inner\">\r\n            \r\n<div class=\"fw-heading heading fw-heading-h2   \" style=\" color:#ffffff\">\r\n        <div class=\"fw-special-title-half\"><h2 class='fw-special-title'>Masse<\/h2><\/div>\r\n\r\n        <div class=\"fw-special-subtitle-half\"><h3 class='fw-special-subtitle'><\/h3><\/div>\r\n<\/div>\r\n\r\n\r\n\r\n        <\/div>\r\n    <\/div>\r\n<\/div><\/div>\n\n<div class=\"fw-row\">\n\t\r\n\r\n\r\n<div id=\"column-69d12310a762a\" class=\"text-left  fw-col-sm-6      wow \" data-wow-offset=\"120\" data-wow-duration=\"1.5s\" style=\"  \">\r\n        <div class=\"fw-main-row\"  style=\"\">\r\n        <div class=\"fw-col-inner\">\r\n            <div class=\"fw-single-image \" >\r\n\t\t    <img decoding=\"async\" src=\"\/\/casaaprod.wpengine.com\/wp-content\/uploads\/2021\/11\/Mace-8.jpg\" class=\"img-responsive self\" alt=\"\"  \/>\r\n\t<\/div>        <\/div>\r\n    <\/div>\r\n<\/div>\r\n\r\n\r\n<div id=\"column-69d12310a77e5\" class=\"text-left  fw-col-sm-3      wow \" data-wow-offset=\"120\" data-wow-duration=\"1.5s\" style=\"  color:#ffffff\">\r\n        <div class=\"fw-main-row\"  style=\"\">\r\n        <div class=\"fw-col-inner\">\r\n            <h3 style=\"font-size: 24px;\">Nom de l'objet<\/h3><p>Masse<\/p><h3 style=\"font-size: 24px;\">Artiste\/Artisan<\/h3><p>Jeffries &amp; Co., orf\u00e8vres de Victoria<\/p>        <\/div>\r\n    <\/div>\r\n<\/div>\r\n\r\n\r\n<div id=\"column-69d12310a7987\" class=\"text-left  fw-col-sm-3      wow \" data-wow-offset=\"120\" data-wow-duration=\"1.5s\" style=\"  color:#ffffff\">\r\n        <div class=\"fw-main-row\"  style=\"\">\r\n        <div class=\"fw-col-inner\">\r\n            <h3 style=\"font-size: 24px;\">Date<\/h3><p>1954<\/p><h3 style=\"font-size: 24px;\">Mat\u00e9riaux<\/h3><p>Argent, plaqu\u00e9 d'or<\/p><h3 style=\"font-size: 24px;\">Dimensions<\/h3><p>5 kilogrammes (11 livres)<\/p><p>&nbsp;<\/p>        <\/div>\r\n    <\/div>\r\n<\/div><\/div>\n\n<div class=\"fw-row\">\n\t\r\n\r\n\r\n<div id=\"column-69d12310a7b8b\" class=\"none  fw-col-sm-12      wow \" data-wow-offset=\"120\" data-wow-duration=\"1.5s\" style=\"  \">\r\n        <div class=\"fw-main-row\"  style=\"\">\r\n        <div class=\"fw-col-inner\">\r\n            <p style=\"text-align: center;\"><span style=\"color: #ffffff;\">Reference:<\/span> <a href=\"https:\/\/www.leg.bc.ca\/dyl\/Pages\/Mace.aspx\">https:\/\/www.leg.bc.ca\/dyl\/Pages\/Mace.aspx<\/a><\/p>        <\/div>\r\n    <\/div>\r\n<\/div><\/div>\n\n        <\/div>\r\n    <\/div>\r\n<\/section>\r\n<section  id=\"section-69d12310a7cf7\" class=\"fw-main-row   auto \"  style=\"background-color:#2e8b57;  \"  >\r\n    <div >\r\n        <div class=\"fw-container sections\">\r\n\t\t\t<div class=\"fw-row\">\n\t\r\n\r\n\r\n<div id=\"column-69d12310a7e65\" class=\"none  fw-col-sm-12      wow \" data-wow-offset=\"120\" data-wow-duration=\"1.5s\" style=\"  \">\r\n        <div class=\"fw-main-row\"  style=\"\">\r\n        <div class=\"fw-col-inner\">\r\n            \r\n<div class=\"fw-heading heading fw-heading-h2   \" style=\" color:#ffffff\">\r\n        <div class=\"fw-special-title-half\"><h2 class='fw-special-title'>B\u00e2ton noir<\/h2><\/div>\r\n\r\n        <div class=\"fw-special-subtitle-half\"><h3 class='fw-special-subtitle'><\/h3><\/div>\r\n<\/div>\r\n\r\n\r\n\r\n        <\/div>\r\n    <\/div>\r\n<\/div><\/div>\n\n<div class=\"fw-row\">\n\t\r\n\r\n\r\n<div id=\"column-69d12310a8028\" class=\"text-left  fw-col-sm-3      wow \" data-wow-offset=\"120\" data-wow-duration=\"1.5s\" style=\"  color:#ffffff\">\r\n        <div class=\"fw-main-row\"  style=\"\">\r\n        <div class=\"fw-col-inner\">\r\n            <h3 style=\"font-size: 24px;\">Nom de l'objet<\/h3><p>B\u00e2ton noir<\/p><h3 style=\"font-size: 24px;\">Artiste\/Artisan<\/h3><p>Inconnu<\/p>        <\/div>\r\n    <\/div>\r\n<\/div>\r\n\r\n\r\n<div id=\"column-69d12310a8147\" class=\"text-left  fw-col-sm-3      wow \" data-wow-offset=\"120\" data-wow-duration=\"1.5s\" style=\"  color:#ffffff\">\r\n        <div class=\"fw-main-row\"  style=\"\">\r\n        <div class=\"fw-col-inner\">\r\n            <h3 style=\"font-size: 24px;\">Date<\/h3><p>2012<\/p><h3 style=\"font-size: 24px;\">Mat\u00e9riaux<\/h3><p>Bois, argent, or<\/p><h3 style=\"font-size: 24px;\">Dimensions<\/h3><p>S\/O<\/p>        <\/div>\r\n    <\/div>\r\n<\/div>\r\n\r\n\r\n<div id=\"column-69d12310a8254\" class=\"text-left  fw-col-sm-6      wow \" data-wow-offset=\"120\" data-wow-duration=\"1.5s\" style=\"  \">\r\n        <div class=\"fw-main-row\"  style=\"\">\r\n        <div class=\"fw-col-inner\">\r\n            <div class=\"fw-single-image \" >\r\n\t\t    <img decoding=\"async\" src=\"\/\/casaaprod.wpengine.com\/wp-content\/uploads\/2021\/11\/Black-Rod-4.jpg\" class=\"img-responsive self\" alt=\"\"  \/>\r\n\t<\/div>        <\/div>\r\n    <\/div>\r\n<\/div><\/div>\n\n<div class=\"fw-row\">\n\t\r\n\r\n\r\n<div id=\"column-69d12310a83e9\" class=\"none  fw-col-sm-12      wow \" data-wow-offset=\"120\" data-wow-duration=\"1.5s\" style=\"  \">\r\n        <div class=\"fw-main-row\"  style=\"\">\r\n        <div class=\"fw-col-inner\">\r\n            <p style=\"text-align: center;\"><span style=\"color: #ffffff;\">Reference:<\/span> <a href=\"https:\/\/www.leg.bc.ca\/dyl\/Pages\/The-Black-Rod.aspx\">https:\/\/www.leg.bc.ca\/dyl\/Pages\/The-Black-Rod.aspx<\/a><\/p>        <\/div>\r\n    <\/div>\r\n<\/div><\/div>\n\n        <\/div>\r\n    <\/div>\r\n<\/section>\r\n<section  id=\"section-69d12310a84ff\" class=\"fw-main-row   auto \"  style=\"  \"  >\r\n    <div >\r\n        <div class=\"fw-container min-spacing\">\r\n\t\t\t<div class=\"fw-row\">\n\t\r\n\r\n\r\n<div id=\"column-69d12310a86e4\" class=\"none  fw-col-sm-6      wow \" data-wow-offset=\"120\" data-wow-duration=\"1.5s\" style=\"  \">\r\n        <div class=\"fw-main-row\"  style=\"\">\r\n        <div class=\"fw-col-inner\">\r\n            <div class=\"fw-divider-space space-md\"  ><\/div>\r\n<div class=\"fw-heading heading fw-heading-h2   \" style=\" color:\">\r\n        <div class=\"fw-special-title-half\"><h2 class='fw-special-title'>Vous voulez plus d\u2019information?<\/h2><\/div>\r\n\r\n        <div class=\"fw-special-subtitle-half\"><h6 class='fw-special-subtitle'>Pour en savoir plus sur les \u00e9l\u00e9ments patrimoniaux de chacune de nos l\u00e9gislatures, nous vous invitons \u00e0 visiter nos sites Web provinciaux.<\/h6><\/div>\r\n<\/div>\r\n\r\n\r\n\r\n\r\n\r\n\r\n\r\n\r\n     \r\n    \r\n        <a target=\"_self\" href=\"\/contact-us\/\" class=\"btn btn-lg btn-self btn-green text-uppercase\">  Nous joindre<\/a>\r\n        \r\n        <\/div>\r\n    <\/div>\r\n<\/div>\r\n\r\n\r\n<div id=\"column-69d12310a8a56\" class=\"none  fw-col-sm-6      wow \" data-wow-offset=\"120\" data-wow-duration=\"1.5s\" style=\"  \">\r\n        <div class=\"fw-main-row\"  style=\"\">\r\n        <div class=\"fw-col-inner\">\r\n            <div class=\"fw-single-image \" >\r\n\t\t    <img decoding=\"async\" src=\"\/\/casaaprod.wpengine.com\/wp-content\/uploads\/2021\/11\/images.jpg\" class=\"img-responsive self\" alt=\"\"  \/>\r\n\t<\/div>        <\/div>\r\n    <\/div>\r\n<\/div><\/div>\n\n        <\/div>\r\n    <\/div>\r\n<\/section>\r\n<\/p>\n","protected":false},"excerpt":{"rendered":"<p>Masse Nom de l&rsquo;objetMasseArtiste\/ArtisanJeffries &amp; Co., orf\u00e8vres de Victoria Date1954Mat\u00e9riauxArgent, plaqu\u00e9 d&rsquo;orDimensions5 kilogrammes (11 livres)&nbsp; Reference: https:\/\/www.leg.bc.ca\/dyl\/Pages\/Mace.aspx B\u00e2ton noir Nom de l&rsquo;objetB\u00e2ton noirArtiste\/ArtisanInconnu Date2012Mat\u00e9riauxBois, argent, orDimensionsS\/O Reference: https:\/\/www.leg.bc.ca\/dyl\/Pages\/The-Black-Rod.aspx Vous voulez plus d\u2019information? Pour en savoir plus sur les \u00e9l\u00e9ments patrimoniaux de chacune de nos l\u00e9gislatures, nous vous invitons \u00e0 visiter nos sites Web provinciaux. Nous [&hellip;]<\/p>\n","protected":false},"author":2,"featured_media":0,"parent":2495,"menu_order":1,"comment_status":"closed","ping_status":"closed","template":"template\/template-full-width.php","meta":{"_acf_changed":false,"ngg_post_thumbnail":0,"footnotes":""},"class_list":["post-2655","page","type-page","status-publish","hentry"],"acf":[],"yoast_head":"<!-- This site is optimized with the Yoast SEO plugin v26.4 - https:\/\/yoast.com\/wordpress\/plugins\/seo\/ -->\n<title>Colombie-Britannique - Canadian Association of Sergeants-at-Arms - Association canadienne des Sergents d&#039;armes<\/title>\n<meta name=\"robots\" content=\"index, follow, max-snippet:-1, max-image-preview:large, max-video-preview:-1\" \/>\n<link rel=\"canonical\" href=\"https:\/\/casaa-acsa.org\/fr\/sa-histoire\/colombie-britannique\/\" \/>\n<meta property=\"og:locale\" content=\"fr_FR\" \/>\n<meta property=\"og:type\" content=\"article\" \/>\n<meta property=\"og:title\" content=\"Colombie-Britannique - Canadian Association of Sergeants-at-Arms - Association canadienne des Sergents d&#039;armes\" \/>\n<meta property=\"og:description\" content=\"Masse Nom de l&#039;objetMasseArtiste\/ArtisanJeffries &amp; Co., orf\u00e8vres de Victoria Date1954Mat\u00e9riauxArgent, plaqu\u00e9 d&#039;orDimensions5 kilogrammes (11 livres)&nbsp; Reference: https:\/\/www.leg.bc.ca\/dyl\/Pages\/Mace.aspx B\u00e2ton noir Nom de l&#039;objetB\u00e2ton noirArtiste\/ArtisanInconnu Date2012Mat\u00e9riauxBois, argent, orDimensionsS\/O Reference: https:\/\/www.leg.bc.ca\/dyl\/Pages\/The-Black-Rod.aspx Vous voulez plus d\u2019information? Pour en savoir plus sur les \u00e9l\u00e9ments patrimoniaux de chacune de nos l\u00e9gislatures, nous vous invitons \u00e0 visiter nos sites Web provinciaux. Nous [&hellip;]\" \/>\n<meta property=\"og:url\" content=\"https:\/\/casaa-acsa.org\/fr\/sa-histoire\/colombie-britannique\/\" \/>\n<meta property=\"og:site_name\" content=\"Canadian Association of Sergeants-at-Arms - Association canadienne des Sergents d&#039;armes\" \/>\n<meta property=\"article:modified_time\" content=\"2021-11-16T15:11:36+00:00\" \/>\n<meta property=\"og:image\" content=\"\/\/casaaprod.wpengine.com\/wp-content\/uploads\/2021\/11\/Mace-8.jpg\" \/>\n<meta name=\"twitter:card\" content=\"summary_large_image\" \/>\n<script type=\"application\/ld+json\" class=\"yoast-schema-graph\">{\"@context\":\"https:\/\/schema.org\",\"@graph\":[{\"@type\":\"WebPage\",\"@id\":\"https:\/\/casaa-acsa.org\/fr\/sa-histoire\/colombie-britannique\/\",\"url\":\"https:\/\/casaa-acsa.org\/fr\/sa-histoire\/colombie-britannique\/\",\"name\":\"Colombie-Britannique - Canadian Association of Sergeants-at-Arms - Association canadienne des Sergents d&#039;armes\",\"isPartOf\":{\"@id\":\"https:\/\/casaa-acsa.org\/#website\"},\"datePublished\":\"2021-11-09T14:56:02+00:00\",\"dateModified\":\"2021-11-16T15:11:36+00:00\",\"breadcrumb\":{\"@id\":\"https:\/\/casaa-acsa.org\/fr\/sa-histoire\/colombie-britannique\/#breadcrumb\"},\"inLanguage\":\"fr-FR\",\"potentialAction\":[{\"@type\":\"ReadAction\",\"target\":[\"https:\/\/casaa-acsa.org\/fr\/sa-histoire\/colombie-britannique\/\"]}]},{\"@type\":\"BreadcrumbList\",\"@id\":\"https:\/\/casaa-acsa.org\/fr\/sa-histoire\/colombie-britannique\/#breadcrumb\",\"itemListElement\":[{\"@type\":\"ListItem\",\"position\":1,\"name\":\"Home\",\"item\":\"https:\/\/casaa-acsa.org\/fr\/\"},{\"@type\":\"ListItem\",\"position\":2,\"name\":\"SA Histoire\",\"item\":\"https:\/\/casaa-acsa.org\/fr\/sa-histoire\/\"},{\"@type\":\"ListItem\",\"position\":3,\"name\":\"Colombie-Britannique\"}]},{\"@type\":\"WebSite\",\"@id\":\"https:\/\/casaa-acsa.org\/#website\",\"url\":\"https:\/\/casaa-acsa.org\/\",\"name\":\"Canadian Association of Sergeants-at-Arms - Association canadienne des Sergents d&#039;armes\",\"description\":\"\",\"potentialAction\":[{\"@type\":\"SearchAction\",\"target\":{\"@type\":\"EntryPoint\",\"urlTemplate\":\"https:\/\/casaa-acsa.org\/?s={search_term_string}\"},\"query-input\":{\"@type\":\"PropertyValueSpecification\",\"valueRequired\":true,\"valueName\":\"search_term_string\"}}],\"inLanguage\":\"fr-FR\"}]}<\/script>\n<!-- \/ Yoast SEO plugin. -->","yoast_head_json":{"title":"Colombie-Britannique - Canadian Association of Sergeants-at-Arms - Association canadienne des Sergents d&#039;armes","robots":{"index":"index","follow":"follow","max-snippet":"max-snippet:-1","max-image-preview":"max-image-preview:large","max-video-preview":"max-video-preview:-1"},"canonical":"https:\/\/casaa-acsa.org\/fr\/sa-histoire\/colombie-britannique\/","og_locale":"fr_FR","og_type":"article","og_title":"Colombie-Britannique - Canadian Association of Sergeants-at-Arms - Association canadienne des Sergents d&#039;armes","og_description":"Masse Nom de l'objetMasseArtiste\/ArtisanJeffries &amp; Co., orf\u00e8vres de Victoria Date1954Mat\u00e9riauxArgent, plaqu\u00e9 d'orDimensions5 kilogrammes (11 livres)&nbsp; Reference: https:\/\/www.leg.bc.ca\/dyl\/Pages\/Mace.aspx B\u00e2ton noir Nom de l'objetB\u00e2ton noirArtiste\/ArtisanInconnu Date2012Mat\u00e9riauxBois, argent, orDimensionsS\/O Reference: https:\/\/www.leg.bc.ca\/dyl\/Pages\/The-Black-Rod.aspx Vous voulez plus d\u2019information? Pour en savoir plus sur les \u00e9l\u00e9ments patrimoniaux de chacune de nos l\u00e9gislatures, nous vous invitons \u00e0 visiter nos sites Web provinciaux. Nous [&hellip;]","og_url":"https:\/\/casaa-acsa.org\/fr\/sa-histoire\/colombie-britannique\/","og_site_name":"Canadian Association of Sergeants-at-Arms - Association canadienne des Sergents d&#039;armes","article_modified_time":"2021-11-16T15:11:36+00:00","og_image":[{"url":"\/\/casaaprod.wpengine.com\/wp-content\/uploads\/2021\/11\/Mace-8.jpg","type":"","width":"","height":""}],"twitter_card":"summary_large_image","schema":{"@context":"https:\/\/schema.org","@graph":[{"@type":"WebPage","@id":"https:\/\/casaa-acsa.org\/fr\/sa-histoire\/colombie-britannique\/","url":"https:\/\/casaa-acsa.org\/fr\/sa-histoire\/colombie-britannique\/","name":"Colombie-Britannique - Canadian Association of Sergeants-at-Arms - Association canadienne des Sergents d&#039;armes","isPartOf":{"@id":"https:\/\/casaa-acsa.org\/#website"},"datePublished":"2021-11-09T14:56:02+00:00","dateModified":"2021-11-16T15:11:36+00:00","breadcrumb":{"@id":"https:\/\/casaa-acsa.org\/fr\/sa-histoire\/colombie-britannique\/#breadcrumb"},"inLanguage":"fr-FR","potentialAction":[{"@type":"ReadAction","target":["https:\/\/casaa-acsa.org\/fr\/sa-histoire\/colombie-britannique\/"]}]},{"@type":"BreadcrumbList","@id":"https:\/\/casaa-acsa.org\/fr\/sa-histoire\/colombie-britannique\/#breadcrumb","itemListElement":[{"@type":"ListItem","position":1,"name":"Home","item":"https:\/\/casaa-acsa.org\/fr\/"},{"@type":"ListItem","position":2,"name":"SA Histoire","item":"https:\/\/casaa-acsa.org\/fr\/sa-histoire\/"},{"@type":"ListItem","position":3,"name":"Colombie-Britannique"}]},{"@type":"WebSite","@id":"https:\/\/casaa-acsa.org\/#website","url":"https:\/\/casaa-acsa.org\/","name":"Canadian Association of Sergeants-at-Arms - Association canadienne des Sergents d&#039;armes","description":"","potentialAction":[{"@type":"SearchAction","target":{"@type":"EntryPoint","urlTemplate":"https:\/\/casaa-acsa.org\/?s={search_term_string}"},"query-input":{"@type":"PropertyValueSpecification","valueRequired":true,"valueName":"search_term_string"}}],"inLanguage":"fr-FR"}]}},"_links":{"self":[{"href":"https:\/\/casaa-acsa.org\/fr\/wp-json\/wp\/v2\/pages\/2655","targetHints":{"allow":["GET"]}}],"collection":[{"href":"https:\/\/casaa-acsa.org\/fr\/wp-json\/wp\/v2\/pages"}],"about":[{"href":"https:\/\/casaa-acsa.org\/fr\/wp-json\/wp\/v2\/types\/page"}],"author":[{"embeddable":true,"href":"https:\/\/casaa-acsa.org\/fr\/wp-json\/wp\/v2\/users\/2"}],"replies":[{"embeddable":true,"href":"https:\/\/casaa-acsa.org\/fr\/wp-json\/wp\/v2\/comments?post=2655"}],"version-history":[{"count":0,"href":"https:\/\/casaa-acsa.org\/fr\/wp-json\/wp\/v2\/pages\/2655\/revisions"}],"up":[{"embeddable":true,"href":"https:\/\/casaa-acsa.org\/fr\/wp-json\/wp\/v2\/pages\/2495"}],"wp:attachment":[{"href":"https:\/\/casaa-acsa.org\/fr\/wp-json\/wp\/v2\/media?parent=2655"}],"curies":[{"name":"wp","href":"https:\/\/api.w.org\/{rel}","templated":true}]}}