{"id":2496,"date":"2020-12-30T17:04:28","date_gmt":"2020-12-30T17:04:28","guid":{"rendered":"https:\/\/casaaprod.wpengine.com\/?page_id=2496"},"modified":"2025-05-14T08:52:13","modified_gmt":"2025-05-14T12:52:13","slug":"sites-web-parlementaires","status":"publish","type":"page","link":"https:\/\/casaa-acsa.org\/fr\/sites-web-parlementaires\/","title":{"rendered":"Sites Web parlementaires"},"content":{"rendered":"<p><section  id=\"section-69f7189e32fb0\" class=\"fw-main-row   auto \"  style=\"  \"  >\r\n    <div >\r\n        <div class=\"fw-container sections\">\r\n\t\t\t<div class=\"fw-row\">\n\t\r\n\r\n\r\n<div id=\"column-69f7189e33172\" class=\"none  fw-col-sm-12      wow \" data-wow-offset=\"120\" data-wow-duration=\"1.5s\" style=\"  \">\r\n        <div class=\"fw-main-row\"  style=\"\">\r\n        <div class=\"fw-col-inner\">\r\n            \r\n<div class=\"fw-heading heading fw-heading-h2 fw-heading-center  \" style=\" color:\">\r\n        <div class=\"\"><h2 class='fw-special-title'>Aimeriez-vous en apprendre davantage sur votre assembl\u00e9e l\u00e9gislative provinciale?<\/h2><\/div>\r\n\r\n        <div class=\"\"><h6 class='fw-special-subtitle'>Nous vous invitons \u00e0 consulter les sites Web de nos assembl\u00e9es l\u00e9gislatives pour en apprendre davantage sur le Parlement et les traditions parlementaires.<\/h6><\/div>\r\n<\/div>\r\n\r\n\r\n\r\n        <\/div>\r\n    <\/div>\r\n<\/div><\/div>\n\n<div class=\"fw-row\">\n\t\r\n\r\n\r\n<div id=\"column-69f7189e332f6\" class=\"none  fw-col-sm-12      wow \" data-wow-offset=\"120\" data-wow-duration=\"1.5s\" style=\"  \">\r\n        <div class=\"fw-main-row\"  style=\"\">\r\n        <div class=\"fw-col-inner\">\r\n            \r\n<div class=\"fw-heading heading fw-heading-h4 fw-heading-center  \" style=\" color:\">\r\n        <div class=\"\"><h4 class='fw-special-title'>Site web parlementaires<\/h4><\/div>\r\n\r\n        <div class=\"\"><h5 class='fw-special-subtitle'><\/h5><\/div>\r\n<\/div>\r\n\r\n\r\n\r\n        <\/div>\r\n    <\/div>\r\n<\/div><\/div>\n\n<div class=\"fw-row\">\n\t\r\n\r\n\r\n<div id=\"column-69f7189e33415\" class=\"none  fw-col-sm-3      wow \" data-wow-offset=\"120\" data-wow-duration=\"1.5s\" style=\"  \">\r\n        <div class=\"fw-main-row\"  style=\"\">\r\n        <div class=\"fw-col-inner\">\r\n                    <\/div>\r\n    <\/div>\r\n<\/div>\r\n\r\n\r\n<div id=\"column-69f7189e33451\" class=\"text-left  fw-col-sm-3      wow \" data-wow-offset=\"120\" data-wow-duration=\"1.5s\" style=\"  \">\r\n        <div class=\"fw-main-row\"  style=\"\">\r\n        <div class=\"fw-col-inner\">\r\n            <div class=\"getleads-list list-default  \">\r\n    <ul>\r\n                                            <li><a href=\"https:\/\/www.assembly.ab.ca\/\" target=\"_self\">Alberta<\/a>\r\n                            <\/li>\r\n                                        <li><a href=\"https:\/\/www.leg.bc.ca\/\" target=\"_self\">British Columbia<\/a>\r\n                            <\/li>\r\n                                        <li><a href=\"https:\/\/www.noscommunes.ca\/fr\/accueil\" target=\"_self\">Canada \u2013 Cdc<\/a>\r\n                            <\/li>\r\n                                        <li><a href=\"https:\/\/spp.parl.ca\/\" target=\"_self\">Canada \u2013 SPP<\/a>\r\n                            <\/li>\r\n                                        <li><a href=\"https:\/\/sencanada.ca\/fr\" target=\"_self\">Canada \u2013 S\u00e9nat<\/a>\r\n                            <\/li>\r\n                                        <li><a href=\"https:\/\/www.gov.mb.ca\/legislature\/index.fr.html\" target=\"_self\">Manitoba<\/a>\r\n                            <\/li>\r\n                                        <li><a href=\"https:\/\/legnb.ca\/fr\" target=\"_self\">Nouveau-Brunswick<\/a>\r\n                            <\/li>\r\n                                        <li><a href=\"https:\/\/www.assembly.nl.ca\/\" target=\"_self\">Terre-Neuve-et-Labrador<\/a>\r\n                            <\/li>\r\n                                        <li><a href=\"https:\/\/www.ntassembly.ca\/fr\" target=\"_self\">Territoires du Nord-Ouest<\/a>\r\n                            <\/li>\r\n            <\/ul>\r\n<\/div>        <\/div>\r\n    <\/div>\r\n<\/div>\r\n\r\n\r\n<div id=\"column-69f7189e336a5\" class=\"text-left  fw-col-sm-3      wow \" data-wow-offset=\"120\" data-wow-duration=\"1.5s\" style=\"  \">\r\n        <div class=\"fw-main-row\"  style=\"\">\r\n        <div class=\"fw-col-inner\">\r\n            <div class=\"getleads-list list-default  \">\r\n    <ul>\r\n                                            <li><a href=\"https:\/\/nslegislature.ca\/\" target=\"_self\">Nouvelle-\u00c9cosse<\/a>\r\n                            <\/li>\r\n                                        <li><a href=\"https:\/\/www.assembly.nu.ca\/\" target=\"_self\">Nunavut<\/a>\r\n                            <\/li>\r\n                                        <li><a href=\"https:\/\/www.ola.org\/\" target=\"_self\">Ontario<\/a>\r\n                            <\/li>\r\n                                        <li><a href=\"https:\/\/www.assembly.pe.ca\/\" target=\"_self\">\u00cele-du-Prince-\u00c9douard<\/a>\r\n                            <\/li>\r\n                                        <li><a href=\"http:\/\/www.assnat.qc.ca\/\" target=\"_self\">Qu\u00e9bec<\/a>\r\n                            <\/li>\r\n                                        <li><a href=\"https:\/\/www.legassembly.sk.ca\/\" target=\"_self\">Saskatchewan<\/a>\r\n                            <\/li>\r\n                                        <li><a href=\"https:\/\/yukonassembly.ca\/\" target=\"_self\">Yukon<\/a>\r\n                            <\/li>\r\n            <\/ul>\r\n<\/div>        <\/div>\r\n    <\/div>\r\n<\/div>\r\n\r\n\r\n<div id=\"column-69f7189e3386d\" class=\"none  fw-col-sm-3      wow \" data-wow-offset=\"120\" data-wow-duration=\"1.5s\" style=\"  \">\r\n        <div class=\"fw-main-row\"  style=\"\">\r\n        <div class=\"fw-col-inner\">\r\n                    <\/div>\r\n    <\/div>\r\n<\/div><\/div>\n\n        <\/div>\r\n    <\/div>\r\n<\/section>\r\n<section  id=\"section-69f7189e338ed\" class=\"fw-main-row   auto \"  style=\"  \"  >\r\n    <div >\r\n        <div class=\"fw-container sections\">\r\n\t\t\t<div class=\"fw-row\">\n\t\r\n\r\n\r\n<div id=\"column-69f7189e339ca\" class=\"none  fw-col-sm-12      wow \" data-wow-offset=\"120\" data-wow-duration=\"1.5s\" style=\"  \">\r\n        <div class=\"fw-main-row\"  style=\"\">\r\n        <div class=\"fw-col-inner\">\r\n            \r\n<div class=\"fw-heading heading fw-heading-h4 fw-heading-center  \" style=\" color:\">\r\n        <div class=\"\"><h4 class='fw-special-title'>Partenaires internationaux<\/h4><\/div>\r\n\r\n        <div class=\"\"><h5 class='fw-special-subtitle'><\/h5><\/div>\r\n<\/div>\r\n\r\n\r\n\r\n        <\/div>\r\n    <\/div>\r\n<\/div><\/div>\n\n<div class=\"fw-row\">\n\t\r\n\r\n\r\n<div id=\"column-69f7189e33b1f\" class=\"none  fw-col-sm-3      wow \" data-wow-offset=\"120\" data-wow-duration=\"1.5s\" style=\"  \">\r\n        <div class=\"fw-main-row\"  style=\"\">\r\n        <div class=\"fw-col-inner\">\r\n                    <\/div>\r\n    <\/div>\r\n<\/div>\r\n\r\n\r\n<div id=\"column-69f7189e33b79\" class=\"text-left  fw-col-sm-3      wow \" data-wow-offset=\"120\" data-wow-duration=\"1.5s\" style=\"  \">\r\n        <div class=\"fw-main-row\"  style=\"\">\r\n        <div class=\"fw-col-inner\">\r\n            <div class=\"getleads-list list-default  \">\r\n    <ul>\r\n                                            <li><a href=\"https:\/\/www.assembly.ab.ca\/\" target=\"_self\">Australie<\/a>\r\n                            <\/li>\r\n                                        <li><a href=\"https:\/\/www.parliament.nz\/en\/\" target=\"_self\">Nouvelle-Z\u00e9lande<\/a>\r\n                            <\/li>\r\n                                        <li><a href=\"https:\/\/www.house.gov\/the-house-explained\/officers-and-organizations\/sergeant-at-arms\" target=\"_self\">Sergeant at Arms | house.gov<\/a>\r\n                            <\/li>\r\n            <\/ul>\r\n<\/div>        <\/div>\r\n    <\/div>\r\n<\/div>\r\n\r\n\r\n<div id=\"column-69f7189e33d24\" class=\"text-left  fw-col-sm-3      wow \" data-wow-offset=\"120\" data-wow-duration=\"1.5s\" style=\"  \">\r\n        <div class=\"fw-main-row\"  style=\"\">\r\n        <div class=\"fw-col-inner\">\r\n            <div class=\"getleads-list list-default  \">\r\n    <ul>\r\n                                            <li><a href=\"https:\/\/www.parliament.uk\/\" target=\"_self\">Royaume-Uni<\/a>\r\n                            <\/li>\r\n                                        <li><a href=\"https:\/\/www.senate.gov\/about\/officers-staff\/sergeant-at-arms.htm\" target=\"_self\">U.S. Senate: Office of the Sergeant at Arms<\/a>\r\n                            <\/li>\r\n            <\/ul>\r\n<\/div>        <\/div>\r\n    <\/div>\r\n<\/div>\r\n\r\n\r\n<div id=\"column-69f7189e33e31\" class=\"none  fw-col-sm-3      wow \" data-wow-offset=\"120\" data-wow-duration=\"1.5s\" style=\"  \">\r\n        <div class=\"fw-main-row\"  style=\"\">\r\n        <div class=\"fw-col-inner\">\r\n                    <\/div>\r\n    <\/div>\r\n<\/div><\/div>\n\n        <\/div>\r\n    <\/div>\r\n<\/section>\r\n<\/p>\n","protected":false},"excerpt":{"rendered":"<p>Aimeriez-vous en apprendre davantage sur votre assembl\u00e9e l\u00e9gislative provinciale? Nous vous invitons \u00e0 consulter les sites Web de nos assembl\u00e9es l\u00e9gislatives pour en apprendre davantage sur le Parlement et les traditions parlementaires. Site web parlementaires Alberta British Columbia Canada \u2013 Cdc Canada \u2013 SPP Canada \u2013 S\u00e9nat Manitoba Nouveau-Brunswick Terre-Neuve-et-Labrador Territoires du Nord-Ouest Nouvelle-\u00c9cosse Nunavut [&hellip;]<\/p>\n","protected":false},"author":2,"featured_media":0,"parent":0,"menu_order":5,"comment_status":"closed","ping_status":"closed","template":"template\/template-full-width.php","meta":{"_acf_changed":false,"ngg_post_thumbnail":0,"footnotes":""},"class_list":["post-2496","page","type-page","status-publish","hentry"],"acf":[],"yoast_head":"<!-- This site is optimized with the Yoast SEO plugin v26.4 - https:\/\/yoast.com\/wordpress\/plugins\/seo\/ -->\n<title>Sites Web parlementaires - Canadian Association of Sergeants-at-Arms - Association canadienne des Sergents d&#039;armes<\/title>\n<meta name=\"robots\" content=\"index, follow, max-snippet:-1, max-image-preview:large, max-video-preview:-1\" \/>\n<link rel=\"canonical\" href=\"https:\/\/casaa-acsa.org\/fr\/sites-web-parlementaires\/\" \/>\n<meta property=\"og:locale\" content=\"fr_FR\" \/>\n<meta property=\"og:type\" content=\"article\" \/>\n<meta property=\"og:title\" content=\"Sites Web parlementaires - Canadian Association of Sergeants-at-Arms - Association canadienne des Sergents d&#039;armes\" \/>\n<meta property=\"og:description\" content=\"Aimeriez-vous en apprendre davantage sur votre assembl\u00e9e l\u00e9gislative provinciale? Nous vous invitons \u00e0 consulter les sites Web de nos assembl\u00e9es l\u00e9gislatives pour en apprendre davantage sur le Parlement et les traditions parlementaires. Site web parlementaires Alberta British Columbia Canada \u2013 Cdc Canada \u2013 SPP Canada \u2013 S\u00e9nat Manitoba Nouveau-Brunswick Terre-Neuve-et-Labrador Territoires du Nord-Ouest Nouvelle-\u00c9cosse Nunavut [&hellip;]\" \/>\n<meta property=\"og:url\" content=\"https:\/\/casaa-acsa.org\/fr\/sites-web-parlementaires\/\" \/>\n<meta property=\"og:site_name\" content=\"Canadian Association of Sergeants-at-Arms - Association canadienne des Sergents d&#039;armes\" \/>\n<meta property=\"article:modified_time\" content=\"2025-05-14T12:52:13+00:00\" \/>\n<meta name=\"twitter:card\" content=\"summary_large_image\" \/>\n<meta name=\"twitter:label1\" content=\"Dur\u00e9e de lecture estim\u00e9e\" \/>\n\t<meta name=\"twitter:data1\" content=\"1 minute\" \/>\n<script type=\"application\/ld+json\" class=\"yoast-schema-graph\">{\"@context\":\"https:\/\/schema.org\",\"@graph\":[{\"@type\":\"WebPage\",\"@id\":\"https:\/\/casaa-acsa.org\/fr\/sites-web-parlementaires\/\",\"url\":\"https:\/\/casaa-acsa.org\/fr\/sites-web-parlementaires\/\",\"name\":\"Sites Web parlementaires - Canadian Association of Sergeants-at-Arms - Association canadienne des Sergents d&#039;armes\",\"isPartOf\":{\"@id\":\"https:\/\/casaa-acsa.org\/#website\"},\"datePublished\":\"2020-12-30T17:04:28+00:00\",\"dateModified\":\"2025-05-14T12:52:13+00:00\",\"breadcrumb\":{\"@id\":\"https:\/\/casaa-acsa.org\/fr\/sites-web-parlementaires\/#breadcrumb\"},\"inLanguage\":\"fr-FR\",\"potentialAction\":[{\"@type\":\"ReadAction\",\"target\":[\"https:\/\/casaa-acsa.org\/fr\/sites-web-parlementaires\/\"]}]},{\"@type\":\"BreadcrumbList\",\"@id\":\"https:\/\/casaa-acsa.org\/fr\/sites-web-parlementaires\/#breadcrumb\",\"itemListElement\":[{\"@type\":\"ListItem\",\"position\":1,\"name\":\"Home\",\"item\":\"https:\/\/casaa-acsa.org\/fr\/\"},{\"@type\":\"ListItem\",\"position\":2,\"name\":\"Sites Web parlementaires\"}]},{\"@type\":\"WebSite\",\"@id\":\"https:\/\/casaa-acsa.org\/#website\",\"url\":\"https:\/\/casaa-acsa.org\/\",\"name\":\"Canadian Association of Sergeants-at-Arms - Association canadienne des Sergents d&#039;armes\",\"description\":\"\",\"potentialAction\":[{\"@type\":\"SearchAction\",\"target\":{\"@type\":\"EntryPoint\",\"urlTemplate\":\"https:\/\/casaa-acsa.org\/?s={search_term_string}\"},\"query-input\":{\"@type\":\"PropertyValueSpecification\",\"valueRequired\":true,\"valueName\":\"search_term_string\"}}],\"inLanguage\":\"fr-FR\"}]}<\/script>\n<!-- \/ Yoast SEO plugin. -->","yoast_head_json":{"title":"Sites Web parlementaires - Canadian Association of Sergeants-at-Arms - Association canadienne des Sergents d&#039;armes","robots":{"index":"index","follow":"follow","max-snippet":"max-snippet:-1","max-image-preview":"max-image-preview:large","max-video-preview":"max-video-preview:-1"},"canonical":"https:\/\/casaa-acsa.org\/fr\/sites-web-parlementaires\/","og_locale":"fr_FR","og_type":"article","og_title":"Sites Web parlementaires - Canadian Association of Sergeants-at-Arms - Association canadienne des Sergents d&#039;armes","og_description":"Aimeriez-vous en apprendre davantage sur votre assembl\u00e9e l\u00e9gislative provinciale? Nous vous invitons \u00e0 consulter les sites Web de nos assembl\u00e9es l\u00e9gislatives pour en apprendre davantage sur le Parlement et les traditions parlementaires. Site web parlementaires Alberta British Columbia Canada \u2013 Cdc Canada \u2013 SPP Canada \u2013 S\u00e9nat Manitoba Nouveau-Brunswick Terre-Neuve-et-Labrador Territoires du Nord-Ouest Nouvelle-\u00c9cosse Nunavut [&hellip;]","og_url":"https:\/\/casaa-acsa.org\/fr\/sites-web-parlementaires\/","og_site_name":"Canadian Association of Sergeants-at-Arms - Association canadienne des Sergents d&#039;armes","article_modified_time":"2025-05-14T12:52:13+00:00","twitter_card":"summary_large_image","twitter_misc":{"Dur\u00e9e de lecture estim\u00e9e":"1 minute"},"schema":{"@context":"https:\/\/schema.org","@graph":[{"@type":"WebPage","@id":"https:\/\/casaa-acsa.org\/fr\/sites-web-parlementaires\/","url":"https:\/\/casaa-acsa.org\/fr\/sites-web-parlementaires\/","name":"Sites Web parlementaires - Canadian Association of Sergeants-at-Arms - Association canadienne des Sergents d&#039;armes","isPartOf":{"@id":"https:\/\/casaa-acsa.org\/#website"},"datePublished":"2020-12-30T17:04:28+00:00","dateModified":"2025-05-14T12:52:13+00:00","breadcrumb":{"@id":"https:\/\/casaa-acsa.org\/fr\/sites-web-parlementaires\/#breadcrumb"},"inLanguage":"fr-FR","potentialAction":[{"@type":"ReadAction","target":["https:\/\/casaa-acsa.org\/fr\/sites-web-parlementaires\/"]}]},{"@type":"BreadcrumbList","@id":"https:\/\/casaa-acsa.org\/fr\/sites-web-parlementaires\/#breadcrumb","itemListElement":[{"@type":"ListItem","position":1,"name":"Home","item":"https:\/\/casaa-acsa.org\/fr\/"},{"@type":"ListItem","position":2,"name":"Sites Web parlementaires"}]},{"@type":"WebSite","@id":"https:\/\/casaa-acsa.org\/#website","url":"https:\/\/casaa-acsa.org\/","name":"Canadian Association of Sergeants-at-Arms - Association canadienne des Sergents d&#039;armes","description":"","potentialAction":[{"@type":"SearchAction","target":{"@type":"EntryPoint","urlTemplate":"https:\/\/casaa-acsa.org\/?s={search_term_string}"},"query-input":{"@type":"PropertyValueSpecification","valueRequired":true,"valueName":"search_term_string"}}],"inLanguage":"fr-FR"}]}},"_links":{"self":[{"href":"https:\/\/casaa-acsa.org\/fr\/wp-json\/wp\/v2\/pages\/2496","targetHints":{"allow":["GET"]}}],"collection":[{"href":"https:\/\/casaa-acsa.org\/fr\/wp-json\/wp\/v2\/pages"}],"about":[{"href":"https:\/\/casaa-acsa.org\/fr\/wp-json\/wp\/v2\/types\/page"}],"author":[{"embeddable":true,"href":"https:\/\/casaa-acsa.org\/fr\/wp-json\/wp\/v2\/users\/2"}],"replies":[{"embeddable":true,"href":"https:\/\/casaa-acsa.org\/fr\/wp-json\/wp\/v2\/comments?post=2496"}],"version-history":[{"count":0,"href":"https:\/\/casaa-acsa.org\/fr\/wp-json\/wp\/v2\/pages\/2496\/revisions"}],"wp:attachment":[{"href":"https:\/\/casaa-acsa.org\/fr\/wp-json\/wp\/v2\/media?parent=2496"}],"curies":[{"name":"wp","href":"https:\/\/api.w.org\/{rel}","templated":true}]}}