{"id":2495,"date":"2020-12-30T16:45:32","date_gmt":"2020-12-30T16:45:32","guid":{"rendered":"https:\/\/casaaprod.wpengine.com\/?page_id=2495"},"modified":"2023-08-17T17:46:57","modified_gmt":"2023-08-17T17:46:57","slug":"sa-histoire","status":"publish","type":"page","link":"https:\/\/casaa-acsa.org\/fr\/sa-histoire\/","title":{"rendered":"SA Histoire"},"content":{"rendered":"<p><section  id=\"section-69f46dc179c92\" class=\"fw-main-row   auto \"  style=\"  \"  >\r\n    <div >\r\n        <div class=\"fw-container min-spacing\">\r\n\t\t\t<div class=\"fw-row\">\n\t\r\n\r\n\r\n<div id=\"column-69f46dc179e8f\" class=\"none  fw-col-sm-12      wow \" data-wow-offset=\"120\" data-wow-duration=\"1.5s\" style=\"  \">\r\n        <div class=\"fw-main-row\"  style=\"\">\r\n        <div class=\"fw-col-inner\">\r\n            \r\n<div class=\"fw-heading heading fw-heading-h2 fw-heading-center  \" style=\" color:\">\r\n        <div class=\"\"><h2 class='fw-special-title'>Objets de c\u00e9r\u00e9monie SA<\/h2><\/div>\r\n\r\n        <div class=\"\"><h5 class='fw-special-subtitle'>De nombreux objets font partie des collections patrimoniales de nos assembl\u00e9es l\u00e9gislatives, qu\u2019il s\u2019agisse d\u2019\u0153uvres d\u2019art et de mobilier, de sculptures ou d\u2019objets de c\u00e9r\u00e9monie, y compris ceux transport\u00e9s par le sergent d\u2019armes.<\/h5><\/div>\r\n<\/div>\r\n\r\n\r\n\r\n        <\/div>\r\n    <\/div>\r\n<\/div><\/div>\n\n        <\/div>\r\n    <\/div>\r\n<\/section>\r\n<section  id=\"section-69f46dc17a078\" class=\"fw-main-row   auto \"  style=\"background-color:#69696e;  \"  >\r\n    <div >\r\n        <div class=\"fw-container min-spacing\">\r\n\t\t\t<div class=\"fw-row\">\n\t\r\n\r\n\r\n<div id=\"column-69f46dc17a20a\" class=\"text-left  fw-col-sm-6      wow \" data-wow-offset=\"120\" data-wow-duration=\"1.5s\" style=\"  \">\r\n        <div class=\"fw-main-row\"  style=\"\">\r\n        <div class=\"fw-col-inner\">\r\n            <div class=\"fw-single-image \" >\r\n\t\t    <img decoding=\"async\" src=\"\/\/casaaprod.wpengine.com\/wp-content\/uploads\/2020\/05\/HOC-2019-1204-MG-01-006-1-scaled.jpg\" class=\"img-responsive self\" alt=\"\"  \/>\r\n\t<\/div><div class=\"fw-single-image \" >\r\n\t\t    <img decoding=\"async\" src=\"\/\/casaaprod.wpengine.com\/wp-content\/uploads\/2020\/05\/HOC-2019-1204-MG-01-007-1-scaled.jpg\" class=\"img-responsive self\" alt=\"\"  \/>\r\n\t<\/div>        <\/div>\r\n    <\/div>\r\n<\/div>\r\n\r\n\r\n<div id=\"column-69f46dc17a41f\" class=\"text-left  fw-col-sm-6      wow \" data-wow-offset=\"120\" data-wow-duration=\"1.5s\" style=\"  color:#ffffff\">\r\n        <div class=\"fw-main-row\"  style=\"background-color:#69696e;\">\r\n        <div class=\"fw-col-inner\"style=\"padding: 70px 30px 100px 30px; margin: 0px 0px 0px 0px;\">\r\n            \r\n<div class=\"fw-heading heading fw-heading-h1   \" style=\" color:\">\r\n        <div class=\"fw-special-title-half\"><h1 class='fw-special-title'>\u00c9p\u00e9e du SA<\/h1><\/div>\r\n\r\n        <div class=\"fw-special-subtitle-half\"><h3 class='fw-special-subtitle'>\u00c9p\u00e9e du sergent d\u2019armes de la Chambre des communes<\/h3><\/div>\r\n<\/div>\r\n\r\n\r\n\r\n<p><span id=\"s2_2\"><strong>Nom de l\u2019\u00e9p\u00e9e<\/strong> : \u00ab SAA \u00bb, fabricant inconnu (Angleterre), vers 1840<\/span><\/p><p><span id=\"s2_3\">L\u2019\u00e9p\u00e9e SAA est le deuxi\u00e8me objet le plus ancien de la collection patrimoniale de la Chambre des communes, apr\u00e8s l\u2019\u00e9p\u00e9e Gaunt qui date d\u2019environ 1780. L\u2019\u00e9p\u00e9e de la SAA a \u00e9t\u00e9 acquise par la Chambre des communes en 1945. Le sergent d\u2019armes l\u2019utilise depuis 1978:<\/span><\/p><p><span id=\"s2_4\">Major-g\u00e9n\u00e9ral Cloutier 1978-2005<\/span><br \/><span id=\"s2_5\">Audrey O\u2019Brien (int\u00e9rimaire) 2005-2006<\/span><br \/><span id=\"s2_6\">Kevin Vickers 2006-2014<\/span><br \/><span id=\"s2_7\">Patrick McDonell 2019-pr\u00e9sent<\/span><br \/><span id=\"s2_8\">L\u2019\u00e9p\u00e9e de Gaunt n\u2019est plus utilis\u00e9e, en raison de sa fragilit\u00e9.<\/span><\/p><p><span id=\"s2_9\">L\u2019\u00e9p\u00e9e SAA est une \u00e9p\u00e9e de cour en acier coup\u00e9 avec une lame triple.<\/span>&nbsp;<span id=\"s2_10\">La gravure d\u00e9taill\u00e9e et d\u00e9licate des deux c\u00f4t\u00e9s de la lame s\u2019\u00e9tend de l\u2019ar\u00eate vers le milieu de la lame.<\/span>&nbsp;<span id=\"s2_11\">La lame mesure 78 cm de long et 1,1 cm de large, tandis que la poign\u00e9e mesure 17 cm de long et 10,5 cm de large.<\/span><\/p><p><span id=\"s2_1\">L\u2019\u00e9p\u00e9e SAA dispose \u00e9galement d\u2019une poign\u00e9e en acier coup\u00e9 compos\u00e9 de rivets \u00e0 facettes dispos\u00e9es dans un motif circulaire central et deux mod\u00e8les de croix, r\u00e9p\u00e9t\u00e9es sur le dessus et le dessous.<\/span>&nbsp;<span id=\"s2_2\">Le garde-corps de la coque en acier coup\u00e9, situ\u00e9 sous la poign\u00e9e, comporte des stries verticales et est facett\u00e9 avec les m\u00eames rivets que la poign\u00e9e.<\/span><\/p>        <\/div>\r\n    <\/div>\r\n<\/div><\/div>\n\n        <\/div>\r\n    <\/div>\r\n<\/section>\r\n<section  id=\"section-69f46dc17a678\" class=\"fw-main-row   auto \"  style=\"background-color:#2e8b57;  \"  >\r\n    <div >\r\n        <div class=\"fw-container sections\">\r\n\t\t\t<div class=\"fw-row\">\n\t\r\n\r\n\r\n<div id=\"column-69f46dc17a755\" class=\"text-left  fw-col-sm-6      wow \" data-wow-offset=\"120\" data-wow-duration=\"1.5s\" style=\"  color:#ffffff\">\r\n        <div class=\"fw-main-row\"  style=\"\">\r\n        <div class=\"fw-col-inner\"style=\"padding: 100px 30px 100px 30px; margin: 0px 0px 0px 0px;\">\r\n            \r\n<div class=\"fw-heading heading fw-heading-h1   \" style=\" color:\">\r\n        <div class=\"fw-special-title-half\"><h1 class='fw-special-title'>\u00c9p\u00e9e de Solingen<\/h1><\/div>\r\n\r\n        <div class=\"fw-special-subtitle-half\"><h3 class='fw-special-subtitle'>\u00c9p\u00e9e du sergent d\u2019armes adjoint de la Chambre des communes<\/h3><\/div>\r\n<\/div>\r\n\r\n\r\n\r\n<p><strong><span id=\"s2_1\">Nom de l\u2019\u00e9p\u00e9e&nbsp;: \u00ab&nbsp;Solingen&nbsp;\u00bb<\/span><\/strong><br \/><strong><span id=\"s2_2\">Maker&nbsp;:<\/span><\/strong><\/p><p><span id=\"s2_3\">Lame&nbsp;: WKC, Solingen, Allemagne<\/span><br \/><span id=\"s2_4\">Hilt&nbsp;: Donald Spratling Designs, Toronto, Canada<\/span><br \/><span id=\"s2_5\"><strong>Date&nbsp;<\/strong>: vers 1990<\/span><br \/><span id=\"s2_6\"><strong>Utilis\u00e9 pa<\/strong>r&nbsp;: Adjoint SAA<\/span><br \/><span id=\"s2_7\"><strong>Historique<\/strong>&nbsp;:<\/span><\/p><p><span id=\"s2_8\">Achet\u00e9 vers 1990.<\/span><br \/><span id=\"s2_9\">C\u2019est une \u00e9p\u00e9e habill\u00e9e.<\/span><br \/><span id=\"s2_10\">Les supports Hilt et Scabbard sont en m\u00e9tal avec plaque de nickel.<\/span>&nbsp;<span id=\"s2_11\">Lame en acier inoxydable.<\/span><br \/><span id=\"s2_12\">C\u2019est l\u2019\u00e9p\u00e9e du Sgt-at-Arms et a \u00e9t\u00e9 utilis\u00e9e par le Sgt-at-Arms depuis 1990.<\/span><\/p>        <\/div>\r\n    <\/div>\r\n<\/div>\r\n\r\n\r\n<div id=\"column-69f46dc17a8dd\" class=\"text-left  fw-col-sm-6      wow \" data-wow-offset=\"120\" data-wow-duration=\"1.5s\" style=\"  \">\r\n        <div class=\"fw-main-row\"  style=\"\">\r\n        <div class=\"fw-col-inner\">\r\n            <div class=\"fw-single-image \" >\r\n\t\t    <img decoding=\"async\" src=\"\/\/casaaprod.wpengine.com\/wp-content\/uploads\/2020\/06\/DSAA-sword-hilt.jpg\" class=\"img-responsive self\" alt=\"\"  \/>\r\n\t<\/div><div class=\"fw-single-image \" >\r\n\t\t    <img decoding=\"async\" src=\"\/\/casaaprod.wpengine.com\/wp-content\/uploads\/2020\/06\/DSAA-sword-and-scabbard.jpg\" class=\"img-responsive self\" alt=\"\"  \/>\r\n\t<\/div>        <\/div>\r\n    <\/div>\r\n<\/div><\/div>\n\n        <\/div>\r\n    <\/div>\r\n<\/section>\r\n<section  id=\"section-69f46dc17aa57\" class=\"fw-main-row   auto \"  style=\"background-color:#69696e;  \"  >\r\n    <div >\r\n        <div class=\"fw-container sections\">\r\n\t\t\t<div class=\"fw-row\">\n\t\r\n\r\n\r\n<div id=\"column-69f46dc17ab18\" class=\"text-left  fw-col-sm-6      wow \" data-wow-offset=\"120\" data-wow-duration=\"1.5s\" style=\"  \">\r\n        <div class=\"fw-main-row\"  style=\"\">\r\n        <div class=\"fw-col-inner\">\r\n            <div class=\"fw-single-image \" >\r\n\t\t    <img decoding=\"async\" src=\"\/\/casaaprod.wpengine.com\/wp-content\/uploads\/2020\/06\/ADSAA-sword-hilt.jpg\" class=\"img-responsive self\" alt=\"\"  \/>\r\n\t<\/div><div class=\"fw-single-image \" >\r\n\t\t    <img decoding=\"async\" src=\"\/\/casaaprod.wpengine.com\/wp-content\/uploads\/2020\/06\/ADSAA-sword-and-scabbard.jpg\" class=\"img-responsive self\" alt=\"\"  \/>\r\n\t<\/div>        <\/div>\r\n    <\/div>\r\n<\/div>\r\n\r\n\r\n<div id=\"column-69f46dc17ac90\" class=\"text-left  fw-col-sm-6      wow \" data-wow-offset=\"120\" data-wow-duration=\"1.5s\" style=\"  color:#ffffff\">\r\n        <div class=\"fw-main-row\"  style=\"\">\r\n        <div class=\"fw-col-inner\"style=\"padding: 100px 30px 100px 30px; margin: 0px 0px 0px 0px;\">\r\n            \r\n<div class=\"fw-heading heading fw-heading-h1   \" style=\" color:\">\r\n        <div class=\"fw-special-title-half\"><h1 class='fw-special-title'>Crisp sword<\/h1><\/div>\r\n\r\n        <div class=\"fw-special-subtitle-half\"><h3 class='fw-special-subtitle'>Sword of the Assistant Deputy Sgt-at-Arms of the House of Commons<\/h3><\/div>\r\n<\/div>\r\n\r\n\r\n\r\n<p><strong>Sword Name: \u201cCrisp\u201d<\/strong><br \/><strong>Quantity: <\/strong>3 identical swords<br \/><strong>Maker: <\/strong>Crisp & Sons, Sword Cutlers, England<br \/><strong>Date: <\/strong>2009<br \/><strong>Used by: <\/strong>Assistant Deputy SAA\u2019s<br \/><strong>History: <\/strong><\/p><ul><li>These 3 swords are the newest to join the swords of the House of Commons Heritage Collection. <\/li><li>Commissioned and purchased in 2009 with the assistance of Curatorial Services. <\/li><li>Made specifically and exclusively for the House of Commons of Canada. <\/li><li>Are dress swords. <\/li><li>Hilt and Scabbard mounts are brass with silver plate. High carbon steel blade. <\/li><li>Purchased for use by the Assistant Deputy Sgt-at-Arms and related Sergeants.<\/li><\/ul>        <\/div>\r\n    <\/div>\r\n<\/div><\/div>\n\n        <\/div>\r\n    <\/div>\r\n<\/section>\r\n<section  id=\"section-69f46dc17ade0\" class=\"fw-main-row   auto \"  style=\"  \"  >\r\n    <div >\r\n        <div class=\"fw-container min-spacing\">\r\n\t\t\t<div class=\"fw-row\">\n\t\r\n\r\n\r\n<div id=\"column-69f46dc17af5d\" class=\"none  fw-col-sm-6      wow \" data-wow-offset=\"120\" data-wow-duration=\"1.5s\" style=\"  \">\r\n        <div class=\"fw-main-row\"  style=\"\">\r\n        <div class=\"fw-col-inner\">\r\n            <div class=\"fw-divider-space space-md\"  ><\/div>\r\n<div class=\"fw-heading heading fw-heading-h2   \" style=\" color:\">\r\n        <div class=\"fw-special-title-half\"><h2 class='fw-special-title'>Vous voulez en savoir plus?<\/h2><\/div>\r\n\r\n        <div class=\"fw-special-subtitle-half\"><h6 class='fw-special-subtitle'>Pour en savoir plus sur les \u00e9l\u00e9ments patrimoniaux de chacune de nos l\u00e9gislatures, nous vous invitons \u00e0 visiter nos site Web provinciales.<\/h6><\/div>\r\n<\/div>\r\n\r\n\r\n\r\n\r\n\r\n\r\n\r\n\r\n     \r\n    \r\n        <a target=\"_self\" href=\"\/fr\/nous-joindre\/\" class=\"btn btn-lg btn-self btn-green text-uppercase\">  En savoir plus<\/a>\r\n        \r\n        <\/div>\r\n    <\/div>\r\n<\/div>\r\n\r\n\r\n<div id=\"column-69f46dc17b2a3\" class=\"none  fw-col-sm-6      wow \" data-wow-offset=\"120\" data-wow-duration=\"1.5s\" style=\"  \">\r\n        <div class=\"fw-main-row\"  style=\"\">\r\n        <div class=\"fw-col-inner\">\r\n            <div class=\"fw-single-image \" >\r\n\t\t    <img decoding=\"async\" src=\"\/\/casaaprod.wpengine.com\/wp-content\/uploads\/2020\/05\/HoC-2019-1205-CD-01-004-Speakers-Election-SAA-scaled.jpg\" class=\"img-responsive self\" alt=\"\"  \/>\r\n\t<\/div>        <\/div>\r\n    <\/div>\r\n<\/div><\/div>\n\n        <\/div>\r\n    <\/div>\r\n<\/section>\r\n<\/p>\n","protected":false},"excerpt":{"rendered":"<p>Objets de c\u00e9r\u00e9monie SA De nombreux objets font partie des collections patrimoniales de nos assembl\u00e9es l\u00e9gislatives, qu\u2019il s\u2019agisse d\u2019\u0153uvres d\u2019art et de mobilier, de sculptures ou d\u2019objets de c\u00e9r\u00e9monie, y compris ceux transport\u00e9s par le sergent d\u2019armes. \u00c9p\u00e9e du SA \u00c9p\u00e9e du sergent d\u2019armes de la Chambre des communes Nom de l\u2019\u00e9p\u00e9e : \u00ab SAA [&hellip;]<\/p>\n","protected":false},"author":2,"featured_media":0,"parent":0,"menu_order":4,"comment_status":"closed","ping_status":"closed","template":"template\/template-full-width.php","meta":{"_acf_changed":false,"ngg_post_thumbnail":0,"footnotes":""},"class_list":["post-2495","page","type-page","status-publish","hentry"],"acf":[],"yoast_head":"<!-- This site is optimized with the Yoast SEO plugin v26.4 - https:\/\/yoast.com\/wordpress\/plugins\/seo\/ -->\n<title>SA Histoire - Canadian Association of Sergeants-at-Arms - Association canadienne des Sergents d&#039;armes<\/title>\n<meta name=\"robots\" content=\"index, follow, max-snippet:-1, max-image-preview:large, max-video-preview:-1\" \/>\n<link rel=\"canonical\" href=\"https:\/\/casaa-acsa.org\/fr\/sa-histoire\/\" \/>\n<meta property=\"og:locale\" content=\"fr_FR\" \/>\n<meta property=\"og:type\" content=\"article\" \/>\n<meta property=\"og:title\" content=\"SA Histoire - Canadian Association of Sergeants-at-Arms - Association canadienne des Sergents d&#039;armes\" \/>\n<meta property=\"og:description\" content=\"Objets de c\u00e9r\u00e9monie SA De nombreux objets font partie des collections patrimoniales de nos assembl\u00e9es l\u00e9gislatives, qu\u2019il s\u2019agisse d\u2019\u0153uvres d\u2019art et de mobilier, de sculptures ou d\u2019objets de c\u00e9r\u00e9monie, y compris ceux transport\u00e9s par le sergent d\u2019armes. \u00c9p\u00e9e du SA \u00c9p\u00e9e du sergent d\u2019armes de la Chambre des communes Nom de l\u2019\u00e9p\u00e9e : \u00ab SAA [&hellip;]\" \/>\n<meta property=\"og:url\" content=\"https:\/\/casaa-acsa.org\/fr\/sa-histoire\/\" \/>\n<meta property=\"og:site_name\" content=\"Canadian Association of Sergeants-at-Arms - Association canadienne des Sergents d&#039;armes\" \/>\n<meta property=\"article:modified_time\" content=\"2023-08-17T17:46:57+00:00\" \/>\n<meta name=\"twitter:card\" content=\"summary_large_image\" \/>\n<meta name=\"twitter:label1\" content=\"Dur\u00e9e de lecture estim\u00e9e\" \/>\n\t<meta name=\"twitter:data1\" content=\"3 minutes\" \/>\n<script type=\"application\/ld+json\" class=\"yoast-schema-graph\">{\"@context\":\"https:\/\/schema.org\",\"@graph\":[{\"@type\":\"WebPage\",\"@id\":\"https:\/\/casaa-acsa.org\/fr\/sa-histoire\/\",\"url\":\"https:\/\/casaa-acsa.org\/fr\/sa-histoire\/\",\"name\":\"SA Histoire - Canadian Association of Sergeants-at-Arms - Association canadienne des Sergents d&#039;armes\",\"isPartOf\":{\"@id\":\"https:\/\/casaa-acsa.org\/#website\"},\"datePublished\":\"2020-12-30T16:45:32+00:00\",\"dateModified\":\"2023-08-17T17:46:57+00:00\",\"breadcrumb\":{\"@id\":\"https:\/\/casaa-acsa.org\/fr\/sa-histoire\/#breadcrumb\"},\"inLanguage\":\"fr-FR\",\"potentialAction\":[{\"@type\":\"ReadAction\",\"target\":[\"https:\/\/casaa-acsa.org\/fr\/sa-histoire\/\"]}]},{\"@type\":\"BreadcrumbList\",\"@id\":\"https:\/\/casaa-acsa.org\/fr\/sa-histoire\/#breadcrumb\",\"itemListElement\":[{\"@type\":\"ListItem\",\"position\":1,\"name\":\"Home\",\"item\":\"https:\/\/casaa-acsa.org\/fr\/\"},{\"@type\":\"ListItem\",\"position\":2,\"name\":\"SA Histoire\"}]},{\"@type\":\"WebSite\",\"@id\":\"https:\/\/casaa-acsa.org\/#website\",\"url\":\"https:\/\/casaa-acsa.org\/\",\"name\":\"Canadian Association of Sergeants-at-Arms - Association canadienne des Sergents d&#039;armes\",\"description\":\"\",\"potentialAction\":[{\"@type\":\"SearchAction\",\"target\":{\"@type\":\"EntryPoint\",\"urlTemplate\":\"https:\/\/casaa-acsa.org\/?s={search_term_string}\"},\"query-input\":{\"@type\":\"PropertyValueSpecification\",\"valueRequired\":true,\"valueName\":\"search_term_string\"}}],\"inLanguage\":\"fr-FR\"}]}<\/script>\n<!-- \/ Yoast SEO plugin. -->","yoast_head_json":{"title":"SA Histoire - Canadian Association of Sergeants-at-Arms - Association canadienne des Sergents d&#039;armes","robots":{"index":"index","follow":"follow","max-snippet":"max-snippet:-1","max-image-preview":"max-image-preview:large","max-video-preview":"max-video-preview:-1"},"canonical":"https:\/\/casaa-acsa.org\/fr\/sa-histoire\/","og_locale":"fr_FR","og_type":"article","og_title":"SA Histoire - Canadian Association of Sergeants-at-Arms - Association canadienne des Sergents d&#039;armes","og_description":"Objets de c\u00e9r\u00e9monie SA De nombreux objets font partie des collections patrimoniales de nos assembl\u00e9es l\u00e9gislatives, qu\u2019il s\u2019agisse d\u2019\u0153uvres d\u2019art et de mobilier, de sculptures ou d\u2019objets de c\u00e9r\u00e9monie, y compris ceux transport\u00e9s par le sergent d\u2019armes. \u00c9p\u00e9e du SA \u00c9p\u00e9e du sergent d\u2019armes de la Chambre des communes Nom de l\u2019\u00e9p\u00e9e : \u00ab SAA [&hellip;]","og_url":"https:\/\/casaa-acsa.org\/fr\/sa-histoire\/","og_site_name":"Canadian Association of Sergeants-at-Arms - Association canadienne des Sergents d&#039;armes","article_modified_time":"2023-08-17T17:46:57+00:00","twitter_card":"summary_large_image","twitter_misc":{"Dur\u00e9e de lecture estim\u00e9e":"3 minutes"},"schema":{"@context":"https:\/\/schema.org","@graph":[{"@type":"WebPage","@id":"https:\/\/casaa-acsa.org\/fr\/sa-histoire\/","url":"https:\/\/casaa-acsa.org\/fr\/sa-histoire\/","name":"SA Histoire - Canadian Association of Sergeants-at-Arms - Association canadienne des Sergents d&#039;armes","isPartOf":{"@id":"https:\/\/casaa-acsa.org\/#website"},"datePublished":"2020-12-30T16:45:32+00:00","dateModified":"2023-08-17T17:46:57+00:00","breadcrumb":{"@id":"https:\/\/casaa-acsa.org\/fr\/sa-histoire\/#breadcrumb"},"inLanguage":"fr-FR","potentialAction":[{"@type":"ReadAction","target":["https:\/\/casaa-acsa.org\/fr\/sa-histoire\/"]}]},{"@type":"BreadcrumbList","@id":"https:\/\/casaa-acsa.org\/fr\/sa-histoire\/#breadcrumb","itemListElement":[{"@type":"ListItem","position":1,"name":"Home","item":"https:\/\/casaa-acsa.org\/fr\/"},{"@type":"ListItem","position":2,"name":"SA Histoire"}]},{"@type":"WebSite","@id":"https:\/\/casaa-acsa.org\/#website","url":"https:\/\/casaa-acsa.org\/","name":"Canadian Association of Sergeants-at-Arms - Association canadienne des Sergents d&#039;armes","description":"","potentialAction":[{"@type":"SearchAction","target":{"@type":"EntryPoint","urlTemplate":"https:\/\/casaa-acsa.org\/?s={search_term_string}"},"query-input":{"@type":"PropertyValueSpecification","valueRequired":true,"valueName":"search_term_string"}}],"inLanguage":"fr-FR"}]}},"_links":{"self":[{"href":"https:\/\/casaa-acsa.org\/fr\/wp-json\/wp\/v2\/pages\/2495","targetHints":{"allow":["GET"]}}],"collection":[{"href":"https:\/\/casaa-acsa.org\/fr\/wp-json\/wp\/v2\/pages"}],"about":[{"href":"https:\/\/casaa-acsa.org\/fr\/wp-json\/wp\/v2\/types\/page"}],"author":[{"embeddable":true,"href":"https:\/\/casaa-acsa.org\/fr\/wp-json\/wp\/v2\/users\/2"}],"replies":[{"embeddable":true,"href":"https:\/\/casaa-acsa.org\/fr\/wp-json\/wp\/v2\/comments?post=2495"}],"version-history":[{"count":0,"href":"https:\/\/casaa-acsa.org\/fr\/wp-json\/wp\/v2\/pages\/2495\/revisions"}],"wp:attachment":[{"href":"https:\/\/casaa-acsa.org\/fr\/wp-json\/wp\/v2\/media?parent=2495"}],"curies":[{"name":"wp","href":"https:\/\/api.w.org\/{rel}","templated":true}]}}