{"id":2494,"date":"2020-12-30T16:43:28","date_gmt":"2020-12-30T16:43:28","guid":{"rendered":"https:\/\/casaaprod.wpengine.com\/?page_id=2494"},"modified":"2021-11-16T15:05:29","modified_gmt":"2021-11-16T15:05:29","slug":"galerie","status":"publish","type":"page","link":"https:\/\/casaa-acsa.org\/fr\/galerie\/","title":{"rendered":"Galerie"},"content":{"rendered":"<p><section  id=\"section-69d29752ca1a6\" class=\"fw-main-row   auto \"  style=\"  \"  >\r\n    <div >\r\n        <div class=\"fw-container sections\">\r\n\t\t\t<div class=\"fw-row\">\n\t\r\n\r\n\r\n<div id=\"column-69d29752ca42a\" class=\"none  fw-col-sm-12      wow \" data-wow-offset=\"120\" data-wow-duration=\"1.5s\" style=\"  \">\r\n        <div class=\"fw-main-row\"  style=\"\">\r\n        <div class=\"fw-col-inner\">\r\n            <p>ngg_shortcode_0_placeholder<\/p>        <\/div>\r\n    <\/div>\r\n<\/div><\/div>\n\n        <\/div>\r\n    <\/div>\r\n<\/section>\r\n<section  id=\"section-69d29752ca6af\" class=\"fw-main-row   auto \"  style=\"background-color:#000000;  \"  >\r\n    <div >\r\n        <div class=\"fw-container sections\">\r\n\t\t\t<div class=\"fw-row\">\n\t\r\n\r\n\r\n<div id=\"column-69d29752ca8e2\" class=\"none  fw-col-sm-12      wow \" data-wow-offset=\"120\" data-wow-duration=\"1.5s\" style=\"  \">\r\n        <div class=\"fw-main-row\"  style=\"\">\r\n        <div class=\"fw-col-inner\">\r\n            \r\n\r\n    <div class=\"col-md-10 col-md-offset-1 outline no-border y-middle\">\r\n        <div class=\"col-md-7\">\r\n                            <h4>Saviez-vous?<\/h4>\r\n                        <p class=\"m-b-0\">L\u2019\u00e9p\u00e9e SAA est le deuxi\u00e8me objet le plus ancien de la collection patrimoniale de la Chambre des communes.<\/p>\r\n        <\/div>\r\n        <div class=\"col-md-5 text-center\">\r\n            <a target=\"_self\" href=\"\/fr\/objets-de-ceremonie-sa\/\" class=\"btn btn-shadow btn-ghost btn-lg text-uppercase\"> En savoir plus<\/a>\r\n        <\/div>                            \r\n    <\/div>\r\n        <\/div>\r\n    <\/div>\r\n<\/div><\/div>\n\n        <\/div>\r\n    <\/div>\r\n<\/section>\r\n<\/p>\n","protected":false},"excerpt":{"rendered":"<p>ngg_shortcode_1_placeholder Saviez-vous? L\u2019\u00e9p\u00e9e SAA est le deuxi\u00e8me objet le plus ancien de la collection patrimoniale de la Chambre des communes. En savoir plus<\/p>\n","protected":false},"author":2,"featured_media":0,"parent":0,"menu_order":3,"comment_status":"closed","ping_status":"closed","template":"template\/template-full-width.php","meta":{"_acf_changed":false,"ngg_post_thumbnail":0,"footnotes":""},"class_list":["post-2494","page","type-page","status-publish","hentry"],"acf":[],"yoast_head":"<!-- This site is optimized with the Yoast SEO plugin v26.4 - https:\/\/yoast.com\/wordpress\/plugins\/seo\/ -->\n<title>Galerie - Canadian Association of Sergeants-at-Arms - Association canadienne des Sergents d&#039;armes<\/title>\n<meta name=\"robots\" content=\"index, follow, max-snippet:-1, max-image-preview:large, max-video-preview:-1\" \/>\n<link rel=\"canonical\" href=\"https:\/\/casaa-acsa.org\/fr\/galerie\/\" \/>\n<meta property=\"og:locale\" content=\"fr_FR\" \/>\n<meta property=\"og:type\" content=\"article\" \/>\n<meta property=\"og:title\" content=\"Galerie - Canadian Association of Sergeants-at-Arms - Association canadienne des Sergents d&#039;armes\" \/>\n<meta property=\"og:description\" content=\"ngg_shortcode_2_placeholder Saviez-vous? L\u2019\u00e9p\u00e9e SAA est le deuxi\u00e8me objet le plus ancien de la collection patrimoniale de la Chambre des communes. En savoir plus\" \/>\n<meta property=\"og:url\" content=\"https:\/\/casaa-acsa.org\/fr\/galerie\/\" \/>\n<meta property=\"og:site_name\" content=\"Canadian Association of Sergeants-at-Arms - Association canadienne des Sergents d&#039;armes\" \/>\n<meta property=\"article:modified_time\" content=\"2021-11-16T15:05:29+00:00\" \/>\n<meta property=\"og:image\" content=\"https:\/\/casaaprod.wpengine.com\/wp-content\/gallery\/house-of-commons\/cache\/armoiries_house_of_commons_canada.jpg-nggid0257-ngg0dyn-240x160x100-00f0w010c010r110f110r010t010.jpg\" \/>\n<meta name=\"twitter:card\" content=\"summary_large_image\" \/>\n<meta name=\"twitter:label1\" content=\"Dur\u00e9e de lecture estim\u00e9e\" \/>\n\t<meta name=\"twitter:data1\" content=\"1 minute\" \/>\n<script type=\"application\/ld+json\" class=\"yoast-schema-graph\">{\"@context\":\"https:\/\/schema.org\",\"@graph\":[{\"@type\":\"WebPage\",\"@id\":\"https:\/\/casaa-acsa.org\/fr\/galerie\/\",\"url\":\"https:\/\/casaa-acsa.org\/fr\/galerie\/\",\"name\":\"Galerie - Canadian Association of Sergeants-at-Arms - Association canadienne des Sergents d&#039;armes\",\"isPartOf\":{\"@id\":\"https:\/\/casaa-acsa.org\/#website\"},\"primaryImageOfPage\":{\"@id\":\"https:\/\/casaa-acsa.org\/fr\/galerie\/#primaryimage\"},\"image\":{\"@id\":\"https:\/\/casaa-acsa.org\/fr\/galerie\/#primaryimage\"},\"thumbnailUrl\":\"https:\/\/casaaprod.wpengine.com\/wp-content\/gallery\/house-of-commons\/cache\/armoiries_house_of_commons_canada.jpg-nggid0257-ngg0dyn-240x160x100-00f0w010c010r110f110r010t010.jpg\",\"datePublished\":\"2020-12-30T16:43:28+00:00\",\"dateModified\":\"2021-11-16T15:05:29+00:00\",\"breadcrumb\":{\"@id\":\"https:\/\/casaa-acsa.org\/fr\/galerie\/#breadcrumb\"},\"inLanguage\":\"fr-FR\",\"potentialAction\":[{\"@type\":\"ReadAction\",\"target\":[\"https:\/\/casaa-acsa.org\/fr\/galerie\/\"]}]},{\"@type\":\"ImageObject\",\"inLanguage\":\"fr-FR\",\"@id\":\"https:\/\/casaa-acsa.org\/fr\/galerie\/#primaryimage\",\"url\":\"https:\/\/casaaprod.wpengine.com\/wp-content\/gallery\/house-of-commons\/cache\/armoiries_house_of_commons_canada.jpg-nggid0257-ngg0dyn-240x160x100-00f0w010c010r110f110r010t010.jpg\",\"contentUrl\":\"https:\/\/casaaprod.wpengine.com\/wp-content\/gallery\/house-of-commons\/cache\/armoiries_house_of_commons_canada.jpg-nggid0257-ngg0dyn-240x160x100-00f0w010c010r110f110r010t010.jpg\"},{\"@type\":\"BreadcrumbList\",\"@id\":\"https:\/\/casaa-acsa.org\/fr\/galerie\/#breadcrumb\",\"itemListElement\":[{\"@type\":\"ListItem\",\"position\":1,\"name\":\"Home\",\"item\":\"https:\/\/casaa-acsa.org\/fr\/\"},{\"@type\":\"ListItem\",\"position\":2,\"name\":\"Galerie\"}]},{\"@type\":\"WebSite\",\"@id\":\"https:\/\/casaa-acsa.org\/#website\",\"url\":\"https:\/\/casaa-acsa.org\/\",\"name\":\"Canadian Association of Sergeants-at-Arms - Association canadienne des Sergents d&#039;armes\",\"description\":\"\",\"potentialAction\":[{\"@type\":\"SearchAction\",\"target\":{\"@type\":\"EntryPoint\",\"urlTemplate\":\"https:\/\/casaa-acsa.org\/?s={search_term_string}\"},\"query-input\":{\"@type\":\"PropertyValueSpecification\",\"valueRequired\":true,\"valueName\":\"search_term_string\"}}],\"inLanguage\":\"fr-FR\"}]}<\/script>\n<!-- \/ Yoast SEO plugin. -->","yoast_head_json":{"title":"Galerie - Canadian Association of Sergeants-at-Arms - Association canadienne des Sergents d&#039;armes","robots":{"index":"index","follow":"follow","max-snippet":"max-snippet:-1","max-image-preview":"max-image-preview:large","max-video-preview":"max-video-preview:-1"},"canonical":"https:\/\/casaa-acsa.org\/fr\/galerie\/","og_locale":"fr_FR","og_type":"article","og_title":"Galerie - Canadian Association of Sergeants-at-Arms - Association canadienne des Sergents d&#039;armes","og_description":"ngg_shortcode_2_placeholder Saviez-vous? L\u2019\u00e9p\u00e9e SAA est le deuxi\u00e8me objet le plus ancien de la collection patrimoniale de la Chambre des communes. En savoir plus","og_url":"https:\/\/casaa-acsa.org\/fr\/galerie\/","og_site_name":"Canadian Association of Sergeants-at-Arms - Association canadienne des Sergents d&#039;armes","article_modified_time":"2021-11-16T15:05:29+00:00","og_image":[{"url":"https:\/\/casaaprod.wpengine.com\/wp-content\/gallery\/house-of-commons\/cache\/armoiries_house_of_commons_canada.jpg-nggid0257-ngg0dyn-240x160x100-00f0w010c010r110f110r010t010.jpg","type":"","width":"","height":""}],"twitter_card":"summary_large_image","twitter_misc":{"Dur\u00e9e de lecture estim\u00e9e":"1 minute"},"schema":{"@context":"https:\/\/schema.org","@graph":[{"@type":"WebPage","@id":"https:\/\/casaa-acsa.org\/fr\/galerie\/","url":"https:\/\/casaa-acsa.org\/fr\/galerie\/","name":"Galerie - Canadian Association of Sergeants-at-Arms - Association canadienne des Sergents d&#039;armes","isPartOf":{"@id":"https:\/\/casaa-acsa.org\/#website"},"primaryImageOfPage":{"@id":"https:\/\/casaa-acsa.org\/fr\/galerie\/#primaryimage"},"image":{"@id":"https:\/\/casaa-acsa.org\/fr\/galerie\/#primaryimage"},"thumbnailUrl":"https:\/\/casaaprod.wpengine.com\/wp-content\/gallery\/house-of-commons\/cache\/armoiries_house_of_commons_canada.jpg-nggid0257-ngg0dyn-240x160x100-00f0w010c010r110f110r010t010.jpg","datePublished":"2020-12-30T16:43:28+00:00","dateModified":"2021-11-16T15:05:29+00:00","breadcrumb":{"@id":"https:\/\/casaa-acsa.org\/fr\/galerie\/#breadcrumb"},"inLanguage":"fr-FR","potentialAction":[{"@type":"ReadAction","target":["https:\/\/casaa-acsa.org\/fr\/galerie\/"]}]},{"@type":"ImageObject","inLanguage":"fr-FR","@id":"https:\/\/casaa-acsa.org\/fr\/galerie\/#primaryimage","url":"https:\/\/casaaprod.wpengine.com\/wp-content\/gallery\/house-of-commons\/cache\/armoiries_house_of_commons_canada.jpg-nggid0257-ngg0dyn-240x160x100-00f0w010c010r110f110r010t010.jpg","contentUrl":"https:\/\/casaaprod.wpengine.com\/wp-content\/gallery\/house-of-commons\/cache\/armoiries_house_of_commons_canada.jpg-nggid0257-ngg0dyn-240x160x100-00f0w010c010r110f110r010t010.jpg"},{"@type":"BreadcrumbList","@id":"https:\/\/casaa-acsa.org\/fr\/galerie\/#breadcrumb","itemListElement":[{"@type":"ListItem","position":1,"name":"Home","item":"https:\/\/casaa-acsa.org\/fr\/"},{"@type":"ListItem","position":2,"name":"Galerie"}]},{"@type":"WebSite","@id":"https:\/\/casaa-acsa.org\/#website","url":"https:\/\/casaa-acsa.org\/","name":"Canadian Association of Sergeants-at-Arms - Association canadienne des Sergents d&#039;armes","description":"","potentialAction":[{"@type":"SearchAction","target":{"@type":"EntryPoint","urlTemplate":"https:\/\/casaa-acsa.org\/?s={search_term_string}"},"query-input":{"@type":"PropertyValueSpecification","valueRequired":true,"valueName":"search_term_string"}}],"inLanguage":"fr-FR"}]}},"_links":{"self":[{"href":"https:\/\/casaa-acsa.org\/fr\/wp-json\/wp\/v2\/pages\/2494","targetHints":{"allow":["GET"]}}],"collection":[{"href":"https:\/\/casaa-acsa.org\/fr\/wp-json\/wp\/v2\/pages"}],"about":[{"href":"https:\/\/casaa-acsa.org\/fr\/wp-json\/wp\/v2\/types\/page"}],"author":[{"embeddable":true,"href":"https:\/\/casaa-acsa.org\/fr\/wp-json\/wp\/v2\/users\/2"}],"replies":[{"embeddable":true,"href":"https:\/\/casaa-acsa.org\/fr\/wp-json\/wp\/v2\/comments?post=2494"}],"version-history":[{"count":0,"href":"https:\/\/casaa-acsa.org\/fr\/wp-json\/wp\/v2\/pages\/2494\/revisions"}],"wp:attachment":[{"href":"https:\/\/casaa-acsa.org\/fr\/wp-json\/wp\/v2\/media?parent=2494"}],"curies":[{"name":"wp","href":"https:\/\/api.w.org\/{rel}","templated":true}]}}