{"id":2491,"date":"2020-12-30T16:36:05","date_gmt":"2020-12-30T16:36:05","guid":{"rendered":"https:\/\/casaaprod.wpengine.com\/?page_id=2491"},"modified":"2025-05-14T07:54:33","modified_gmt":"2025-05-14T11:54:33","slug":"a-propos-de-nous","status":"publish","type":"page","link":"https:\/\/casaa-acsa.org\/fr\/a-propos-de-nous\/","title":{"rendered":"\u00c0 propos de nous"},"content":{"rendered":"<p><section  id=\"section-69d635061dee4\" class=\"fw-main-row   auto \"  style=\"  \"  >\r\n    <div >\r\n        <div class=\"fw-container min-spacing\">\r\n\t\t\t<div class=\"fw-row\">\n\t\r\n\r\n\r\n<div id=\"column-69d635061e150\" class=\"none  fw-col-sm-12      wow \" data-wow-offset=\"120\" data-wow-duration=\"1.5s\" style=\"  \">\r\n        <div class=\"fw-main-row\"  style=\"\">\r\n        <div class=\"fw-col-inner\">\r\n            \r\n<div class=\"fw-heading heading fw-heading-h2 fw-heading-center  \" style=\" color:\">\r\n        <div class=\"\"><h2 class='fw-special-title'>L\u2019Association a \u00e9t\u00e9 officiellement constitu\u00e9e le 29\u00a0avril\u00a02010.<\/h2><\/div>\r\n\r\n        <div class=\"\"><h6 class='fw-special-subtitle'><\/h6><\/div>\r\n<\/div>\r\n\r\n\r\n\r\n        <\/div>\r\n    <\/div>\r\n<\/div><\/div>\n\n<div class=\"fw-row\">\n\t\r\n\r\n\r\n<div id=\"column-69d635061e3f6\" class=\"text-left  fw-col-sm-6      wow \" data-wow-offset=\"120\" data-wow-duration=\"1.5s\" style=\"  \">\r\n        <div class=\"fw-main-row\"  style=\"\">\r\n        <div class=\"fw-col-inner\">\r\n            <div class=\"fw-single-image \" >\r\n\t\t    <img decoding=\"async\" src=\"\/\/casaa-acsa.org\/wp-content\/uploads\/2025\/02\/CASAA-Group-Photo-with-the-Legislatie-Assembly-of-Ontario-Lieutenant-Group-Photo-scaled.jpg\" class=\"img-responsive self\" alt=\"\"  \/>\r\n\t<\/div>        <\/div>\r\n    <\/div>\r\n<\/div>\r\n\r\n\r\n<div id=\"column-69d635061e58d\" class=\"text-left  fw-col-sm-6      wow \" data-wow-offset=\"120\" data-wow-duration=\"1.5s\" style=\"  color:#ffffff\">\r\n        <div class=\"fw-main-row\"  style=\"height:371px;background-color:#69696e;\">\r\n        <div class=\"fw-col-inner\"style=\"padding: 30px 30px 70px 30px; margin: 0px 0px 0px 0px;\">\r\n            \r\n<div class=\"fw-heading heading fw-heading-h5   \" style=\" color:\">\r\n        <div class=\"fw-special-title-half\"><h5 class='fw-special-title'><\/h5><\/div>\r\n\r\n        <div class=\"fw-special-subtitle-half\"><h2 class='fw-special-subtitle'>Nos membres<\/h2><\/div>\r\n<\/div>\r\n\r\n\r\n\r\n<p>L\u2019Association est compos\u00e9e de tous les sergents d\u2019armes et chefs de la s\u00e9curit\u00e9 de toutes les assembl\u00e9es l\u00e9gislatives canadiennes. Elle entretient des relations \u00e9troites avec ses homologues des assembl\u00e9es l\u00e9gislatives nationales des partenaires du Canada au sein de l\u2019alliance de renseignement Five Eyes (\u00c9tats-Unis, Royaume-Uni, Australie et Nouvelle-Z\u00e9lande) et du Commonwealth.<\/p><p>L\u2019Association se r\u00e9unit chaque ann\u00e9e depuis 1981. Outre ces r\u00e9unions, les objectifs de l\u2019Association, \u00e9num\u00e9r\u00e9s ci-dessous, sont atteint par le biais de discussion et de communications r\u00e9guli\u00e8res avec les membres.<\/p>        <\/div>\r\n    <\/div>\r\n<\/div><\/div>\n\n        <\/div>\r\n    <\/div>\r\n<\/section>\r\n<section  id=\"section-69d635061e79b\" class=\"fw-main-row   auto \"  style=\"  \"  >\r\n    <div >\r\n        <div class=\"fw-container sections\">\r\n\t\t\t<div class=\"fw-row\">\n\t\r\n\r\n\r\n<div id=\"column-69d635061e8e0\" class=\"text-left  fw-col-sm-6      wow \" data-wow-offset=\"120\" data-wow-duration=\"1.5s\" style=\"  color:#ffffff\">\r\n        <div class=\"fw-main-row\"  style=\"height:441px;background-color:#69696e;\">\r\n        <div class=\"fw-col-inner\"style=\"padding: 5px 30px 70px 30px; margin: 0px 0px 0px 0px;\">\r\n            \r\n<div class=\"fw-heading heading fw-heading-h5   \" style=\" color:\">\r\n        <div class=\"fw-special-title-half\"><h5 class='fw-special-title'><\/h5><\/div>\r\n\r\n        <div class=\"fw-special-subtitle-half\"><h2 class='fw-special-subtitle'>Les objectifs de l\u2019Association sont les suivants :<\/h2><\/div>\r\n<\/div>\r\n\r\n\r\n\r\n<ul><li>Servir de v\u00e9hicule \u00e0 ses membres pour se rencontrer et discuter des questions relatives \u00e0 leur r\u00f4le unique et vital dans la d\u00e9mocratie parlementaire ;<\/li><li>Promouvoir la connaissance des r\u00f4les traditionnels et contemporains des sergents d'armes et des chefs de la s\u00e9curit\u00e9 ;<\/li><li>Servir de v\u00e9hicule \u00e0 ses membres pour partager les meilleures pratiques professionnelles dans leurs r\u00f4les de sergents d'armes et de chefs de la s\u00e9curit\u00e9 ; et<\/li><li>Favoriser les relations de travail entre les sergents d'armes et chefs de s\u00e9curit\u00e9 canadiens et leurs homologues d'autres juridictions internationales.<\/li><\/ul>        <\/div>\r\n    <\/div>\r\n<\/div>\r\n\r\n\r\n<div id=\"column-69d635061ea75\" class=\"none  fw-col-sm-6      wow \" data-wow-offset=\"120\" data-wow-duration=\"1.5s\" style=\"  \">\r\n        <div class=\"fw-main-row\"  style=\"\">\r\n        <div class=\"fw-col-inner\">\r\n            <div class=\"fw-single-image \" >\r\n\t\t    <img decoding=\"async\" src=\"\/\/casaaprod.wpengine.com\/wp-content\/uploads\/2021\/01\/NS-SAA-Announces-Arrival-of-LT-General.jpg\" class=\"img-responsive self\" alt=\"\"  \/>\r\n\t<\/div>        <\/div>\r\n    <\/div>\r\n<\/div><\/div>\n\n        <\/div>\r\n    <\/div>\r\n<\/section>\r\n<section  id=\"section-69d635061ebc2\" class=\"fw-main-row   auto \"  style=\"  \"  >\r\n    <div >\r\n        <div class=\"fw-container sections\">\r\n\t\t\t<div class=\"fw-row\">\n\t\r\n\r\n\r\n<div id=\"column-69d635061ed57\" class=\"none  fw-col-sm-12      wow \" data-wow-offset=\"120\" data-wow-duration=\"1.5s\" style=\"  \">\r\n        <div class=\"fw-main-row\"  style=\"\">\r\n        <div class=\"fw-col-inner\">\r\n            \r\n<div class=\"fw-heading heading fw-heading-h2 fw-heading-center  \" style=\" color:\">\r\n        <div class=\"\"><h2 class='fw-special-title'>Rencontrez notre conseil d\u2019administration<\/h2><\/div>\r\n\r\n        <div class=\"\"><h5 class='fw-special-subtitle'>Le Conseil d\u2019Administration est \u00e9lu par ses pairs \u00e0 l\u2019Assembl\u00e9e G\u00e9n\u00e9rale Annuelle et occupe le poste pour un mandat de 3 ans.<\/h5><\/div>\r\n<\/div>\r\n\r\n\r\n\r\n        <\/div>\r\n    <\/div>\r\n<\/div><\/div>\n\n<div class=\"fw-row\">\n\t\r\n\r\n\r\n<div id=\"column-69d635061ef59\" class=\"none  fw-col-sm-12      wow \" data-wow-offset=\"120\" data-wow-duration=\"1.5s\" style=\"  \">\r\n        <div class=\"fw-main-row\"  style=\"\">\r\n        <div class=\"fw-col-inner\">\r\n            <div class=\"fw-divider-space space-md\"  ><\/div>        <\/div>\r\n    <\/div>\r\n<\/div><\/div>\n\n<div class=\"fw-row\">\n\t\r\n\r\n\r\n<div id=\"column-69d635061f192\" class=\"none  fw-col-sm-6      wow \" data-wow-offset=\"120\" data-wow-duration=\"1.5s\" style=\"  \">\r\n        <div class=\"fw-main-row\"  style=\"\">\r\n        <div class=\"fw-col-inner\">\r\n            \r\n\r\n\r\n    <div class=\"team h caption-4 m-b\">\r\n        <figure>\r\n                            <img decoding=\"async\" src=\"\/\/casaa-acsa.org\/wp-content\/uploads\/2023\/09\/HoC-2019-1205-CD-01-004-Speakers-Election-SAA-Square.jpg\" alt=\"Patrick McDonell\">\r\n                        <figcaption>\r\n                <div class=\"caption-box vertical-center-abs social-btn text-center\">\r\n                                    <\/div>\r\n            <\/figcaption>\r\n        <\/figure>\r\n    <\/div>\r\n    <div class=\"team text-left\">\r\n                    <h5 class=\"f-w-900\">Patrick McDonell<\/h5>\r\n            <p class=\"role\">Pr\u00e9sident du conseil d'administration<\/p>\r\n                <p class=\"bio\">Sergent d'armes, Chambre des communes<\/p>\r\n    <\/div>\r\n\r\n\r\n        <\/div>\r\n    <\/div>\r\n<\/div>\r\n\r\n\r\n<div id=\"column-69d635061f3b2\" class=\"none  fw-col-sm-6      wow \" data-wow-offset=\"120\" data-wow-duration=\"1.5s\" style=\"  \">\r\n        <div class=\"fw-main-row\"  style=\"\">\r\n        <div class=\"fw-col-inner\">\r\n            \r\n\r\n\r\n    <div class=\"team h caption-4 m-b\">\r\n        <figure>\r\n                            <img decoding=\"async\" src=\"\/\/casaa-acsa.org\/wp-content\/uploads\/2025\/05\/cropped-SAA-March-2025-1-scaled-1.jpg\" alt=\"David Fraser\">\r\n                        <figcaption>\r\n                <div class=\"caption-box vertical-center-abs social-btn text-center\">\r\n                                    <\/div>\r\n            <\/figcaption>\r\n        <\/figure>\r\n    <\/div>\r\n    <div class=\"team text-left\">\r\n                    <h5 class=\"f-w-900\">David Fraser<\/h5>\r\n            <p class=\"role\">Membre du Conseil D'administration<\/p>\r\n                <p class=\"bio\">Sergent d'armes, Assembl\u00e9e l\u00e9gislative de la Nouvelle-\u00c9cosse<\/p>\r\n    <\/div>\r\n\r\n\r\n        <\/div>\r\n    <\/div>\r\n<\/div><\/div>\n\n<div class=\"fw-row\">\n\t\r\n\r\n\r\n<div id=\"column-69d635061f5e7\" class=\"none  fw-col-sm-6      wow \" data-wow-offset=\"120\" data-wow-duration=\"1.5s\" style=\"  \">\r\n        <div class=\"fw-main-row\"  style=\"\">\r\n        <div class=\"fw-col-inner\">\r\n            \r\n\r\n\r\n    <div class=\"team h caption-4 m-b\">\r\n        <figure>\r\n                            <img decoding=\"async\" src=\"\/\/casaa-acsa.org\/wp-content\/uploads\/2023\/09\/Langley-Terry_Aberta-Square.jpg\" alt=\"Terry Langley\">\r\n                        <figcaption>\r\n                <div class=\"caption-box vertical-center-abs social-btn text-center\">\r\n                                    <\/div>\r\n            <\/figcaption>\r\n        <\/figure>\r\n    <\/div>\r\n    <div class=\"team text-left\">\r\n                    <h5 class=\"f-w-900\">Terry Langley<\/h5>\r\n            <p class=\"role\">Membre du Conseil D'administration<\/p>\r\n                <p class=\"bio\">Sergent d'armes, Assembl\u00e9e l\u00e9gislative de l'Alberta<\/p>\r\n    <\/div>\r\n\r\n\r\n        <\/div>\r\n    <\/div>\r\n<\/div>\r\n\r\n\r\n<div id=\"column-69d635061f788\" class=\"none  fw-col-sm-6      wow \" data-wow-offset=\"120\" data-wow-duration=\"1.5s\" style=\"  \">\r\n        <div class=\"fw-main-row\"  style=\"\">\r\n        <div class=\"fw-col-inner\">\r\n            \r\n\r\n\r\n    <div class=\"team h caption-4 m-b\">\r\n        <figure>\r\n                            <img decoding=\"async\" src=\"\/\/casaa-acsa.org\/wp-content\/uploads\/2023\/06\/Dave-Shuttleworth-BoD.jpg\" alt=\"Dave Shuttleworth\">\r\n                        <figcaption>\r\n                <div class=\"caption-box vertical-center-abs social-btn text-center\">\r\n                                    <\/div>\r\n            <\/figcaption>\r\n        <\/figure>\r\n    <\/div>\r\n    <div class=\"team text-left\">\r\n                    <h5 class=\"f-w-900\">Dave Shuttleworth<\/h5>\r\n            <p class=\"role\">Membre du Conseil D'administration<\/p>\r\n                <p class=\"bio\">Sergent d'armes, Assembl\u00e9e l\u00e9gislative du Manitoba<\/p>\r\n    <\/div>\r\n\r\n\r\n        <\/div>\r\n    <\/div>\r\n<\/div><\/div>\n\n        <\/div>\r\n    <\/div>\r\n<\/section>\r\n<section  id=\"section-69d635061f937\" class=\"fw-main-row   auto \"  style=\"  \"  >\r\n    <div >\r\n        <div class=\"fw-container min-spacing\">\r\n\t\t\t<div class=\"fw-row\">\n\t\r\n\r\n\r\n<div id=\"column-69d635061fb1f\" class=\"none  fw-col-sm-6      wow \" data-wow-offset=\"120\" data-wow-duration=\"1.5s\" style=\"  \">\r\n        <div class=\"fw-main-row\"  style=\"background-color:#69696e;\">\r\n        <div class=\"fw-col-inner\">\r\n            <div class=\"fw-single-image fw-single-image-center\" style=\"width: 275px;\">\r\n\t\t    <img decoding=\"async\" src=\"\/\/casaa-acsa.org\/wp-content\/uploads\/2021\/11\/Gilles-Cote.jpg\" class=\"img-responsive self\" alt=\"\"  \/>\r\n\t<\/div>        <\/div>\r\n    <\/div>\r\n<\/div>\r\n\r\n\r\n<div id=\"column-69d635061fc66\" class=\"none  fw-col-sm-6      wow \" data-wow-offset=\"120\" data-wow-duration=\"1.5s\" style=\"  \">\r\n        <div class=\"fw-main-row\"  style=\"\">\r\n        <div class=\"fw-col-inner\">\r\n            <div class=\"fw-divider-space space-md\"  ><\/div>\r\n<div class=\"fw-heading heading fw-heading-h2   \" style=\" color:\">\r\n        <div class=\"fw-special-title-half\"><h2 class='fw-special-title'>Saviez-vous?<\/h2><\/div>\r\n\r\n        <div class=\"fw-special-subtitle-half\"><h6 class='fw-special-subtitle'>Le sergent d\u2019armes est un haut fonctionnaire de la Chambre et joue divers r\u00f4les.<\/h6><\/div>\r\n<\/div>\r\n\r\n\r\n\r\n<p>Au sein de la Chambre, certaines de ces responsabilit\u00e9s sont de nature traditionnelle ou c\u00e9r\u00e9monielle.<\/p>\r\n\r\n\r\n\r\n\r\n     \r\n    \r\n        <a target=\"_self\" href=\"\/fr\/les-sergents-darmes\/\" class=\"btn btn-lg btn-self btn-green text-uppercase\">  En savoir plus<\/a>\r\n        \r\n        <\/div>\r\n    <\/div>\r\n<\/div><\/div>\n\n        <\/div>\r\n    <\/div>\r\n<\/section>\r\n<\/p>\n","protected":false},"excerpt":{"rendered":"<p>L\u2019Association a \u00e9t\u00e9 officiellement constitu\u00e9e le 29\u00a0avril\u00a02010. Nos membres L\u2019Association est compos\u00e9e de tous les sergents d\u2019armes et chefs de la s\u00e9curit\u00e9 de toutes les assembl\u00e9es l\u00e9gislatives canadiennes. Elle entretient des relations \u00e9troites avec ses homologues des assembl\u00e9es l\u00e9gislatives nationales des partenaires du Canada au sein de l\u2019alliance de renseignement Five Eyes (\u00c9tats-Unis, Royaume-Uni, Australie [&hellip;]<\/p>\n","protected":false},"author":2,"featured_media":0,"parent":0,"menu_order":1,"comment_status":"closed","ping_status":"closed","template":"template\/template-full-width.php","meta":{"_acf_changed":false,"ngg_post_thumbnail":0,"footnotes":""},"class_list":["post-2491","page","type-page","status-publish","hentry"],"acf":[],"yoast_head":"<!-- This site is optimized with the Yoast SEO plugin v26.4 - https:\/\/yoast.com\/wordpress\/plugins\/seo\/ -->\n<title>\u00c0 propos de nous - Canadian Association of Sergeants-at-Arms - Association canadienne des Sergents d&#039;armes<\/title>\n<meta name=\"robots\" content=\"index, follow, max-snippet:-1, max-image-preview:large, max-video-preview:-1\" \/>\n<link rel=\"canonical\" href=\"https:\/\/casaa-acsa.org\/fr\/a-propos-de-nous\/\" \/>\n<meta property=\"og:locale\" content=\"fr_FR\" \/>\n<meta property=\"og:type\" content=\"article\" \/>\n<meta property=\"og:title\" content=\"\u00c0 propos de nous - Canadian Association of Sergeants-at-Arms - Association canadienne des Sergents d&#039;armes\" \/>\n<meta property=\"og:description\" content=\"L\u2019Association a \u00e9t\u00e9 officiellement constitu\u00e9e le 29\u00a0avril\u00a02010. Nos membres L\u2019Association est compos\u00e9e de tous les sergents d\u2019armes et chefs de la s\u00e9curit\u00e9 de toutes les assembl\u00e9es l\u00e9gislatives canadiennes. Elle entretient des relations \u00e9troites avec ses homologues des assembl\u00e9es l\u00e9gislatives nationales des partenaires du Canada au sein de l\u2019alliance de renseignement Five Eyes (\u00c9tats-Unis, Royaume-Uni, Australie [&hellip;]\" \/>\n<meta property=\"og:url\" content=\"https:\/\/casaa-acsa.org\/fr\/a-propos-de-nous\/\" \/>\n<meta property=\"og:site_name\" content=\"Canadian Association of Sergeants-at-Arms - Association canadienne des Sergents d&#039;armes\" \/>\n<meta property=\"article:modified_time\" content=\"2025-05-14T11:54:33+00:00\" \/>\n<meta name=\"twitter:card\" content=\"summary_large_image\" \/>\n<meta name=\"twitter:label1\" content=\"Dur\u00e9e de lecture estim\u00e9e\" \/>\n\t<meta name=\"twitter:data1\" content=\"3 minutes\" \/>\n<script type=\"application\/ld+json\" class=\"yoast-schema-graph\">{\"@context\":\"https:\/\/schema.org\",\"@graph\":[{\"@type\":\"WebPage\",\"@id\":\"https:\/\/casaa-acsa.org\/fr\/a-propos-de-nous\/\",\"url\":\"https:\/\/casaa-acsa.org\/fr\/a-propos-de-nous\/\",\"name\":\"\u00c0 propos de nous - Canadian Association of Sergeants-at-Arms - Association canadienne des Sergents d&#039;armes\",\"isPartOf\":{\"@id\":\"https:\/\/casaa-acsa.org\/#website\"},\"datePublished\":\"2020-12-30T16:36:05+00:00\",\"dateModified\":\"2025-05-14T11:54:33+00:00\",\"breadcrumb\":{\"@id\":\"https:\/\/casaa-acsa.org\/fr\/a-propos-de-nous\/#breadcrumb\"},\"inLanguage\":\"fr-FR\",\"potentialAction\":[{\"@type\":\"ReadAction\",\"target\":[\"https:\/\/casaa-acsa.org\/fr\/a-propos-de-nous\/\"]}]},{\"@type\":\"BreadcrumbList\",\"@id\":\"https:\/\/casaa-acsa.org\/fr\/a-propos-de-nous\/#breadcrumb\",\"itemListElement\":[{\"@type\":\"ListItem\",\"position\":1,\"name\":\"Home\",\"item\":\"https:\/\/casaa-acsa.org\/fr\/\"},{\"@type\":\"ListItem\",\"position\":2,\"name\":\"\u00c0 propos de nous\"}]},{\"@type\":\"WebSite\",\"@id\":\"https:\/\/casaa-acsa.org\/#website\",\"url\":\"https:\/\/casaa-acsa.org\/\",\"name\":\"Canadian Association of Sergeants-at-Arms - Association canadienne des Sergents d&#039;armes\",\"description\":\"\",\"potentialAction\":[{\"@type\":\"SearchAction\",\"target\":{\"@type\":\"EntryPoint\",\"urlTemplate\":\"https:\/\/casaa-acsa.org\/?s={search_term_string}\"},\"query-input\":{\"@type\":\"PropertyValueSpecification\",\"valueRequired\":true,\"valueName\":\"search_term_string\"}}],\"inLanguage\":\"fr-FR\"}]}<\/script>\n<!-- \/ Yoast SEO plugin. -->","yoast_head_json":{"title":"\u00c0 propos de nous - Canadian Association of Sergeants-at-Arms - Association canadienne des Sergents d&#039;armes","robots":{"index":"index","follow":"follow","max-snippet":"max-snippet:-1","max-image-preview":"max-image-preview:large","max-video-preview":"max-video-preview:-1"},"canonical":"https:\/\/casaa-acsa.org\/fr\/a-propos-de-nous\/","og_locale":"fr_FR","og_type":"article","og_title":"\u00c0 propos de nous - Canadian Association of Sergeants-at-Arms - Association canadienne des Sergents d&#039;armes","og_description":"L\u2019Association a \u00e9t\u00e9 officiellement constitu\u00e9e le 29\u00a0avril\u00a02010. Nos membres L\u2019Association est compos\u00e9e de tous les sergents d\u2019armes et chefs de la s\u00e9curit\u00e9 de toutes les assembl\u00e9es l\u00e9gislatives canadiennes. Elle entretient des relations \u00e9troites avec ses homologues des assembl\u00e9es l\u00e9gislatives nationales des partenaires du Canada au sein de l\u2019alliance de renseignement Five Eyes (\u00c9tats-Unis, Royaume-Uni, Australie [&hellip;]","og_url":"https:\/\/casaa-acsa.org\/fr\/a-propos-de-nous\/","og_site_name":"Canadian Association of Sergeants-at-Arms - Association canadienne des Sergents d&#039;armes","article_modified_time":"2025-05-14T11:54:33+00:00","twitter_card":"summary_large_image","twitter_misc":{"Dur\u00e9e de lecture estim\u00e9e":"3 minutes"},"schema":{"@context":"https:\/\/schema.org","@graph":[{"@type":"WebPage","@id":"https:\/\/casaa-acsa.org\/fr\/a-propos-de-nous\/","url":"https:\/\/casaa-acsa.org\/fr\/a-propos-de-nous\/","name":"\u00c0 propos de nous - Canadian Association of Sergeants-at-Arms - Association canadienne des Sergents d&#039;armes","isPartOf":{"@id":"https:\/\/casaa-acsa.org\/#website"},"datePublished":"2020-12-30T16:36:05+00:00","dateModified":"2025-05-14T11:54:33+00:00","breadcrumb":{"@id":"https:\/\/casaa-acsa.org\/fr\/a-propos-de-nous\/#breadcrumb"},"inLanguage":"fr-FR","potentialAction":[{"@type":"ReadAction","target":["https:\/\/casaa-acsa.org\/fr\/a-propos-de-nous\/"]}]},{"@type":"BreadcrumbList","@id":"https:\/\/casaa-acsa.org\/fr\/a-propos-de-nous\/#breadcrumb","itemListElement":[{"@type":"ListItem","position":1,"name":"Home","item":"https:\/\/casaa-acsa.org\/fr\/"},{"@type":"ListItem","position":2,"name":"\u00c0 propos de nous"}]},{"@type":"WebSite","@id":"https:\/\/casaa-acsa.org\/#website","url":"https:\/\/casaa-acsa.org\/","name":"Canadian Association of Sergeants-at-Arms - Association canadienne des Sergents d&#039;armes","description":"","potentialAction":[{"@type":"SearchAction","target":{"@type":"EntryPoint","urlTemplate":"https:\/\/casaa-acsa.org\/?s={search_term_string}"},"query-input":{"@type":"PropertyValueSpecification","valueRequired":true,"valueName":"search_term_string"}}],"inLanguage":"fr-FR"}]}},"_links":{"self":[{"href":"https:\/\/casaa-acsa.org\/fr\/wp-json\/wp\/v2\/pages\/2491","targetHints":{"allow":["GET"]}}],"collection":[{"href":"https:\/\/casaa-acsa.org\/fr\/wp-json\/wp\/v2\/pages"}],"about":[{"href":"https:\/\/casaa-acsa.org\/fr\/wp-json\/wp\/v2\/types\/page"}],"author":[{"embeddable":true,"href":"https:\/\/casaa-acsa.org\/fr\/wp-json\/wp\/v2\/users\/2"}],"replies":[{"embeddable":true,"href":"https:\/\/casaa-acsa.org\/fr\/wp-json\/wp\/v2\/comments?post=2491"}],"version-history":[{"count":0,"href":"https:\/\/casaa-acsa.org\/fr\/wp-json\/wp\/v2\/pages\/2491\/revisions"}],"wp:attachment":[{"href":"https:\/\/casaa-acsa.org\/fr\/wp-json\/wp\/v2\/media?parent=2491"}],"curies":[{"name":"wp","href":"https:\/\/api.w.org\/{rel}","templated":true}]}}