{"id":2490,"date":"2016-03-07T10:45:21","date_gmt":"2016-03-07T10:45:21","guid":{"rendered":"https:\/\/casaaprod.wpengine.com\/home\/"},"modified":"2023-09-27T15:22:36","modified_gmt":"2023-09-27T15:22:36","slug":"home","status":"publish","type":"page","link":"https:\/\/casaa-acsa.org\/fr\/","title":{"rendered":"Accueil"},"content":{"rendered":"<p><section  id=\"section-69feb85895600\" class=\"fw-main-row   auto \"  style=\"  \"  >\r\n    <div >\r\n        <div class=\"fw-container-fluid no-spacing\">\r\n\t\t\t<div class=\"fw-row\">\n\t\r\n\r\n\r\n<div id=\"column-69feb858957b2\" class=\"none  fw-col-sm-12      wow \" data-wow-offset=\"120\" data-wow-duration=\"1.5s\" style=\"  \">\r\n        <div class=\"fw-main-row\"  style=\"\">\r\n        <div class=\"fw-col-inner\">\r\n            <p>\n\t\t\t<!-- START home (fr) REVOLUTION SLIDER 6.2.10 --><p class=\"rs-p-wp-fix\"><\/p>\n\t\t\t<rs-module-wrap id=\"rev_slider_2_1_wrapper\" data-source=\"gallery\" style=\"background:transparent;padding:0;margin:0px auto;margin-top:0;margin-bottom:0;\">\n\t\t\t\t<rs-module id=\"rev_slider_2_1\" style=\"\" data-version=\"6.2.10\">\n\t\t\t\t\t<rs-slides>\n\t\t\t\t\t\t<rs-slide data-key=\"rs-4\" data-title=\"Slide\" data-thumb=\"\/\/casaaprod.wpengine.com\/wp-content\/uploads\/2020\/05\/HOC-2019-1204-MG-01-006-1-scaled.jpg\" data-duration=\"10000\" data-anim=\"ei:d,d;eo:d,d;s:d,d;r:0,0;t:fade,fade;sl:d,d;\">\n\t\t\t\t\t\t\t<img loading=\"lazy\" decoding=\"async\" src=\"\/\/casaa-acsa.org\/wp-content\/plugins\/revslider\/public\/assets\/assets\/dummy.png\" title=\"Sergeant at arms,  Sword, Presentation\" width=\"2560\" height=\"1707\" data-lazyload=\"\/\/casaaprod.wpengine.com\/wp-content\/uploads\/2020\/05\/HOC-2019-1204-MG-01-006-1-scaled.jpg\" data-panzoom=\"d:10000;ss:100;se:115%;os:150px\/0;oe:0px\/0;\" class=\"rev-slidebg\" data-no-retina>\n<!---->\t\t\t\t\t\t<\/rs-slide>\n\t\t\t\t\t\t<rs-slide data-key=\"rs-5\" data-title=\"Slide\" data-thumb=\"\/\/casaaprod.wpengine.com\/wp-content\/uploads\/2021\/01\/Alberta-Mace.jpg\" data-duration=\"10000\" data-anim=\"ei:d;eo:d;s:d,d;r:0,0;t:fade,fade;sl:d,d;\">\n\t\t\t\t\t\t\t<img loading=\"lazy\" decoding=\"async\" src=\"\/\/casaa-acsa.org\/wp-content\/plugins\/revslider\/public\/assets\/assets\/dummy.png\" title=\"Alberta Mace\" width=\"1750\" height=\"1000\" data-lazyload=\"\/\/casaaprod.wpengine.com\/wp-content\/uploads\/2021\/01\/Alberta-Mace.jpg\" data-panzoom=\"d:10000;ss:100;se:115;os:150px\/0;oe:0px\/0;\" class=\"rev-slidebg\" data-no-retina>\n<!---->\t\t\t\t\t\t<\/rs-slide>\n\t\t\t\t\t\t<rs-slide data-key=\"rs-6\" data-title=\"Slide\" data-thumb=\"\/\/casaaprod.wpengine.com\/wp-content\/uploads\/2021\/01\/BC-Mace.jpg\" data-duration=\"10000\" data-anim=\"ei:d;eo:d;s:d,d;r:0,0;t:fade,fade;sl:d,d;\">\n\t\t\t\t\t\t\t<img loading=\"lazy\" decoding=\"async\" src=\"\/\/casaa-acsa.org\/wp-content\/plugins\/revslider\/public\/assets\/assets\/dummy.png\" title=\"BC Mace\" width=\"1838\" height=\"1227\" data-lazyload=\"\/\/casaaprod.wpengine.com\/wp-content\/uploads\/2021\/01\/BC-Mace.jpg\" data-panzoom=\"d:10000;ss:100;se:115;oe:150\/0;\" class=\"rev-slidebg\" data-no-retina>\n<!---->\t\t\t\t\t\t<\/rs-slide>\n\t\t\t\t\t<\/rs-slides>\n\t\t\t\t\t<rs-static-layers><!--\n\n\t\t\t\t\t\t\t--><rs-layer\n\t\t\t\t\t\t\t\tid=\"slider-2-slide-2-layer-20\" \n\t\t\t\t\t\t\t\tclass=\"rev-slider-text rs-layer-static\"\n\t\t\t\t\t\t\t\tdata-type=\"text\"\n\t\t\t\t\t\t\t\tdata-xy=\"xo:232px,100px,34px,18px;y:m;yo:-143px,-140px,-134px,-98px;\"\n\t\t\t\t\t\t\t\tdata-text=\"s:76,72,57,36;l:95,60,59,43;fw:800;a:inherit;\"\n\t\t\t\t\t\t\t\tdata-onslides=\"s:1;\"\n\t\t\t\t\t\t\t\tdata-frame_0=\"x:0,0px,0px,0px;y:80px,70px,52px,52px;o:1;\"\n\t\t\t\t\t\t\t\tdata-frame_0_chars=\"x:80px,70px,52px,52px;o:0;rZ:0deg;\"\n\t\t\t\t\t\t\t\tdata-frame_1=\"x:0,0px,0px,0px;y:0,0px,0px,0px;e:power4.out;st:1240;sp:750;sR:2040;\"\n\t\t\t\t\t\t\t\tdata-frame_1_chars=\"e:power4.out;d:10;x:0,0px,0px,0px;y:0,0px,0px,0px;rZ:0deg;\"\n\t\t\t\t\t\t\t\tdata-frame_999=\"o:0;st:w;sR:4530;\"\n\t\t\t\t\t\t\t\tstyle=\"z-index:5;font-family:Metropolis;\"\n\t\t\t\t\t\t\t>Bienvenue \u00e0 \n\t\t\t\t\t\t\t<\/rs-layer><!--\n\n\t\t\t\t\t\t\t--><rs-layer\n\t\t\t\t\t\t\t\tid=\"slider-2-slide-2-layer-21\" \n\t\t\t\t\t\t\t\tclass=\"rev-slider-text rs-layer-static\"\n\t\t\t\t\t\t\t\tdata-type=\"text\"\n\t\t\t\t\t\t\t\tdata-xy=\"xo:236px,100px,34px,20px;y:m;yo:38px,2px,-18px,-19px;\"\n\t\t\t\t\t\t\t\tdata-text=\"s:89,72,57,36;l:95,60,59,43;fw:800;a:inherit;\"\n\t\t\t\t\t\t\t\tdata-dim=\"w:auto,auto,auto,435px;\"\n\t\t\t\t\t\t\t\tdata-onslides=\"s:1;\"\n\t\t\t\t\t\t\t\tdata-frame_0=\"x:0,0px,0px,0px;y:80px,69px,92px,92px;o:1;\"\n\t\t\t\t\t\t\t\tdata-frame_0_chars=\"x:80px,69px,92px,92px;o:0;rZ:0deg;\"\n\t\t\t\t\t\t\t\tdata-frame_1=\"x:0,0px,0px,0px;y:0,0px,0px,0px;e:power4.out;st:1450;sp:700;sR:2250;\"\n\t\t\t\t\t\t\t\tdata-frame_1_chars=\"e:power4.out;d:10;x:0,0px,0px,0px;y:0,0px,0px,0px;rZ:0deg;\"\n\t\t\t\t\t\t\t\tdata-frame_999=\"o:0;st:w;sR:4670;\"\n\t\t\t\t\t\t\t\tstyle=\"z-index:12;font-family:Metropolis;\"\n\t\t\t\t\t\t\t>sergents d'armes \n\t\t\t\t\t\t\t<\/rs-layer><!--\n\n\t\t\t\t\t\t\t--><rs-layer\n\t\t\t\t\t\t\t\tid=\"slider-2-slide-2-layer-22\" \n\t\t\t\t\t\t\t\tclass=\"rev-slider-text rs-layer-static\"\n\t\t\t\t\t\t\t\tdata-type=\"text\"\n\t\t\t\t\t\t\t\tdata-xy=\"xo:232px,100px,34px,20px;y:m;yo:-57px,-68px,-76px,-60px;\"\n\t\t\t\t\t\t\t\tdata-text=\"s:75,72,57,36;l:95,60,59,43;fw:800;a:inherit;\"\n\t\t\t\t\t\t\t\tdata-dim=\"w:auto,auto,auto,435px;\"\n\t\t\t\t\t\t\t\tdata-onslides=\"s:1;\"\n\t\t\t\t\t\t\t\tdata-frame_0=\"x:0,0px,0px,0px;y:80px,69px,92px,92px;o:1;\"\n\t\t\t\t\t\t\t\tdata-frame_0_chars=\"x:80px,69px,92px,92px;o:0;rZ:0deg;\"\n\t\t\t\t\t\t\t\tdata-frame_1=\"x:0,0px,0px,0px;y:0,0px,0px,0px;e:power4.out;st:1450;sp:700;sR:2250;\"\n\t\t\t\t\t\t\t\tdata-frame_1_chars=\"e:power4.out;d:10;x:0,0px,0px,0px;y:0,0px,0px,0px;rZ:0deg;\"\n\t\t\t\t\t\t\t\tdata-frame_999=\"o:0;st:w;sR:4670;\"\n\t\t\t\t\t\t\t\tstyle=\"z-index:11;font-family:Metropolis;\"\n\t\t\t\t\t\t\t>l'Association canadienne des \n\t\t\t\t\t\t\t<\/rs-layer><!--\n\n\t\t\t\t\t\t\t--><rs-layer\n\t\t\t\t\t\t\t\tid=\"slider-2-slide-2-layer-23\" \n\t\t\t\t\t\t\t\tclass=\"rs-layer-static\"\n\t\t\t\t\t\t\t\tdata-type=\"text\"\n\t\t\t\t\t\t\t\tdata-xy=\"xo:240px,100px,36px,16px;yo:559px,448px,303px,218px;\"\n\t\t\t\t\t\t\t\tdata-text=\"w:normal;s:18,18,20,17;l:28,28,31,26;fw:300;a:inherit;\"\n\t\t\t\t\t\t\t\tdata-dim=\"w:795px,854px,708px,457px;h:auto,auto,auto,132px;\"\n\t\t\t\t\t\t\t\tdata-rsp_bd=\"off\"\n\t\t\t\t\t\t\t\tdata-onslides=\"s:1;\"\n\t\t\t\t\t\t\t\tdata-frame_0=\"y:100%;\"\n\t\t\t\t\t\t\t\tdata-frame_0_mask=\"u:t;y:100%;\"\n\t\t\t\t\t\t\t\tdata-frame_1=\"x:0,0,0px,0px;y:0,0,0px,0px;e:power4.inOut;st:1720;sp:800;sR:2520;\"\n\t\t\t\t\t\t\t\tdata-frame_1_mask=\"u:t;x:0,0,0px,0px;y:0,0,0px,0px;\"\n\t\t\t\t\t\t\t\tdata-frame_999=\"o:0;st:w;sR:6010;\"\n\t\t\t\t\t\t\t\tstyle=\"z-index:10;font-family:Metropolis;\"\n\t\t\t\t\t\t\t>Vous y d\u00e9couvrirez l\u2019Association canadienne des sergents d\u2019armes ainsi que l\u2019\u00e9volution du r\u00f4le du sergent d\u2019armes \u00e0 tous les niveaux du Parlement canadien. \n\t\t\t\t\t\t\t<\/rs-layer><!--\n\n\t\t\t\t\t\t\t--><rs-layer\n\t\t\t\t\t\t\t\tid=\"slider-2-slide-2-layer-24\" \n\t\t\t\t\t\t\t\tclass=\"offset_top rs-layer-static\"\n\t\t\t\t\t\t\t\tdata-type=\"text\"\n\t\t\t\t\t\t\t\tdata-xy=\"xo:240px,100px,67px,42px;yo:470px,414px,276px,209px;\"\n\t\t\t\t\t\t\t\tdata-text=\"w:nowrap,nowrap,nowrap,normal;s:18,18,18,17;l:28,28,28,26;fw:300;a:inherit;\"\n\t\t\t\t\t\t\t\tdata-rsp_bd=\"off\"\n\t\t\t\t\t\t\t\tdata-onslides=\"s:1;\"\n\t\t\t\t\t\t\t\tdata-frame_0=\"y:100%;\"\n\t\t\t\t\t\t\t\tdata-frame_1=\"e:power4.inOut;st:1930;sp:800;sR:2730;\"\n\t\t\t\t\t\t\t\tdata-frame_999=\"o:0;st:w;sR:5800;\"\n\t\t\t\t\t\t\t\tstyle=\"z-index:9;font-family:Metropolis;\"\n\t\t\t\t\t\t\t>\n\n \n\t\t\t\t\t\t\t<\/rs-layer><!--\n\n\t\t\t\t\t\t\t--><rs-layer\n\t\t\t\t\t\t\t\tid=\"slider-2-slide-2-layer-34\" \n\t\t\t\t\t\t\t\tclass=\"offset_top_1 padding_responsive rev-btn rs-layer-static\"\n\t\t\t\t\t\t\t\tdata-type=\"button\"\n\t\t\t\t\t\t\t\tdata-color=\"rgba(255,255,255,1)\"\n\t\t\t\t\t\t\t\tdata-xy=\"xo:240px,100px,36px,19px;yo:677px,532px,371px,318px;\"\n\t\t\t\t\t\t\t\tdata-text=\"s:14;l:16;fw:800;a:inherit;\"\n\t\t\t\t\t\t\t\tdata-actions='o:click;a:simplelink;target:_self;url:\/fr\/a-propos-de-nous\/;'\n\t\t\t\t\t\t\t\tdata-rsp_bd=\"off\"\n\t\t\t\t\t\t\t\tdata-onslides=\"s:1;\"\n\t\t\t\t\t\t\t\tdata-padding=\"t:27,27,27,19;r:45,45,45,30;b:27,27,27,19;l:45,45,45,30;\"\n\t\t\t\t\t\t\t\tdata-frame_1=\"e:power4.inOut;st:2230;sp:1200;sR:3030;\"\n\t\t\t\t\t\t\t\tdata-frame_1_sfx=\"se:blocktoright;\"\n\t\t\t\t\t\t\t\tdata-frame_999=\"o:0;st:w;sR:5080;\"\n\t\t\t\t\t\t\t\tdata-frame_hover=\"bgc:#00b8f4;boc:#000;bor:0px,0px,0px,0px;bos:solid;oX:50;oY:50;sp:0;\"\n\t\t\t\t\t\t\t\tstyle=\"z-index:8;background-color:#ff1000;font-family:Metropolis;cursor:pointer;outline:none;box-shadow:none;box-sizing:border-box;-moz-box-sizing:border-box;-webkit-box-sizing:border-box;\"\n\t\t\t\t\t\t\t>\u00c0 propos de nous \n\t\t\t\t\t\t\t<\/rs-layer><!--\n\t\t\t\t\t--><\/rs-static-layers>\n\t\t\t\t<\/rs-module>\n\t\t\t\t<script type=\"text\/javascript\">\n\t\t\t\t\tsetREVStartSize({c: 'rev_slider_2_1',rl:[1240,1024,778,480],el:[882,768,540,420],gw:[1920,1320,778,480],gh:[882,768,540,420],type:'standard',justify:'',layout:'fullwidth',mh:\"380px\"});\n\t\t\t\t\tvar\trevapi2,\n\t\t\t\t\t\ttpj;\n\t\t\t\t\tjQuery(function() {\n\t\t\t\t\t\ttpj = jQuery;\n\t\t\t\t\t\trevapi2 = tpj(\"#rev_slider_2_1\")\n\t\t\t\t\t\tif(revapi2==undefined || revapi2.revolution == undefined){\n\t\t\t\t\t\t\trevslider_showDoubleJqueryError(\"rev_slider_2_1\");\n\t\t\t\t\t\t}else{\n\t\t\t\t\t\t\trevapi2.revolution({\n\t\t\t\t\t\t\t\tsliderLayout:\"fullwidth\",\n\t\t\t\t\t\t\t\tvisibilityLevels:\"1240,1024,778,480\",\n\t\t\t\t\t\t\t\tgridwidth:\"1920,1320,778,480\",\n\t\t\t\t\t\t\t\tgridheight:\"882,768,540,420\",\n\t\t\t\t\t\t\t\tminHeight:\"380px\",\n\t\t\t\t\t\t\t\tstartDelay:\"1400ms\",\n\t\t\t\t\t\t\t\tlazyType:\"all\",\n\t\t\t\t\t\t\t\tspinner:\"spinner3\",\n\t\t\t\t\t\t\t\tperspective:600,\n\t\t\t\t\t\t\t\tperspectiveType:\"local\",\n\t\t\t\t\t\t\t\teditorheight:\"882,768,540,420\",\n\t\t\t\t\t\t\t\tresponsiveLevels:\"1240,1024,778,480\",\n\t\t\t\t\t\t\t\tprogressBar:{disableProgressBar:true},\n\t\t\t\t\t\t\t\tnavigation: {\n\t\t\t\t\t\t\t\t\tmouseScrollNavigation:false,\n\t\t\t\t\t\t\t\t\tonHoverStop:false,\n\t\t\t\t\t\t\t\t\ttouch: {\n\t\t\t\t\t\t\t\t\t\ttouchenabled:true,\n\t\t\t\t\t\t\t\t\t\ttouchOnDesktop:true\n\t\t\t\t\t\t\t\t\t},\n\t\t\t\t\t\t\t\t\tarrows: {\n\t\t\t\t\t\t\t\t\t\tenable:true,\n\t\t\t\t\t\t\t\t\t\tstyle:\"hesperiden\",\n\t\t\t\t\t\t\t\t\t\thide_onmobile:true,\n\t\t\t\t\t\t\t\t\t\thide_under:767,\n\t\t\t\t\t\t\t\t\t\tleft: {\n\t\t\t\t\t\t\t\t\t\t\th_offset:50\n\t\t\t\t\t\t\t\t\t\t},\n\t\t\t\t\t\t\t\t\t\tright: {\n\t\t\t\t\t\t\t\t\t\t\th_offset:50\n\t\t\t\t\t\t\t\t\t\t}\n\t\t\t\t\t\t\t\t\t},\n\t\t\t\t\t\t\t\t\tbullets: {\n\t\t\t\t\t\t\t\t\t\tenable:true,\n\t\t\t\t\t\t\t\t\t\ttmp:\"\",\n\t\t\t\t\t\t\t\t\t\tstyle:\"hesperiden\",\n\t\t\t\t\t\t\t\t\t\thide_over:766,\n\t\t\t\t\t\t\t\t\t\tspace:7\n\t\t\t\t\t\t\t\t\t}\n\t\t\t\t\t\t\t\t},\n\t\t\t\t\t\t\t\tfallbacks: {\n\t\t\t\t\t\t\t\t\tallowHTML5AutoPlayOnAndroid:true\n\t\t\t\t\t\t\t\t},\n\t\t\t\t\t\t\t});\n\t\t\t\t\t\t}\n\t\t\t\t\t\t\n\t\t\t\t\t});\n\t\t\t\t<\/script>\n\t\t\t\t<script>\n\t\t\t\t\tvar htmlDivCss = '\t#rev_slider_2_1_wrapper rs-loader.spinner3 div { background-color: #00b8f4 !important; } ';\n\t\t\t\t\tvar htmlDiv = document.getElementById('rs-plugin-settings-inline-css');\n\t\t\t\t\tif(htmlDiv) {\n\t\t\t\t\t\thtmlDiv.innerHTML = htmlDiv.innerHTML + htmlDivCss;\n\t\t\t\t\t}else{\n\t\t\t\t\t\tvar htmlDiv = document.createElement('div');\n\t\t\t\t\t\thtmlDiv.innerHTML = '<style>' + htmlDivCss + '<\/style>';\n\t\t\t\t\t\tdocument.getElementsByTagName('head')[0].appendChild(htmlDiv.childNodes[0]);\n\t\t\t\t\t}\n\t\t\t\t<\/script>\n\t\t\t\t<script>\n\t\t\t\t\tvar htmlDivCss = unescape(\"%23rev_slider_2_1_wrapper%20.hesperiden.tparrows%20%7B%0A%09cursor%3Apointer%3B%0A%09background%3Argba%280%2C0%2C0%2C0.5%29%3B%0A%09width%3A53px%3B%0A%09height%3A53px%3B%0A%09position%3Aabsolute%3B%0A%09display%3Ablock%3B%0A%09z-index%3A1000%3B%0A%20%20%20%20border-radius%3A%2050%25%3B%0A%7D%0A%23rev_slider_2_1_wrapper%20.hesperiden.tparrows%3Ahover%20%7B%0A%09background%3A%23ff1000%3B%0A%7D%0A%23rev_slider_2_1_wrapper%20.hesperiden.tparrows%3Abefore%20%7B%0A%09font-family%3A%20%27revicons%27%3B%0A%09font-size%3A20px%3B%0A%09color%3A%23ffffff%3B%0A%09display%3Ablock%3B%0A%09line-height%3A%2053px%3B%0A%09text-align%3A%20center%3B%0A%7D%0A%23rev_slider_2_1_wrapper%20.hesperiden.tparrows.tp-leftarrow%3Abefore%20%7B%0A%09content%3A%20%27%5Ce82c%27%3B%0A%20%20%20%20margin-left%3A-3px%3B%0A%7D%0A%23rev_slider_2_1_wrapper%20.hesperiden.tparrows.tp-rightarrow%3Abefore%20%7B%0A%09content%3A%20%27%5Ce82d%27%3B%0A%20%20%20%20margin-right%3A-3px%3B%0A%7D%0A%23rev_slider_2_1_wrapper%20.hesperiden.tp-bullets%20%7B%0A%7D%0A%23rev_slider_2_1_wrapper%20.hesperiden.tp-bullets%3Abefore%20%7B%0A%09content%3A%27%20%27%3B%0A%09position%3Aabsolute%3B%0A%09width%3A100%25%3B%0A%09height%3A100%25%3B%0A%09background%3Atransparent%3B%0A%09padding%3A10px%3B%0A%09margin-left%3A-10px%3Bmargin-top%3A-10px%3B%0A%09box-sizing%3Acontent-box%3B%0A%20%20%20border-radius%3A8px%3B%0A%20%20%0A%7D%0A%23rev_slider_2_1_wrapper%20.hesperiden%20.tp-bullet%20%7B%0A%09width%3A10px%3B%0A%09height%3A10px%3B%0A%09position%3Aabsolute%3B%0A%09background%3A%20%23ffffff%3B%20%2F%2A%20old%20browsers%20%2A%2F%0A%20%20%20%20background%3A%20-moz-linear-gradient%28top%2C%20%20%23ffffff%200%25%2C%20%23ffffff%20100%25%29%3B%20%2F%2A%20ff3.6%2B%20%2A%2F%0A%20%20%20%20background%3A%20-webkit-linear-gradient%28top%2C%20%20%23ffffff%200%25%2C%23ffffff%20100%25%29%3B%20%2F%2A%20chrome10%2B%2Csafari5.1%2B%20%2A%2F%0A%20%20%20%20background%3A%20-o-linear-gradient%28top%2C%20%20%23ffffff%200%25%2C%23ffffff%20100%25%29%3B%20%2F%2A%20opera%2011.10%2B%20%2A%2F%0A%20%20%20%20background%3A%20-ms-linear-gradient%28top%2C%20%20%23ffffff%200%25%2C%23ffffff%20100%25%29%3B%20%2F%2A%20ie10%2B%20%2A%2F%0A%20%20%20%20background%3A%20linear-gradient%28to%20bottom%2C%20%20%23ffffff%200%25%2C%23ffffff%20100%25%29%3B%20%2F%2A%20w3c%20%2A%2F%0A%20%20%20%20filter%3A%20progid%3Adximagetransform.microsoft.gradient%28%20%0A%20%20%20%20startcolorstr%3D%27%23ffffff%27%2C%20endcolorstr%3D%27%23ffffff%27%2Cgradienttype%3D0%20%29%3B%20%2F%2A%20ie6-9%20%2A%2F%0A%09border%3A0px%20solid%20%23ffffff%3B%0A%09border-radius%3A50%25%3B%0A%09cursor%3A%20pointer%3B%0A%09box-sizing%3Acontent-box%3B%0A%7D%0A%23rev_slider_2_1_wrapper%20.hesperiden%20.tp-bullet%3Ahover%2C%0A%23rev_slider_2_1_wrapper%20.hesperiden%20.tp-bullet.selected%20%7B%0A%09background%3A%2300b8f4%3B%0A%7D%0A%23rev_slider_2_1_wrapper%20.hesperiden%20.tp-bullet-image%20%7B%0A%7D%0A%23rev_slider_2_1_wrapper%20.hesperiden%20.tp-bullet-title%20%7B%0A%7D%0A%0A\");\n\t\t\t\t\tvar htmlDiv = document.getElementById('rs-plugin-settings-inline-css');\n\t\t\t\t\tif(htmlDiv) {\n\t\t\t\t\t\thtmlDiv.innerHTML = htmlDiv.innerHTML + htmlDivCss;\n\t\t\t\t\t}else{\n\t\t\t\t\t\tvar htmlDiv = document.createElement('div');\n\t\t\t\t\t\thtmlDiv.innerHTML = '<style>' + htmlDivCss + '<\/style>';\n\t\t\t\t\t\tdocument.getElementsByTagName('head')[0].appendChild(htmlDiv.childNodes[0]);\n\t\t\t\t\t}\n\t\t\t\t<\/script>\n\t\t\t\t<script>\n\t\t\t\t\tvar htmlDivCss = unescape(\"%0A%0A%0A%0A%0A%0A\");\n\t\t\t\t\tvar htmlDiv = document.getElementById('rs-plugin-settings-inline-css');\n\t\t\t\t\tif(htmlDiv) {\n\t\t\t\t\t\thtmlDiv.innerHTML = htmlDiv.innerHTML + htmlDivCss;\n\t\t\t\t\t}else{\n\t\t\t\t\t\tvar htmlDiv = document.createElement('div');\n\t\t\t\t\t\thtmlDiv.innerHTML = '<style>' + htmlDivCss + '<\/style>';\n\t\t\t\t\t\tdocument.getElementsByTagName('head')[0].appendChild(htmlDiv.childNodes[0]);\n\t\t\t\t\t}\n\t\t\t\t<\/script>\n\t\t\t<\/rs-module-wrap>\n\t\t\t<!-- END REVOLUTION SLIDER -->\n<\/p>        <\/div>\r\n    <\/div>\r\n<\/div><\/div>\n\n        <\/div>\r\n    <\/div>\r\n<\/section>\r\n<section  id=\"section-69feb8589f212\" class=\"fw-main-row   auto \"  style=\"  \"  >\r\n    <div >\r\n        <div class=\"fw-container sections\">\r\n\t\t\t<div class=\"fw-row\">\n\t\r\n\r\n\r\n<div id=\"column-69feb8589f3ea\" class=\"none  fw-col-sm-12      wow \" data-wow-offset=\"120\" data-wow-duration=\"1.5s\" style=\"  \">\r\n        <div class=\"fw-main-row\"  style=\"\">\r\n        <div class=\"fw-col-inner\">\r\n            \r\n<div class=\"fw-heading heading fw-heading-h2 fw-heading-center  \" style=\" color:\">\r\n        <div class=\"\"><h2 class='fw-special-title'>Qui nous sommes?<\/h2><\/div>\r\n\r\n        <div class=\"\"><h6 class='fw-special-subtitle'>Notre association compte parmi ses membres les sergents d\u2019armes de chacune des l\u00e9gislatures provinciales et territoriales du Canada, ainsi que le sergent d\u2019armes de la Chambre des communes du Canada et l\u2019huissier du b\u00e2ton noir du S\u00e9nat du Canada.<\/h6><\/div>\r\n<\/div>\r\n\r\n\r\n\r\n        <\/div>\r\n    <\/div>\r\n<\/div><\/div>\n\n        <\/div>\r\n    <\/div>\r\n<\/section>\r\n<section  id=\"section-69feb8589f530\" class=\"fw-main-row   auto \"  style=\"background-color:#525e6c;  \"  >\r\n    <div >\r\n        <div class=\"fw-container sections\">\r\n\t\t\t<div class=\"fw-row\">\n\t\r\n\r\n\r\n<div id=\"column-69feb8589f6d6\" class=\"none  fw-col-sm-12      wow \" data-wow-offset=\"120\" data-wow-duration=\"1.5s\" style=\"  color:#ffffff\">\r\n        <div class=\"fw-main-row\"  style=\"\">\r\n        <div class=\"fw-col-inner\">\r\n            \r\n\r\n    <div class=\"col-md-10 col-md-offset-1 outline no-border y-middle\">\r\n        <div class=\"col-md-7\">\r\n                            <h4>D\u00e9couvrez l\u2019histoire de la tradition parlementaire<\/h4>\r\n                        <p class=\"m-b-0\">Visionnez une s\u00e9lection de photos de nos l\u00e9gislatures respectives.<\/p>\r\n        <\/div>\r\n        <div class=\"col-md-5 text-center\">\r\n            <a target=\"_self\" href=\"\/fr\/galerie\/\" class=\"btn btn-shadow btn-ghost btn-md text-uppercase\"> Galerie<\/a>\r\n        <\/div>                            \r\n    <\/div>\r\n        <\/div>\r\n    <\/div>\r\n<\/div><\/div>\n\n        <\/div>\r\n    <\/div>\r\n<\/section>\r\n<section  id=\"section-69feb8589f8bf\" class=\"fw-main-row   auto \"  style=\"  \"  >\r\n    <div >\r\n        <div class=\"fw-container sections\">\r\n\t\t\t<div class=\"fw-row\">\n\t\r\n\r\n\r\n<div id=\"column-69feb8589fa98\" class=\"none  fw-col-sm-6      wow \" data-wow-offset=\"120\" data-wow-duration=\"1.5s\" style=\"  \">\r\n        <div class=\"fw-main-row\"  style=\"\">\r\n        <div class=\"fw-col-inner\">\r\n            <div class=\"fw-divider-space space-md\"  ><\/div>\r\n<div class=\"fw-heading heading fw-heading-h2   \" style=\" color:\">\r\n        <div class=\"fw-special-title-half\"><h2 class='fw-special-title'>Saviez-vous?<\/h2><\/div>\r\n\r\n        <div class=\"fw-special-subtitle-half\"><h6 class='fw-special-subtitle'>Que le sergent d\u2019armes et huissier du b\u00e2ton noir, dans le cadre de leurs fonctions c\u00e9r\u00e9monielles, portent des objets patrimoniaux d\u2019importance historique?<\/h6><\/div>\r\n<\/div>\r\n\r\n\r\n\r\n<p>Sur la photo&nbsp;: L\u2019\u00e9p\u00e9e du sergent d\u2019armes est le deuxi\u00e8me objet le plus ancien de la collection patrimoniale de la Chambre des communes.<\/p>\r\n\r\n\r\n\r\n\r\n     \r\n    \r\n        <a target=\"_self\" href=\"\/fr\/objets-de-ceremonie-sa\/\" class=\"btn btn-lg btn-self btn-green text-uppercase\">  En savoir plus<\/a>\r\n        \r\n        <\/div>\r\n    <\/div>\r\n<\/div>\r\n\r\n\r\n<div id=\"column-69feb8589fcea\" class=\"none  fw-col-sm-6      wow \" data-wow-offset=\"120\" data-wow-duration=\"1.5s\" style=\"  \">\r\n        <div class=\"fw-main-row\"  style=\"\">\r\n        <div class=\"fw-col-inner\">\r\n            <div class=\"fw-single-image \" >\r\n\t\t    <img decoding=\"async\" src=\"\/\/casaaprod.wpengine.com\/wp-content\/uploads\/2020\/05\/HOC-2019-1204-MG-01-006-1-scaled.jpg\" class=\"img-responsive self\" alt=\"\"  \/>\r\n\t<\/div>        <\/div>\r\n    <\/div>\r\n<\/div><\/div>\n\n        <\/div>\r\n    <\/div>\r\n<\/section>\r\n<\/p>\n","protected":false},"excerpt":{"rendered":"<p>Bienvenue \u00e0 sergents d&rsquo;armes l&rsquo;Association canadienne des Vous y d\u00e9couvrirez l\u2019Association canadienne des sergents d\u2019armes ainsi que l\u2019\u00e9volution du r\u00f4le du sergent d\u2019armes \u00e0 tous les niveaux du Parlement canadien. \u00c0 propos de nous Qui nous sommes? Notre association compte parmi ses membres les sergents d\u2019armes de chacune des l\u00e9gislatures provinciales et territoriales du Canada, [&hellip;]<\/p>\n","protected":false},"author":1,"featured_media":0,"parent":0,"menu_order":0,"comment_status":"closed","ping_status":"closed","template":"template\/template-homepage_multi.php","meta":{"_acf_changed":false,"ngg_post_thumbnail":0,"footnotes":""},"class_list":["post-2490","page","type-page","status-publish","hentry"],"acf":[],"yoast_head":"<!-- This site is optimized with the Yoast SEO plugin v26.4 - https:\/\/yoast.com\/wordpress\/plugins\/seo\/ -->\n<title>Accueil - Canadian Association of Sergeants-at-Arms - Association canadienne des Sergents d&#039;armes<\/title>\n<meta name=\"robots\" content=\"index, follow, max-snippet:-1, max-image-preview:large, max-video-preview:-1\" \/>\n<link rel=\"canonical\" href=\"https:\/\/casaa-acsa.org\/fr\/\" \/>\n<meta property=\"og:locale\" content=\"fr_FR\" \/>\n<meta property=\"og:type\" content=\"article\" \/>\n<meta property=\"og:title\" content=\"Accueil - Canadian Association of Sergeants-at-Arms - Association canadienne des Sergents d&#039;armes\" \/>\n<meta property=\"og:description\" content=\"Bienvenue \u00e0 sergents d&#039;armes l&#039;Association canadienne des Vous y d\u00e9couvrirez l\u2019Association canadienne des sergents d\u2019armes ainsi que l\u2019\u00e9volution du r\u00f4le du sergent d\u2019armes \u00e0 tous les niveaux du Parlement canadien. \u00c0 propos de nous Qui nous sommes? Notre association compte parmi ses membres les sergents d\u2019armes de chacune des l\u00e9gislatures provinciales et territoriales du Canada, [&hellip;]\" \/>\n<meta property=\"og:url\" content=\"https:\/\/casaa-acsa.org\/fr\/\" \/>\n<meta property=\"og:site_name\" content=\"Canadian Association of Sergeants-at-Arms - Association canadienne des Sergents d&#039;armes\" \/>\n<meta property=\"article:modified_time\" content=\"2023-09-27T15:22:36+00:00\" \/>\n<meta name=\"twitter:card\" content=\"summary_large_image\" \/>\n<meta name=\"twitter:label1\" content=\"Dur\u00e9e de lecture estim\u00e9e\" \/>\n\t<meta name=\"twitter:data1\" content=\"3 minutes\" \/>\n<script type=\"application\/ld+json\" class=\"yoast-schema-graph\">{\"@context\":\"https:\/\/schema.org\",\"@graph\":[{\"@type\":\"WebPage\",\"@id\":\"https:\/\/casaa-acsa.org\/fr\/\",\"url\":\"https:\/\/casaa-acsa.org\/fr\/\",\"name\":\"Accueil - Canadian Association of Sergeants-at-Arms - Association canadienne des Sergents d&#039;armes\",\"isPartOf\":{\"@id\":\"https:\/\/casaa-acsa.org\/#website\"},\"datePublished\":\"2016-03-07T10:45:21+00:00\",\"dateModified\":\"2023-09-27T15:22:36+00:00\",\"breadcrumb\":{\"@id\":\"https:\/\/casaa-acsa.org\/fr\/#breadcrumb\"},\"inLanguage\":\"fr-FR\",\"potentialAction\":[{\"@type\":\"ReadAction\",\"target\":[\"https:\/\/casaa-acsa.org\/fr\/\"]}]},{\"@type\":\"BreadcrumbList\",\"@id\":\"https:\/\/casaa-acsa.org\/fr\/#breadcrumb\",\"itemListElement\":[{\"@type\":\"ListItem\",\"position\":1,\"name\":\"Home\",\"item\":\"https:\/\/casaa-acsa.org\/fr\/\"},{\"@type\":\"ListItem\",\"position\":2,\"name\":\"Accueil\"}]},{\"@type\":\"WebSite\",\"@id\":\"https:\/\/casaa-acsa.org\/#website\",\"url\":\"https:\/\/casaa-acsa.org\/\",\"name\":\"Canadian Association of Sergeants-at-Arms - Association canadienne des Sergents d&#039;armes\",\"description\":\"\",\"potentialAction\":[{\"@type\":\"SearchAction\",\"target\":{\"@type\":\"EntryPoint\",\"urlTemplate\":\"https:\/\/casaa-acsa.org\/?s={search_term_string}\"},\"query-input\":{\"@type\":\"PropertyValueSpecification\",\"valueRequired\":true,\"valueName\":\"search_term_string\"}}],\"inLanguage\":\"fr-FR\"}]}<\/script>\n<!-- \/ Yoast SEO plugin. -->","yoast_head_json":{"title":"Accueil - Canadian Association of Sergeants-at-Arms - Association canadienne des Sergents d&#039;armes","robots":{"index":"index","follow":"follow","max-snippet":"max-snippet:-1","max-image-preview":"max-image-preview:large","max-video-preview":"max-video-preview:-1"},"canonical":"https:\/\/casaa-acsa.org\/fr\/","og_locale":"fr_FR","og_type":"article","og_title":"Accueil - Canadian Association of Sergeants-at-Arms - Association canadienne des Sergents d&#039;armes","og_description":"Bienvenue \u00e0 sergents d'armes l'Association canadienne des Vous y d\u00e9couvrirez l\u2019Association canadienne des sergents d\u2019armes ainsi que l\u2019\u00e9volution du r\u00f4le du sergent d\u2019armes \u00e0 tous les niveaux du Parlement canadien. \u00c0 propos de nous Qui nous sommes? Notre association compte parmi ses membres les sergents d\u2019armes de chacune des l\u00e9gislatures provinciales et territoriales du Canada, [&hellip;]","og_url":"https:\/\/casaa-acsa.org\/fr\/","og_site_name":"Canadian Association of Sergeants-at-Arms - Association canadienne des Sergents d&#039;armes","article_modified_time":"2023-09-27T15:22:36+00:00","twitter_card":"summary_large_image","twitter_misc":{"Dur\u00e9e de lecture estim\u00e9e":"3 minutes"},"schema":{"@context":"https:\/\/schema.org","@graph":[{"@type":"WebPage","@id":"https:\/\/casaa-acsa.org\/fr\/","url":"https:\/\/casaa-acsa.org\/fr\/","name":"Accueil - Canadian Association of Sergeants-at-Arms - Association canadienne des Sergents d&#039;armes","isPartOf":{"@id":"https:\/\/casaa-acsa.org\/#website"},"datePublished":"2016-03-07T10:45:21+00:00","dateModified":"2023-09-27T15:22:36+00:00","breadcrumb":{"@id":"https:\/\/casaa-acsa.org\/fr\/#breadcrumb"},"inLanguage":"fr-FR","potentialAction":[{"@type":"ReadAction","target":["https:\/\/casaa-acsa.org\/fr\/"]}]},{"@type":"BreadcrumbList","@id":"https:\/\/casaa-acsa.org\/fr\/#breadcrumb","itemListElement":[{"@type":"ListItem","position":1,"name":"Home","item":"https:\/\/casaa-acsa.org\/fr\/"},{"@type":"ListItem","position":2,"name":"Accueil"}]},{"@type":"WebSite","@id":"https:\/\/casaa-acsa.org\/#website","url":"https:\/\/casaa-acsa.org\/","name":"Canadian Association of Sergeants-at-Arms - Association canadienne des Sergents d&#039;armes","description":"","potentialAction":[{"@type":"SearchAction","target":{"@type":"EntryPoint","urlTemplate":"https:\/\/casaa-acsa.org\/?s={search_term_string}"},"query-input":{"@type":"PropertyValueSpecification","valueRequired":true,"valueName":"search_term_string"}}],"inLanguage":"fr-FR"}]}},"_links":{"self":[{"href":"https:\/\/casaa-acsa.org\/fr\/wp-json\/wp\/v2\/pages\/2490","targetHints":{"allow":["GET"]}}],"collection":[{"href":"https:\/\/casaa-acsa.org\/fr\/wp-json\/wp\/v2\/pages"}],"about":[{"href":"https:\/\/casaa-acsa.org\/fr\/wp-json\/wp\/v2\/types\/page"}],"author":[{"embeddable":true,"href":"https:\/\/casaa-acsa.org\/fr\/wp-json\/wp\/v2\/users\/1"}],"replies":[{"embeddable":true,"href":"https:\/\/casaa-acsa.org\/fr\/wp-json\/wp\/v2\/comments?post=2490"}],"version-history":[{"count":0,"href":"https:\/\/casaa-acsa.org\/fr\/wp-json\/wp\/v2\/pages\/2490\/revisions"}],"wp:attachment":[{"href":"https:\/\/casaa-acsa.org\/fr\/wp-json\/wp\/v2\/media?parent=2490"}],"curies":[{"name":"wp","href":"https:\/\/api.w.org\/{rel}","templated":true}]}}